{"id":9885,"date":"2024-10-08T15:18:52","date_gmt":"2024-10-08T13:18:52","guid":{"rendered":"https:\/\/antcube.shop\/en\/product\/abdeckung-hybrid-30x30\/"},"modified":"2026-03-31T15:36:01","modified_gmt":"2026-03-31T13:36:01","slug":"hibrit-kapak-30x30","status":"publish","type":"product","link":"https:\/\/antcube.shop\/tr\/urun\/hibrit-kapak-30x30\/","title":{"rendered":"Hibrit kapak 30\u00d730"},"content":{"rendered":"<p>Kar\u0131nca ve Drosophila i\u00e7in g\u00fcvenli cam + paslanmaz \u00e7elik has\u0131r kapak. En k\u00fc\u00e7\u00fck t\u00fcrler bile ince paslanmaz \u00e7elik a\u011fdan ge\u00e7emez ve yaprak kesici kar\u0131ncalar bile onu kesemez.<\/p>\n<p><strong>Boyutlar (LxWxH):<\/strong> 30x30x0,4 cm<br \/>\n<strong>Ba\u011flant\u0131lar:<\/strong> 2x 50mm delik<br \/>\n11,7 x 17,5 cm havaland\u0131rma alan\u0131<\/p>\n<p><strong>Malzeme:<\/strong> d\u00fcz cam, paslanmaz \u00e7elik \u0131zgara<\/p>\n<p><strong>Renk:<\/strong> kristal berrakl\u0131\u011f\u0131nda \/ \u015feffaf<\/p>\n<p><strong>\u0130\u00e7erik:<\/strong><br \/>\n1x kapak hibrit 30\u00d730<br \/>\n1x sabitleme noktalar\u0131 \u00e0 4 adet.<\/p>\n<p><strong>A\u00e7\u0131klama:<\/strong><br \/>\nKa\u00e7\u0131\u015f korumas\u0131 olarak kar\u0131nca arenas\u0131 i\u00e7in cam kapak<\/p>\n<p><strong>Uygulama:<\/strong><br \/>\nCam kar\u0131nca arenas\u0131 \u00f6rt\u00fcs\u00fc bir kar\u0131nca arenas\u0131 \u00fczerine yerle\u015ftirilir ve iklim d\u00fczenlemesi i\u00e7in de kullan\u0131l\u0131r.<br \/>\nHavaland\u0131rma \u0131zgaralar\u0131, ayd\u0131nlatma veya nemlendirme gibi \u00e7e\u015fitli iklim kontrol mod\u00fclleri 50 mm'lik a\u00e7\u0131kl\u0131klara yerle\u015ftirilebilir.<br \/>\nKar\u0131ncalar\u0131n a\u00e7\u0131kl\u0131klardan ka\u00e7mas\u0131n\u0131 \u00f6nlemek i\u00e7in, deliklerin etraf\u0131ndaki alt tarafa bir ka\u00e7\u0131\u015f korumas\u0131 (ya\u011f, toz veya vernik) uygulanmal\u0131d\u0131r.<\/p>\n<p><strong>Not:<\/strong><br \/>\n\u00dcr\u00fcn camdan yap\u0131ld\u0131\u011f\u0131 ve bu nedenle k\u0131r\u0131lgan oldu\u011fu i\u00e7in b\u00fcy\u00fck bir dikkatle kullan\u0131lmal\u0131d\u0131r.<\/p>","protected":false},"excerpt":{"rendered":"<p>Kar\u0131nca ve Drosophila i\u00e7in g\u00fcvenli cam + paslanmaz \u00e7elik has\u0131r kapak. En k\u00fc\u00e7\u00fck t\u00fcrler bile ince paslanmaz \u00e7elik a\u011fdan ge\u00e7emez ve yaprak kesici kar\u0131ncalar bile onu kesemez. Boyutlar (UxGxY): 30x30x0,4 cm Ba\u011flant\u0131lar: 2x 50mm delik 11.7 x 17.5 cm havaland\u0131rma alan\u0131 Malzeme: d\u00fcz cam, paslanmaz \u00e7elik \u0131zgara Renk: kristal berrakl\u0131\u011f\u0131nda \/ \u015feffaf","protected":false},"featured_media":9890,"comment_status":"open","ping_status":"closed","template":"","meta":{"_acf_changed":false,"content-type":"","_monsterinsights_skip_tracking":false,"_monsterinsights_sitenote_active":false,"_monsterinsights_sitenote_note":"","_monsterinsights_sitenote_category":0},"product_brand":[484],"product_cat":[257,91,92],"product_tag":[],"class_list":{"0":"post-9885","1":"product","2":"type-product","3":"status-publish","4":"has-post-thumbnail","6":"product_brand-antcube","7":"product_cat-new-innovatve-products","8":"product_cat-formicarium-modules","9":"product_cat-arena-cover","11":"first","12":"instock","13":"taxable","14":"shipping-taxable","15":"purchasable","16":"product-type-simple"},"acf":[],"aioseo_notices":[],"jetpack_sharing_enabled":true,"_links":{"self":[{"href":"https:\/\/antcube.shop\/tr\/wp-json\/wp\/v2\/product\/9885","targetHints":{"allow":["GET"]}}],"collection":[{"href":"https:\/\/antcube.shop\/tr\/wp-json\/wp\/v2\/product"}],"about":[{"href":"https:\/\/antcube.shop\/tr\/wp-json\/wp\/v2\/types\/product"}],"replies":[{"embeddable":true,"href":"https:\/\/antcube.shop\/tr\/wp-json\/wp\/v2\/comments?post=9885"}],"wp:featuredmedia":[{"embeddable":true,"href":"https:\/\/antcube.shop\/tr\/wp-json\/wp\/v2\/media\/9890"}],"wp:attachment":[{"href":"https:\/\/antcube.shop\/tr\/wp-json\/wp\/v2\/media?parent=9885"}],"wp:term":[{"taxonomy":"product_brand","embeddable":true,"href":"https:\/\/antcube.shop\/tr\/wp-json\/wp\/v2\/product_brand?post=9885"},{"taxonomy":"product_cat","embeddable":true,"href":"https:\/\/antcube.shop\/tr\/wp-json\/wp\/v2\/product_cat?post=9885"},{"taxonomy":"product_tag","embeddable":true,"href":"https:\/\/antcube.shop\/tr\/wp-json\/wp\/v2\/product_tag?post=9885"}],"curies":[{"name":"wp","href":"https:\/\/api.w.org\/{rel}","templated":true}]}}