{"id":9881,"date":"2024-10-08T15:16:54","date_gmt":"2024-10-08T13:16:54","guid":{"rendered":"https:\/\/antcube.shop\/en\/product\/abdeckung-edelstahlgitter-20x20\/"},"modified":"2026-03-23T15:57:00","modified_gmt":"2026-03-23T14:57:00","slug":"paslanmaz-celik-izgara-kapagi-20x20","status":"publish","type":"product","link":"https:\/\/antcube.shop\/tr\/urun\/paslanmaz-celik-izgara-kapagi-20x20\/","title":{"rendered":"Paslanmaz \u00e7elik \u0131zgara kapa\u011f\u0131 20\u00d720"},"content":{"rendered":"<p>Kar\u0131nca ve Drosophila i\u00e7in g\u00fcvenli cam + paslanmaz \u00e7elik has\u0131r kapak. En k\u00fc\u00e7\u00fck t\u00fcrler bile ince paslanmaz \u00e7elik a\u011fdan ge\u00e7emez ve yaprak kesici kar\u0131ncalar bile onu kesemez.<\/p>\n<p><strong>Boyutlar (LxWxH):<\/strong> 20x20x0,4 cm<br \/>\n11,7\u00d711,7 cm havaland\u0131rma alan\u0131<\/p>\n<p><strong>Malzeme:<\/strong> float cam, paslanmaz \u00e7elik \u0131zgara<\/p>\n<p><strong>Renk:<\/strong> kristal berrakl\u0131\u011f\u0131nda \/ \u015feffaf<\/p>\n<p><strong>\u0130\u00e7indekiler:<\/strong><br \/>\n1x kapak paslanmaz \u00e7elik \u0131zgara 20\u00d720<br \/>\n1x sabitleme noktalar\u0131 \u00e0 4 adet.<\/p>\n<p><strong>A\u00e7\u0131klama:<\/strong><br \/>\nKa\u00e7\u0131\u015f korumas\u0131 olarak kar\u0131nca arenas\u0131 i\u00e7in cam kapak<\/p>\n<p><strong>Uygulama:<\/strong><br \/>\nKar\u0131nca arenas\u0131 \u00f6rt\u00fcs\u00fc bir kar\u0131nca arenas\u0131 \u00fczerine yerle\u015ftirilir ve ayn\u0131 zamanda iklimi d\u00fczenlemeye yarar.<\/p>\n<p><strong>Not:<\/strong><br \/>\n\u00dcr\u00fcn camdan yap\u0131ld\u0131\u011f\u0131 ve bu nedenle k\u0131r\u0131lgan oldu\u011fu i\u00e7in \u00e7ok dikkatli kullan\u0131lmal\u0131d\u0131r.<\/p>","protected":false},"excerpt":{"rendered":"<p>Kar\u0131nca ve Drosophila i\u00e7in g\u00fcvenli cam + paslanmaz \u00e7elik has\u0131r kapak. En k\u00fc\u00e7\u00fck t\u00fcrler bile ince paslanmaz \u00e7elik a\u011fdan ge\u00e7emez ve yaprak kesici kar\u0131ncalar bile onu kesemez. Boyutlar (UxGxY): 30x30x0.4 cm 17.5x17.5 cm havaland\u0131rma alan\u0131 Malzeme: d\u00fcz cam, paslanmaz \u00e7elik \u0131zgara Renk: kristal berrakl\u0131\u011f\u0131nda \/ \u015feffaf \u0130\u00e7indekiler: 1x kapak paslanmaz \u00e7elik \u0131zgara","protected":false},"featured_media":9889,"comment_status":"open","ping_status":"closed","template":"","meta":{"_acf_changed":false,"content-type":"","_monsterinsights_skip_tracking":false,"_monsterinsights_sitenote_active":false,"_monsterinsights_sitenote_note":"","_monsterinsights_sitenote_category":0},"product_brand":[484],"product_cat":[257,91,92],"product_tag":[],"class_list":{"0":"post-9881","1":"product","2":"type-product","3":"status-publish","4":"has-post-thumbnail","6":"product_brand-antcube","7":"product_cat-new-innovatve-products","8":"product_cat-formicarium-modules","9":"product_cat-arena-cover","11":"first","12":"instock","13":"taxable","14":"shipping-taxable","15":"purchasable","16":"product-type-simple"},"acf":[],"aioseo_notices":[],"jetpack_sharing_enabled":true,"_links":{"self":[{"href":"https:\/\/antcube.shop\/tr\/wp-json\/wp\/v2\/product\/9881","targetHints":{"allow":["GET"]}}],"collection":[{"href":"https:\/\/antcube.shop\/tr\/wp-json\/wp\/v2\/product"}],"about":[{"href":"https:\/\/antcube.shop\/tr\/wp-json\/wp\/v2\/types\/product"}],"replies":[{"embeddable":true,"href":"https:\/\/antcube.shop\/tr\/wp-json\/wp\/v2\/comments?post=9881"}],"wp:featuredmedia":[{"embeddable":true,"href":"https:\/\/antcube.shop\/tr\/wp-json\/wp\/v2\/media\/9889"}],"wp:attachment":[{"href":"https:\/\/antcube.shop\/tr\/wp-json\/wp\/v2\/media?parent=9881"}],"wp:term":[{"taxonomy":"product_brand","embeddable":true,"href":"https:\/\/antcube.shop\/tr\/wp-json\/wp\/v2\/product_brand?post=9881"},{"taxonomy":"product_cat","embeddable":true,"href":"https:\/\/antcube.shop\/tr\/wp-json\/wp\/v2\/product_cat?post=9881"},{"taxonomy":"product_tag","embeddable":true,"href":"https:\/\/antcube.shop\/tr\/wp-json\/wp\/v2\/product_tag?post=9881"}],"curies":[{"name":"wp","href":"https:\/\/api.w.org\/{rel}","templated":true}]}}