{"id":9352,"date":"2024-09-17T16:29:08","date_gmt":"2024-09-17T14:29:08","guid":{"rendered":"https:\/\/antcube.shop\/en\/product\/tranke-cube-klein\/"},"modified":"2026-04-16T19:23:39","modified_gmt":"2026-04-16T17:23:39","slug":"icme-yalagi-kup-kucuk","status":"publish","type":"product","link":"https:\/\/antcube.shop\/tr\/urun\/icme-yalagi-kup-kucuk\/","title":{"rendered":"\u0130\u00e7me yala\u011f\u0131 K\u00fcp k\u00fc\u00e7\u00fck"},"content":{"rendered":"<p><strong>Boyutlar:<\/strong> 23x15x18 mm, 2ml<\/p>\n<p><strong>Renk:<\/strong> kristal berrakl\u0131\u011f\u0131nda<\/p>\n<p><strong>Malzeme:<\/strong> PMMA<\/p>\n<p><strong>A\u00e7\u0131klama:<\/strong> Bu, kar\u0131ncalar\u0131n formikaryumlar\u0131nda kendilerine yeterli nem sa\u011flamalar\u0131na olanak tan\u0131r. Suyun y\u00fczey gerilimi, suluktan s\u0131z\u0131nt\u0131 olmas\u0131n\u0131 \u00f6nler.<\/p>\n<p><strong>Dikkat:<\/strong><br \/>\nK\u00fc\u00e7\u00fck kar\u0131nca t\u00fcrleri s\u00f6z konusu oldu\u011funda, g\u00fcvenlik i\u00e7in suluk \u00e7\u0131k\u0131\u015f\u0131n\u0131n \u00f6n\u00fcne bir s\u00fcnger, \u0131zgara veya ince kum yerle\u015ftirilmelidir. Aksi takdirde, bireysel i\u015f\u00e7iler sulu\u011fa girebilir. 24 mm'lik bir s\u00fcnger m\u00fckemmel uyum sa\u011flar.<\/p>","protected":false},"excerpt":{"rendered":"<p><strong>Boyutlar:<\/strong> 23x15x18 mm, 2ml<\/p>","protected":false},"featured_media":9443,"comment_status":"open","ping_status":"closed","template":"","meta":{"_acf_changed":false,"content-type":"","_monsterinsights_skip_tracking":false,"_monsterinsights_sitenote_active":false,"_monsterinsights_sitenote_note":"","_monsterinsights_sitenote_category":0},"product_brand":[],"product_cat":[115,117],"product_tag":[],"class_list":{"0":"post-9352","1":"product","2":"type-product","3":"status-publish","4":"has-post-thumbnail","6":"product_cat-food-and-feeding","7":"product_cat-drinkers-for-ants","9":"first","10":"instock","11":"taxable","12":"shipping-taxable","13":"purchasable","14":"product-type-simple"},"acf":[],"aioseo_notices":[],"jetpack_sharing_enabled":true,"_links":{"self":[{"href":"https:\/\/antcube.shop\/tr\/wp-json\/wp\/v2\/product\/9352","targetHints":{"allow":["GET"]}}],"collection":[{"href":"https:\/\/antcube.shop\/tr\/wp-json\/wp\/v2\/product"}],"about":[{"href":"https:\/\/antcube.shop\/tr\/wp-json\/wp\/v2\/types\/product"}],"replies":[{"embeddable":true,"href":"https:\/\/antcube.shop\/tr\/wp-json\/wp\/v2\/comments?post=9352"}],"wp:featuredmedia":[{"embeddable":true,"href":"https:\/\/antcube.shop\/tr\/wp-json\/wp\/v2\/media\/9443"}],"wp:attachment":[{"href":"https:\/\/antcube.shop\/tr\/wp-json\/wp\/v2\/media?parent=9352"}],"wp:term":[{"taxonomy":"product_brand","embeddable":true,"href":"https:\/\/antcube.shop\/tr\/wp-json\/wp\/v2\/product_brand?post=9352"},{"taxonomy":"product_cat","embeddable":true,"href":"https:\/\/antcube.shop\/tr\/wp-json\/wp\/v2\/product_cat?post=9352"},{"taxonomy":"product_tag","embeddable":true,"href":"https:\/\/antcube.shop\/tr\/wp-json\/wp\/v2\/product_tag?post=9352"}],"curies":[{"name":"wp","href":"https:\/\/api.w.org\/{rel}","templated":true}]}}