{"id":9349,"date":"2024-09-17T16:27:32","date_gmt":"2024-09-17T14:27:32","guid":{"rendered":"https:\/\/antcube.shop\/en\/product\/antcube-popcorn-nest-60x30-l\/"},"modified":"2026-03-02T09:48:53","modified_gmt":"2026-03-02T08:48:53","slug":"antcube-patlamis-misir-yuvasi-60x30-l","status":"publish","type":"product","link":"https:\/\/antcube.shop\/tr\/urun\/antcube-patlamis-misir-yuvasi-60x30-l\/","title":{"rendered":"ANTCUBE - Patlam\u0131\u015f M\u0131s\u0131r Yuvas\u0131 60\u00d730 - L"},"content":{"rendered":"<p><strong>Boyutlar:<\/strong> 583x237x19 mm<\/p>\n<p><strong>Malzeme:<\/strong> Sakkaroz ve protein ile preslenmi\u015f patlam\u0131\u015f m\u0131s\u0131r<\/p>\n<p><strong>Sadece \u015furaya uyar<\/strong> bizim boyutumuzda L kar\u0131nca \u00e7iftlikleri<\/p>\n<p><strong>A\u00e7\u0131klama:<\/strong> Prefabrik ge\u00e7itleri ve odalar\u0131 olan bu patlam\u0131\u015f m\u0131s\u0131r yuvas\u0131, \u00f6rne\u011fin Messor kar\u0131ncalar\u0131 i\u00e7in oldu\u011fu kadar tah\u0131l toplayan di\u011fer kar\u0131nca t\u00fcrleri i\u00e7in de m\u00fckemmel bir tah\u0131l ambar\u0131d\u0131r. Yuvaya eri\u015fim i\u00e7in bir deli\u011fi vard\u0131r. Patlam\u0131\u015f m\u0131s\u0131r yuvas\u0131 nemi emer ve sonu\u00e7 olarak b\u00fcz\u00fc\u015febilir, bu nedenle<strong> her zaman kuru tutulmal\u0131d\u0131r.<\/strong> Messor barbarus, ANTCUBE patlam\u0131\u015f m\u0131s\u0131r yuvam\u0131z\u0131 tah\u0131l ambar\u0131 olarak \u00e7ok iyi kabul eder. Zamanla kar\u0131ncalar patlam\u0131\u015f m\u0131s\u0131r yuvas\u0131n\u0131 geni\u015fletmeye ve yuva malzemesini yemeye ba\u015flarlar.<\/p>\n<p>Patlam\u0131\u015f m\u0131s\u0131r yuvas\u0131 yaln\u0131zca yuva alan\u0131nda \u00e7ok az nem gerektiren veya hi\u00e7 nem gerektirmeyen kar\u0131nca t\u00fcrleri i\u00e7in kullan\u0131lmal\u0131d\u0131r.<\/p>","protected":false},"excerpt":{"rendered":"<p><strong>Boyut: L<\/strong><\/p>","protected":false},"featured_media":9449,"comment_status":"open","ping_status":"closed","template":"","meta":{"_acf_changed":false,"content-type":"","_monsterinsights_skip_tracking":false,"_monsterinsights_sitenote_active":false,"_monsterinsights_sitenote_note":"","_monsterinsights_sitenote_category":0},"product_brand":[484],"product_cat":[257,344,87],"product_tag":[],"class_list":{"0":"post-9349","1":"product","2":"type-product","3":"status-publish","4":"has-post-thumbnail","6":"product_brand-antcube","7":"product_cat-new-innovatve-products","8":"product_cat-popcorn","9":"product_cat-nest-insets","11":"first","12":"instock","13":"taxable","14":"shipping-taxable","15":"purchasable","16":"product-type-simple"},"acf":[],"aioseo_notices":[],"jetpack_sharing_enabled":true,"_links":{"self":[{"href":"https:\/\/antcube.shop\/tr\/wp-json\/wp\/v2\/product\/9349","targetHints":{"allow":["GET"]}}],"collection":[{"href":"https:\/\/antcube.shop\/tr\/wp-json\/wp\/v2\/product"}],"about":[{"href":"https:\/\/antcube.shop\/tr\/wp-json\/wp\/v2\/types\/product"}],"replies":[{"embeddable":true,"href":"https:\/\/antcube.shop\/tr\/wp-json\/wp\/v2\/comments?post=9349"}],"wp:featuredmedia":[{"embeddable":true,"href":"https:\/\/antcube.shop\/tr\/wp-json\/wp\/v2\/media\/9449"}],"wp:attachment":[{"href":"https:\/\/antcube.shop\/tr\/wp-json\/wp\/v2\/media?parent=9349"}],"wp:term":[{"taxonomy":"product_brand","embeddable":true,"href":"https:\/\/antcube.shop\/tr\/wp-json\/wp\/v2\/product_brand?post=9349"},{"taxonomy":"product_cat","embeddable":true,"href":"https:\/\/antcube.shop\/tr\/wp-json\/wp\/v2\/product_cat?post=9349"},{"taxonomy":"product_tag","embeddable":true,"href":"https:\/\/antcube.shop\/tr\/wp-json\/wp\/v2\/product_tag?post=9349"}],"curies":[{"name":"wp","href":"https:\/\/api.w.org\/{rel}","templated":true}]}}