{"id":9346,"date":"2024-09-17T16:26:01","date_gmt":"2024-09-17T14:26:01","guid":{"rendered":"https:\/\/antcube.shop\/en\/product\/ameisenarena-abdeckung-30x15\/"},"modified":"2026-04-09T14:37:43","modified_gmt":"2026-04-09T12:37:43","slug":"karinca-arenasi-kaplamasi-30x15","status":"publish","type":"product","link":"https:\/\/antcube.shop\/tr\/urun\/karinca-arenasi-kaplamasi-30x15\/","title":{"rendered":"Kar\u0131nca arenas\u0131 30\u00d715 kaplama"},"content":{"rendered":"<p><strong>Boyutlar (LxWxH):<\/strong> 30x15x0,4 cm<\/p>\n<p><strong>Malzeme:<\/strong> d\u00fcz cam<\/p>\n<p><strong>Renk:<\/strong> kristal berrakl\u0131\u011f\u0131nda \/ \u015feffaf<\/p>\n<p><strong>\u0130\u00e7indekiler:<\/strong><br \/>\n1x kar\u0131nca arenas\u0131 kapa\u011f\u0131<br \/>\n1x sabitleme noktalar\u0131 \u00e0 4 adet.<\/p>\n<p><strong>A\u00e7\u0131klama:<\/strong><br \/>\nKa\u00e7\u0131\u015f korumas\u0131 olarak kar\u0131nca arenas\u0131 i\u00e7in cam kapak. Duvar kar\u0131nca arenalar\u0131m\u0131z i\u00e7in uygundur.<\/p>\n<p><strong>Uygulama:<\/strong><br \/>\nCam kar\u0131nca arenas\u0131 \u00f6rt\u00fcs\u00fc bir kar\u0131nca arenas\u0131 \u00fczerine yerle\u015ftirilir ve iklim d\u00fczenlemesi i\u00e7in de kullan\u0131l\u0131r.<br \/>\nHavaland\u0131rma \u0131zgaralar\u0131, ayd\u0131nlatma veya nemlendirme gibi \u00e7e\u015fitli iklim kontrol mod\u00fclleri 50 mm'lik a\u00e7\u0131kl\u0131klara yerle\u015ftirilebilir.<br \/>\nKar\u0131ncalar\u0131n a\u00e7\u0131kl\u0131klardan \u00e7\u0131kmas\u0131n\u0131 \u00f6nlemek i\u00e7in deliklerin etraf\u0131ndaki alt tarafa bir ka\u00e7\u0131\u015f korumas\u0131 (ya\u011f, toz veya vernik) uygulanmal\u0131d\u0131r.<\/p>\n<p><strong>Not:<\/strong><br \/>\n\u00dcr\u00fcn camdan yap\u0131ld\u0131\u011f\u0131 ve bu nedenle k\u0131r\u0131lgan oldu\u011fu i\u00e7in b\u00fcy\u00fck bir dikkatle kullan\u0131lmal\u0131d\u0131r.<\/p>","protected":false},"excerpt":{"rendered":"<p>Boyutlar (UxGxY): 30x15x0,4 cm Malzeme: float cam Renk: kristal berrakl\u0131\u011f\u0131nda \/ \u015feffaf \u0130\u00e7indekiler: 1x kar\u0131nca arenas\u0131 kapa\u011f\u0131 1x sabitleme noktalar\u0131 \u00e0 4 adet. A\u00e7\u0131klama: Ka\u00e7\u0131\u015f korumas\u0131 olarak kar\u0131nca arenas\u0131 i\u00e7in cam kapak. Duvar kar\u0131nca arenalar\u0131m\u0131z i\u00e7in uygundur. Uygulama: Cam kar\u0131nca arenas\u0131 kapa\u011f\u0131 bir kar\u0131nca arenas\u0131na yerle\u015ftirilir ve ayr\u0131ca kullan\u0131l\u0131r","protected":false},"featured_media":9465,"comment_status":"open","ping_status":"closed","template":"","meta":{"_acf_changed":false,"content-type":"","_monsterinsights_skip_tracking":false,"_monsterinsights_sitenote_active":false,"_monsterinsights_sitenote_note":"","_monsterinsights_sitenote_category":0},"product_brand":[484],"product_cat":[91,92],"product_tag":[],"class_list":{"0":"post-9346","1":"product","2":"type-product","3":"status-publish","4":"has-post-thumbnail","6":"product_brand-antcube","7":"product_cat-formicarium-modules","8":"product_cat-arena-cover","10":"first","11":"instock","12":"taxable","13":"shipping-taxable","14":"purchasable","15":"product-type-simple"},"acf":[],"aioseo_notices":[],"jetpack_sharing_enabled":true,"_links":{"self":[{"href":"https:\/\/antcube.shop\/tr\/wp-json\/wp\/v2\/product\/9346","targetHints":{"allow":["GET"]}}],"collection":[{"href":"https:\/\/antcube.shop\/tr\/wp-json\/wp\/v2\/product"}],"about":[{"href":"https:\/\/antcube.shop\/tr\/wp-json\/wp\/v2\/types\/product"}],"replies":[{"embeddable":true,"href":"https:\/\/antcube.shop\/tr\/wp-json\/wp\/v2\/comments?post=9346"}],"wp:featuredmedia":[{"embeddable":true,"href":"https:\/\/antcube.shop\/tr\/wp-json\/wp\/v2\/media\/9465"}],"wp:attachment":[{"href":"https:\/\/antcube.shop\/tr\/wp-json\/wp\/v2\/media?parent=9346"}],"wp:term":[{"taxonomy":"product_brand","embeddable":true,"href":"https:\/\/antcube.shop\/tr\/wp-json\/wp\/v2\/product_brand?post=9346"},{"taxonomy":"product_cat","embeddable":true,"href":"https:\/\/antcube.shop\/tr\/wp-json\/wp\/v2\/product_cat?post=9346"},{"taxonomy":"product_tag","embeddable":true,"href":"https:\/\/antcube.shop\/tr\/wp-json\/wp\/v2\/product_tag?post=9346"}],"curies":[{"name":"wp","href":"https:\/\/api.w.org\/{rel}","templated":true}]}}