{"id":9345,"date":"2024-09-17T16:25:36","date_gmt":"2024-09-17T14:25:36","guid":{"rendered":"https:\/\/antcube.shop\/en\/product\/ameisenarena-rahmen-30x15\/"},"modified":"2026-03-16T10:36:55","modified_gmt":"2026-03-16T09:36:55","slug":"ameisenarena-rahmen-30x15","status":"publish","type":"product","link":"https:\/\/antcube.shop\/tr\/urun\/ameisenarena-rahmen-30x15\/","title":{"rendered":"Kar\u0131nca arenas\u0131 \u00e7er\u00e7evesi 30\u00d715"},"content":{"rendered":"<p><strong>Boyutlar (LxWxH):<\/strong> 30x15x0,4 cm<\/p>\n<p><strong>Malzeme:<\/strong> d\u00fcz cam<\/p>\n<p><strong>Renk:<\/strong> kristal berrakl\u0131\u011f\u0131nda \/ \u015feffaf<\/p>\n<p><strong>\u0130\u00e7indekiler:<\/strong><br \/>\n1x kar\u0131nca arenas\u0131 \u00e7er\u00e7evesi<\/p>\n<p><strong>A\u00e7\u0131klama:<\/strong><br \/>\nKa\u00e7\u0131\u015f korumas\u0131 olarak kar\u0131nca arenas\u0131 i\u00e7in cam \u00e7er\u00e7eve. Duvar kar\u0131nca arenalar\u0131m\u0131z i\u00e7in uygundur.<\/p>\n<p><strong>Uygulama:<\/strong><br \/>\nKar\u0131nca arenas\u0131 \u00e7er\u00e7evesi, bir kar\u0131nca arenas\u0131n\u0131n \u00fczerine yerle\u015ftirilen ve kar\u0131ncalar\u0131n d\u0131\u015far\u0131 \u00e7\u0131kmas\u0131n\u0131 \u00f6nlemek i\u00e7in alt taraf\u0131na bir ka\u00e7\u0131\u015f korumas\u0131 (ya\u011f, toz veya vernik) sa\u011flanan camdan yap\u0131lm\u0131\u015f bir \u00e7er\u00e7evedir.<\/p>\n<p><strong>Not:<\/strong><br \/>\n\u00dcr\u00fcn camdan yap\u0131ld\u0131\u011f\u0131 ve bu nedenle k\u0131r\u0131lgan oldu\u011fu i\u00e7in b\u00fcy\u00fck bir dikkatle kullan\u0131lmal\u0131d\u0131r. Cam, DIN 1249'a g\u00f6re +\/- 1 mm toleransla boyutuna g\u00f6re kesilir. Son derece k\u00fc\u00e7\u00fck kar\u0131nca t\u00fcrleri i\u00e7in ek kopma korumas\u0131 gereklidir.<\/p>","protected":false},"excerpt":{"rendered":"<p>Boyutlar (UxGxY): 30x15x0,4 cm Malzeme: float cam Renk: kristal berrakl\u0131\u011f\u0131nda \/ \u015feffaf \u0130\u00e7indekiler: 1x kar\u0131nca arenas\u0131 \u00e7er\u00e7evesi A\u00e7\u0131klama: Ka\u00e7\u0131\u015f korumas\u0131 olarak kar\u0131nca arenas\u0131 i\u00e7in cam \u00e7er\u00e7eve. Duvar kar\u0131nca arenalar\u0131m\u0131z i\u00e7in uygundur. Uygulama: Kar\u0131nca arenas\u0131 \u00e7er\u00e7evesi, bir kar\u0131nca arenas\u0131n\u0131n \u00fcst\u00fcne yerle\u015ftirilen ve kar\u0131nca arenas\u0131n\u0131n ka\u00e7\u0131\u015f\u0131n\u0131 sa\u011flayan camdan yap\u0131lm\u0131\u015f bir \u00e7er\u00e7evedir.","protected":false},"featured_media":9466,"comment_status":"open","ping_status":"closed","template":"","meta":{"_acf_changed":false,"content-type":"","_monsterinsights_skip_tracking":false,"_monsterinsights_sitenote_active":false,"_monsterinsights_sitenote_note":"","_monsterinsights_sitenote_category":0},"product_brand":[484],"product_cat":[91,93],"product_tag":[],"class_list":{"0":"post-9345","1":"product","2":"type-product","3":"status-publish","4":"has-post-thumbnail","6":"product_brand-antcube","7":"product_cat-formicarium-modules","8":"product_cat-arena-frame","10":"first","11":"instock","12":"taxable","13":"shipping-taxable","14":"purchasable","15":"product-type-simple"},"acf":[],"aioseo_notices":[],"jetpack_sharing_enabled":true,"_links":{"self":[{"href":"https:\/\/antcube.shop\/tr\/wp-json\/wp\/v2\/product\/9345","targetHints":{"allow":["GET"]}}],"collection":[{"href":"https:\/\/antcube.shop\/tr\/wp-json\/wp\/v2\/product"}],"about":[{"href":"https:\/\/antcube.shop\/tr\/wp-json\/wp\/v2\/types\/product"}],"replies":[{"embeddable":true,"href":"https:\/\/antcube.shop\/tr\/wp-json\/wp\/v2\/comments?post=9345"}],"wp:featuredmedia":[{"embeddable":true,"href":"https:\/\/antcube.shop\/tr\/wp-json\/wp\/v2\/media\/9466"}],"wp:attachment":[{"href":"https:\/\/antcube.shop\/tr\/wp-json\/wp\/v2\/media?parent=9345"}],"wp:term":[{"taxonomy":"product_brand","embeddable":true,"href":"https:\/\/antcube.shop\/tr\/wp-json\/wp\/v2\/product_brand?post=9345"},{"taxonomy":"product_cat","embeddable":true,"href":"https:\/\/antcube.shop\/tr\/wp-json\/wp\/v2\/product_cat?post=9345"},{"taxonomy":"product_tag","embeddable":true,"href":"https:\/\/antcube.shop\/tr\/wp-json\/wp\/v2\/product_tag?post=9345"}],"curies":[{"name":"wp","href":"https:\/\/api.w.org\/{rel}","templated":true}]}}