{"id":9329,"date":"2024-09-17T16:18:36","date_gmt":"2024-09-17T14:18:36","guid":{"rendered":"https:\/\/antcube.shop\/en\/product\/alpha-ants-mini-scheibenmagnet-rund\/"},"modified":"2026-03-02T09:49:08","modified_gmt":"2026-03-02T08:49:08","slug":"alfa-karincalar-mini-disk-miknatis-yuvarlak","status":"publish","type":"product","link":"https:\/\/antcube.shop\/tr\/urun\/alfa-karincalar-mini-disk-miknatis-yuvarlak\/","title":{"rendered":"Alfa Kar\u0131ncalar mini disk m\u0131knat\u0131s - yuvarlak"},"content":{"rendered":"<p><strong>A\u00e7\u0131klama:<\/strong> Bu sorun size tan\u0131d\u0131k geliyor mu: kar\u0131ncalar\u0131n\u0131z bir kez daha yuvadaki b\u00f6lmeleri da\u011f\u0131tt\u0131 veya kumla kaplad\u0131 m\u0131? Bu k\u00fc\u00e7\u00fck mini disk m\u0131knat\u0131slarla 10x10x4 mm ve 4x4x2 mm tanktaki ge\u00e7itleri ve b\u00f6lmeleri tekrar temizleyebilirsiniz.<\/p>\n<p>Bunlar ekstra g\u00fc\u00e7l\u00fc kaliteli m\u0131knat\u0131slard\u0131r. K\u00fc\u00e7\u00fck temizleme m\u0131knat\u0131s\u0131n\u0131 formikaryumun etraf\u0131nda hareket ettirmek ve kirli b\u00f6lmeleri i\u00e7eriden temizlemek i\u00e7in bir k\u0131lavuz m\u0131knat\u0131s kullanabilirsiniz.<\/p>\n<p><strong>Not:<\/strong> K\u0131r\u0131lgan olduklar\u0131ndan m\u0131knat\u0131slar\u0131n \u00e7arp\u0131\u015fmas\u0131na (\u00e7arpmas\u0131na) izin vermeyin.<\/p>\n<p><strong>\u0130\u00e7indekiler:<\/strong> 2x ke\u00e7e kapl\u0131 ekstra g\u00fc\u00e7l\u00fc disk m\u0131knat\u0131slar.<\/p>","protected":false},"excerpt":{"rendered":"<p>A\u00e7\u0131klama: Bu sorunu biliyor musunuz: kar\u0131ncalar\u0131n\u0131z bir kez daha yuvadaki b\u00f6lmeleri kar\u0131\u015ft\u0131rd\u0131 veya kumla kaplad\u0131 m\u0131? Bu k\u00fc\u00e7\u00fck mini disk m\u0131knat\u0131slarla 10x10x4 mm ve 4x4x2 mm tanktaki ge\u00e7itleri ve b\u00f6lmeleri tekrar temizleyebilirsiniz. Bunlar ekstra g\u00fc\u00e7l\u00fc kaliteli m\u0131knat\u0131slard\u0131r. Siz","protected":false},"featured_media":9810,"comment_status":"open","ping_status":"closed","template":"","meta":{"_acf_changed":false,"content-type":"","_monsterinsights_skip_tracking":false,"_monsterinsights_sitenote_active":false,"_monsterinsights_sitenote_note":"","_monsterinsights_sitenote_category":0},"product_brand":[],"product_cat":[237],"product_tag":[],"class_list":{"0":"post-9329","1":"product","2":"type-product","3":"status-publish","4":"has-post-thumbnail","6":"product_cat-tools","8":"first","9":"instock","10":"taxable","11":"shipping-taxable","12":"purchasable","13":"product-type-simple"},"acf":[],"aioseo_notices":[],"jetpack_sharing_enabled":true,"_links":{"self":[{"href":"https:\/\/antcube.shop\/tr\/wp-json\/wp\/v2\/product\/9329","targetHints":{"allow":["GET"]}}],"collection":[{"href":"https:\/\/antcube.shop\/tr\/wp-json\/wp\/v2\/product"}],"about":[{"href":"https:\/\/antcube.shop\/tr\/wp-json\/wp\/v2\/types\/product"}],"replies":[{"embeddable":true,"href":"https:\/\/antcube.shop\/tr\/wp-json\/wp\/v2\/comments?post=9329"}],"wp:featuredmedia":[{"embeddable":true,"href":"https:\/\/antcube.shop\/tr\/wp-json\/wp\/v2\/media\/9810"}],"wp:attachment":[{"href":"https:\/\/antcube.shop\/tr\/wp-json\/wp\/v2\/media?parent=9329"}],"wp:term":[{"taxonomy":"product_brand","embeddable":true,"href":"https:\/\/antcube.shop\/tr\/wp-json\/wp\/v2\/product_brand?post=9329"},{"taxonomy":"product_cat","embeddable":true,"href":"https:\/\/antcube.shop\/tr\/wp-json\/wp\/v2\/product_cat?post=9329"},{"taxonomy":"product_tag","embeddable":true,"href":"https:\/\/antcube.shop\/tr\/wp-json\/wp\/v2\/product_tag?post=9329"}],"curies":[{"name":"wp","href":"https:\/\/api.w.org\/{rel}","templated":true}]}}