{"id":9323,"date":"2024-09-17T16:16:22","date_gmt":"2024-09-17T14:16:22","guid":{"rendered":"https:\/\/antcube.shop\/en\/product\/greifzange-60-cm\/"},"modified":"2026-04-09T09:58:37","modified_gmt":"2026-04-09T07:58:37","slug":"tutucu-60-cm","status":"publish","type":"product","link":"https:\/\/antcube.shop\/tr\/urun\/tutucu-60-cm\/","title":{"rendered":"Tutucu 60 cm"},"content":{"rendered":"<p><strong>Uzunluk:<\/strong> 60 cm<\/p>\n<p><strong>A\u00e7\u0131klama:<\/strong> Bu tutucu kol, ellerin eri\u015femedi\u011fi alanlarda \u00e7al\u0131\u015fmak ve boru veya hortumlardan par\u00e7a \u00e7\u0131karmak i\u00e7in kullan\u0131labilir. \u00d6n \u00e7ap 10,5 mm. 11 mm'lik bir delikten ge\u00e7er. Tutucu kelep\u00e7elerin a\u00e7\u0131kl\u0131\u011f\u0131 20 mm'dir.<\/p>\n<p><strong>Not:<\/strong><br \/>\nV\u00fccut par\u00e7alar\u0131n\u0131n penseye s\u0131k\u0131\u015fmas\u0131 durumunda yaralanma riski vard\u0131r.<\/p>","protected":false},"excerpt":{"rendered":"<p>Uzunluk: 60 cm A\u00e7\u0131klama: Bu tutucu kol, ellerin eri\u015femedi\u011fi alanlarda \u00e7al\u0131\u015fmak ve t\u00fcplerden veya hortumlardan par\u00e7a \u00e7\u0131karmak i\u00e7in kullan\u0131labilir. \u00d6n \u00e7ap 10,5 mm. 11 mm'lik bir delikten ge\u00e7er. Tutucu kelep\u00e7elerin a\u00e7\u0131kl\u0131\u011f\u0131 20 mm'dir. Not: V\u00fccut par\u00e7alar\u0131n\u0131n tak\u0131lmas\u0131 durumunda yaralanma riski vard\u0131r.","protected":false},"featured_media":9580,"comment_status":"open","ping_status":"closed","template":"","meta":{"_acf_changed":false,"content-type":"","_monsterinsights_skip_tracking":false,"_monsterinsights_sitenote_active":false,"_monsterinsights_sitenote_note":"","_monsterinsights_sitenote_category":0},"product_brand":[],"product_cat":[237],"product_tag":[],"class_list":{"0":"post-9323","1":"product","2":"type-product","3":"status-publish","4":"has-post-thumbnail","6":"product_cat-tools","8":"first","9":"instock","10":"taxable","11":"shipping-taxable","12":"purchasable","13":"product-type-simple"},"acf":[],"aioseo_notices":[],"jetpack_sharing_enabled":true,"_links":{"self":[{"href":"https:\/\/antcube.shop\/tr\/wp-json\/wp\/v2\/product\/9323","targetHints":{"allow":["GET"]}}],"collection":[{"href":"https:\/\/antcube.shop\/tr\/wp-json\/wp\/v2\/product"}],"about":[{"href":"https:\/\/antcube.shop\/tr\/wp-json\/wp\/v2\/types\/product"}],"replies":[{"embeddable":true,"href":"https:\/\/antcube.shop\/tr\/wp-json\/wp\/v2\/comments?post=9323"}],"wp:featuredmedia":[{"embeddable":true,"href":"https:\/\/antcube.shop\/tr\/wp-json\/wp\/v2\/media\/9580"}],"wp:attachment":[{"href":"https:\/\/antcube.shop\/tr\/wp-json\/wp\/v2\/media?parent=9323"}],"wp:term":[{"taxonomy":"product_brand","embeddable":true,"href":"https:\/\/antcube.shop\/tr\/wp-json\/wp\/v2\/product_brand?post=9323"},{"taxonomy":"product_cat","embeddable":true,"href":"https:\/\/antcube.shop\/tr\/wp-json\/wp\/v2\/product_cat?post=9323"},{"taxonomy":"product_tag","embeddable":true,"href":"https:\/\/antcube.shop\/tr\/wp-json\/wp\/v2\/product_tag?post=9323"}],"curies":[{"name":"wp","href":"https:\/\/api.w.org\/{rel}","templated":true}]}}