{"id":9320,"date":"2024-09-17T16:15:03","date_gmt":"2024-09-17T14:15:03","guid":{"rendered":"https:\/\/antcube.shop\/en\/product\/formicarienunterlage-20x10cm\/"},"modified":"2026-04-15T18:35:09","modified_gmt":"2026-04-15T16:35:09","slug":"formicarium-ped-20x10cm","status":"publish","type":"product","link":"https:\/\/antcube.shop\/tr\/urun\/formicarium-ped-20x10cm\/","title":{"rendered":"Formikaryum pedi - 20x10cm"},"content":{"rendered":"<p><strong>Boyutlar:<\/strong> 200 x 100 x 4mm<\/p>\n<p><strong>Malzeme:<\/strong> PE k\u00f6p\u00fck<\/p>\n<p><strong>Renk:<\/strong> gri<\/p>\n<p><strong>\u0130\u00e7erik:<\/strong> 1 adet.<\/p>\n<p><strong>A\u00e7\u0131klama:<\/strong><br \/>\nFormikaryum pedi yumu\u015fak k\u00f6p\u00fckten yap\u0131lm\u0131\u015ft\u0131r.<br \/>\nFormikaryumun yan\u0131 s\u0131ra formikaryumun \u00fczerinde durdu\u011fu mobilya par\u00e7as\u0131n\u0131 da \u00e7izilmelere kar\u015f\u0131 korur.<br \/>\nHal\u0131 pedi ayn\u0131 zamanda en ufak p\u00fcr\u00fczleri telafi eden ve titre\u015fimlere kar\u015f\u0131 koruyan \u0131s\u0131 yal\u0131t\u0131m\u0131 g\u00f6revi de g\u00f6r\u00fcr.<\/p>","protected":false},"excerpt":{"rendered":"<p>Boyutlar: 200 x 100 x 4mm Malzeme: PE k\u00f6p\u00fck Renk: gri \u0130\u00e7erik: 1 adet A\u00e7\u0131klama: Formikaryum pedi yumu\u015fak k\u00f6p\u00fckten yap\u0131lm\u0131\u015ft\u0131r. Formikaryumun yan\u0131 s\u0131ra formikaryumun \u00fczerinde durdu\u011fu mobilyalar\u0131 \u00e7izilmelere kar\u015f\u0131 korur. Ped ayn\u0131 zamanda en ufak bir e\u015fitsizli\u011fi telafi eden ve ayn\u0131 zamanda koruyan \u0131s\u0131 yal\u0131t\u0131m\u0131 g\u00f6revi g\u00f6r\u00fcr.","protected":false},"featured_media":9589,"comment_status":"open","ping_status":"closed","template":"","meta":{"_acf_changed":false,"content-type":"","_monsterinsights_skip_tracking":false,"_monsterinsights_sitenote_active":false,"_monsterinsights_sitenote_note":"","_monsterinsights_sitenote_category":0},"product_brand":[484],"product_cat":[119,239],"product_tag":[],"class_list":{"0":"post-9320","1":"product","2":"type-product","3":"status-publish","4":"has-post-thumbnail","6":"product_brand-antcube","7":"product_cat-formicarium-components","8":"product_cat-useful-additions","10":"first","11":"instock","12":"taxable","13":"shipping-taxable","14":"purchasable","15":"product-type-simple"},"acf":[],"aioseo_notices":[],"jetpack_sharing_enabled":true,"_links":{"self":[{"href":"https:\/\/antcube.shop\/tr\/wp-json\/wp\/v2\/product\/9320","targetHints":{"allow":["GET"]}}],"collection":[{"href":"https:\/\/antcube.shop\/tr\/wp-json\/wp\/v2\/product"}],"about":[{"href":"https:\/\/antcube.shop\/tr\/wp-json\/wp\/v2\/types\/product"}],"replies":[{"embeddable":true,"href":"https:\/\/antcube.shop\/tr\/wp-json\/wp\/v2\/comments?post=9320"}],"wp:featuredmedia":[{"embeddable":true,"href":"https:\/\/antcube.shop\/tr\/wp-json\/wp\/v2\/media\/9589"}],"wp:attachment":[{"href":"https:\/\/antcube.shop\/tr\/wp-json\/wp\/v2\/media?parent=9320"}],"wp:term":[{"taxonomy":"product_brand","embeddable":true,"href":"https:\/\/antcube.shop\/tr\/wp-json\/wp\/v2\/product_brand?post=9320"},{"taxonomy":"product_cat","embeddable":true,"href":"https:\/\/antcube.shop\/tr\/wp-json\/wp\/v2\/product_cat?post=9320"},{"taxonomy":"product_tag","embeddable":true,"href":"https:\/\/antcube.shop\/tr\/wp-json\/wp\/v2\/product_tag?post=9320"}],"curies":[{"name":"wp","href":"https:\/\/api.w.org\/{rel}","templated":true}]}}