{"id":9319,"date":"2024-09-17T16:14:42","date_gmt":"2024-09-17T14:14:42","guid":{"rendered":"https:\/\/antcube.shop\/en\/product\/antcube-rote-folie-60x30-filter\/"},"modified":"2026-04-06T17:28:14","modified_gmt":"2026-04-06T15:28:14","slug":"antcube-rote-folie-60x30-filtre","status":"publish","type":"product","link":"https:\/\/antcube.shop\/tr\/urun\/antcube-rote-folie-60x30-filtre\/","title":{"rendered":"ANTCUBE - K\u0131rm\u0131z\u0131 folyo 60\u00d730 - Filtre"},"content":{"rendered":"<p><strong>Boyutlar:<\/strong> 59x24cm<\/p>\n<p><strong>Malzeme:<\/strong> PVC<\/p>\n<p><strong>A\u00e7\u0131klama:<\/strong> K\u0131rm\u0131z\u0131 \u015feffaf film kar\u0131ncalara yeralt\u0131 hissi vermek i\u00e7in kullan\u0131l\u0131r. Bu nedenle bu \u00fcr\u00fcn\u00fcn yuva alan\u0131nda en az\u0131ndan k\u0131smen kullan\u0131lmas\u0131n\u0131 tavsiye ediyoruz. Bununla birlikte, kar\u0131ncalar yuvada hala kolayca g\u00f6zlemlenebilir. ANTCUBE \"Kar\u0131nca \u00e7iftli\u011fi 60x30cm S\/M\/L - dik\" i\u00e7in tam olarak kesilmi\u015ftir.<\/p>\n<p>Bu filtre filmi, normal kapak filminden daha iyi bir \u0131\u015f\u0131k filtresi etkisine sahiptir. 180\u00b0C'ye kadar s\u0131cakl\u0131\u011fa dayan\u0131kl\u0131<\/p>\n<p>Filtre filmi, hafif ve e\u015fit bir bas\u0131n\u00e7la \u00e7iftlik veya yuva alan\u0131na kendili\u011finden yap\u0131\u015f\u0131r. Alternatif olarak, \u015feffaf yap\u0131\u015fkan bant sabitleme i\u00e7in uygundur. \u00dcst k\u00f6\u015felere iki k\u00fc\u00e7\u00fck \u015feritle sabitleyin, b\u00f6ylece film daha sonra yuvalama alan\u0131n\u0131 daha iyi g\u00f6rebilmek i\u00e7in kald\u0131r\u0131labilir.<\/p>","protected":false},"excerpt":{"rendered":"<p>Boyutlar: 59x24cm Malzeme: PVC A\u00e7\u0131klama: K\u0131rm\u0131z\u0131 \u015feffaf film kar\u0131ncalara yeralt\u0131 hissi vermek i\u00e7in kullan\u0131l\u0131r. Bu nedenle bu \u00fcr\u00fcn\u00fc yuva alan\u0131nda en az\u0131ndan k\u0131smen kullanman\u0131z\u0131 \u00f6neririz. Bununla birlikte, kar\u0131ncalar yuvada hala kolayca g\u00f6zlemlenebilir. ANTCUBE \"Kar\u0131nca \u00e7iftli\u011fi 60x30cm S\/M\/L - dik\" i\u00e7in tam olarak kesilmi\u015ftir. Bu","protected":false},"featured_media":9826,"comment_status":"open","ping_status":"closed","template":"","meta":{"_acf_changed":false,"content-type":"","_monsterinsights_skip_tracking":false,"_monsterinsights_sitenote_active":false,"_monsterinsights_sitenote_note":"","_monsterinsights_sitenote_category":0},"product_brand":[],"product_cat":[119,239],"product_tag":[],"class_list":{"0":"post-9319","1":"product","2":"type-product","3":"status-publish","4":"has-post-thumbnail","6":"product_cat-formicarium-components","7":"product_cat-useful-additions","9":"first","10":"instock","11":"taxable","12":"shipping-taxable","13":"purchasable","14":"product-type-simple"},"acf":[],"aioseo_notices":[],"jetpack_sharing_enabled":true,"_links":{"self":[{"href":"https:\/\/antcube.shop\/tr\/wp-json\/wp\/v2\/product\/9319","targetHints":{"allow":["GET"]}}],"collection":[{"href":"https:\/\/antcube.shop\/tr\/wp-json\/wp\/v2\/product"}],"about":[{"href":"https:\/\/antcube.shop\/tr\/wp-json\/wp\/v2\/types\/product"}],"replies":[{"embeddable":true,"href":"https:\/\/antcube.shop\/tr\/wp-json\/wp\/v2\/comments?post=9319"}],"wp:featuredmedia":[{"embeddable":true,"href":"https:\/\/antcube.shop\/tr\/wp-json\/wp\/v2\/media\/9826"}],"wp:attachment":[{"href":"https:\/\/antcube.shop\/tr\/wp-json\/wp\/v2\/media?parent=9319"}],"wp:term":[{"taxonomy":"product_brand","embeddable":true,"href":"https:\/\/antcube.shop\/tr\/wp-json\/wp\/v2\/product_brand?post=9319"},{"taxonomy":"product_cat","embeddable":true,"href":"https:\/\/antcube.shop\/tr\/wp-json\/wp\/v2\/product_cat?post=9319"},{"taxonomy":"product_tag","embeddable":true,"href":"https:\/\/antcube.shop\/tr\/wp-json\/wp\/v2\/product_tag?post=9319"}],"curies":[{"name":"wp","href":"https:\/\/api.w.org\/{rel}","templated":true}]}}