{"id":9317,"date":"2024-09-17T16:13:59","date_gmt":"2024-09-17T14:13:59","guid":{"rendered":"https:\/\/antcube.shop\/en\/product\/ameisen-ausbruchsschutz-set\/"},"modified":"2026-04-13T09:30:49","modified_gmt":"2026-04-13T07:30:49","slug":"karinca-salgini-koruma-seti","status":"publish","type":"product","link":"https:\/\/antcube.shop\/tr\/urun\/karinca-salgini-koruma-seti\/","title":{"rendered":"Kar\u0131nca salg\u0131n\u0131 koruma seti"},"content":{"rendered":"<p><strong>\u0130\u00e7indekiler:<\/strong><br \/>\n1x kar\u0131nca salg\u0131n\u0131 koruma ya\u011f\u0131 10ml (gazya\u011f\u0131 bazl\u0131)<br \/>\n1x kar\u0131nca salg\u0131n\u0131 koruma pudras\u0131 10ml (talk bazl\u0131)<br \/>\n1x kar\u0131nca salg\u0131n\u0131 koruma verni\u011fi 10ml (PTFE bazl\u0131)<br \/>\nSalg\u0131n koruma malzemesini uygulamak i\u00e7in 3x \u00f6zel k\u00f6p\u00fck f\u0131r\u00e7a<br \/>\nDozajlama veya kar\u0131\u015ft\u0131rma i\u00e7in 3x kar\u0131\u015ft\u0131rma kab\u0131.<\/p>\n<p><strong>A\u00e7\u0131klama:<\/strong> Hangi salg\u0131n korumas\u0131n\u0131n koloniniz i\u00e7in en uygun oldu\u011funu test edebilmeniz i\u00e7in en etkili salg\u0131n koruma malzemelerinden olu\u015fan k\u00fc\u00e7\u00fck bir set haz\u0131rlad\u0131k.<\/p>\n<p><a href=\"https:\/\/www.antstore.net\/shop\/images\/documents\/ant%20escape%20protection%20lacquer%20EN.pdf\">Kar\u0131nca salg\u0131n\u0131na kar\u015f\u0131 koruma boyas\u0131 i\u00e7in g\u00fcvenlik bilgi formu (\u0130ngilizce), (PDF 0.2 MB)<\/a><br \/>\n(\u0130\u00e7indekiler: G\u00fcvenlik talimatlar\u0131)<\/p>\n<p><a href=\"https:\/\/www.antstore.net\/shop\/images\/documents\/ant_escape_protection_oil_en.pdf\">Kar\u0131nca Salg\u0131n\u0131na Kar\u015f\u0131 Koruma Ya\u011f\u0131 G\u00fcvenlik Bilgi Formu (\u0130ngilizce) , (PDF 0.1 MB)<\/a><br \/>\n(\u0130\u00e7indekiler: G\u00fcvenlik talimatlar\u0131)<\/p>","protected":false},"excerpt":{"rendered":"<p>\u0130\u00e7indekiler: 1x kar\u0131nca salg\u0131n\u0131 koruma ya\u011f\u0131 10ml (kerosen ya\u011f\u0131 bazl\u0131) 1x kar\u0131nca salg\u0131n\u0131 koruma tozu 10ml (talk bazl\u0131) 1x kar\u0131nca salg\u0131n\u0131 koruma verni\u011fi 10ml (PTFE bazl\u0131) Salg\u0131n koruma malzemesini uygulamak i\u00e7in 3x \u00f6zel k\u00f6p\u00fck f\u0131r\u00e7a Dozajlama veya kar\u0131\u015ft\u0131rma i\u00e7in 3x kar\u0131\u015ft\u0131rma kab\u0131. A\u00e7\u0131klama: En etkili salg\u0131n koruma malzemelerinden olu\u015fan k\u00fc\u00e7\u00fck bir seti bir araya getirdik.","protected":false},"featured_media":9591,"comment_status":"open","ping_status":"closed","template":"","meta":{"_acf_changed":false,"content-type":"","_monsterinsights_skip_tracking":false,"_monsterinsights_sitenote_active":false,"_monsterinsights_sitenote_note":"","_monsterinsights_sitenote_category":0},"product_brand":[484],"product_cat":[237],"product_tag":[],"class_list":{"0":"post-9317","1":"product","2":"type-product","3":"status-publish","4":"has-post-thumbnail","6":"product_brand-antcube","7":"product_cat-tools","9":"first","10":"instock","11":"taxable","12":"shipping-taxable","13":"purchasable","14":"product-type-simple"},"acf":[],"aioseo_notices":[],"jetpack_sharing_enabled":true,"_links":{"self":[{"href":"https:\/\/antcube.shop\/tr\/wp-json\/wp\/v2\/product\/9317","targetHints":{"allow":["GET"]}}],"collection":[{"href":"https:\/\/antcube.shop\/tr\/wp-json\/wp\/v2\/product"}],"about":[{"href":"https:\/\/antcube.shop\/tr\/wp-json\/wp\/v2\/types\/product"}],"replies":[{"embeddable":true,"href":"https:\/\/antcube.shop\/tr\/wp-json\/wp\/v2\/comments?post=9317"}],"wp:featuredmedia":[{"embeddable":true,"href":"https:\/\/antcube.shop\/tr\/wp-json\/wp\/v2\/media\/9591"}],"wp:attachment":[{"href":"https:\/\/antcube.shop\/tr\/wp-json\/wp\/v2\/media?parent=9317"}],"wp:term":[{"taxonomy":"product_brand","embeddable":true,"href":"https:\/\/antcube.shop\/tr\/wp-json\/wp\/v2\/product_brand?post=9317"},{"taxonomy":"product_cat","embeddable":true,"href":"https:\/\/antcube.shop\/tr\/wp-json\/wp\/v2\/product_cat?post=9317"},{"taxonomy":"product_tag","embeddable":true,"href":"https:\/\/antcube.shop\/tr\/wp-json\/wp\/v2\/product_tag?post=9317"}],"curies":[{"name":"wp","href":"https:\/\/api.w.org\/{rel}","templated":true}]}}