{"id":9316,"date":"2024-09-17T16:13:38","date_gmt":"2024-09-17T14:13:38","guid":{"rendered":"https:\/\/antcube.shop\/en\/product\/ameisen-ausbruchsschutz-lack-10ml\/"},"modified":"2026-04-23T20:24:29","modified_gmt":"2026-04-23T18:24:29","slug":"ameisen-ausbruchsschutz-lack-10ml","status":"publish","type":"product","link":"https:\/\/antcube.shop\/tr\/urun\/ameisen-ausbruchsschutz-lack-10ml\/","title":{"rendered":"Kar\u0131nca Salg\u0131n\u0131 Koruma Verni\u011fi 10ml"},"content":{"rendered":"<p><strong>\u0130\u00e7erik:<\/strong> 10 ml (20 mm geni\u015fli\u011finde bir \u015feridin yakla\u015f\u0131k 10 metresi i\u00e7in yeterli miktarda suland\u0131r\u0131lmam\u0131\u015f)<\/p>\n<p><strong>Renk:<\/strong> s\u00fct beyaz\u0131<\/p>\n<p><strong>Malzeme:<\/strong> PTFE bazl\u0131<\/p>\n<p><strong>A\u00e7\u0131klama:<\/strong> Vernik, kar\u0131ncalar i\u00e7in ideal bir ka\u00e7\u0131\u015f \u00f6nleyici korumad\u0131r; genellikle yap\u0131\u015fkan \u00f6nleyici olarak da kullan\u0131lan bir plastik t\u00fcr\u00fcd\u00fcr - Bilim Adamlar\u0131 H\u00f6lldobler ve Wilson taraf\u0131ndan kar\u0131nca muhafazas\u0131nda ka\u00e7\u0131\u015f \u00f6nleyici koruma olarak da \u00f6nerilmektedir. Kar\u0131ncalar uygulanan film \u00fczerinde tutunamaz ve kayar. Kaplama uzun \u00f6m\u00fcrl\u00fcd\u00fcr ve bu nedenle di\u011fer alternatifler kadar s\u0131k yenilenmesi gerekmez.<\/p>\n<p><strong>Avantaj:<\/strong><br \/>\n- Temiz bir \u015fekilde uyguland\u0131\u011f\u0131nda yenilemeye gerek yoktur.<br \/>\n- Cam y\u00fczeyler i\u00e7in idealdir.<\/p>\n<p><strong>Dezavantaj:<\/strong><br \/>\n- Vernik suda \u00e7\u00f6z\u00fcn\u00fcr oldu\u011fu i\u00e7in y\u00fcksek nemli formikarya i\u00e7in uygun de\u011fildir.<br \/>\n- Vernik plastik y\u00fczeyler i\u00e7in \u00e7ok uygun de\u011fildir, \u00e7\u00fcnk\u00fc bunlar kendili\u011finden ya\u011flan\u0131r.<br \/>\n- \"Vernikli\" y\u00fczeyin p\u00fcr\u00fczl\u00fc veya \u00e7izik olmamas\u0131 gerekti\u011finden, uygulama \u00f6nceden yap\u0131lmal\u0131d\u0131r.<\/p>\n<p><strong>Uygulama:<\/strong> Kullanmadan \u00f6nce iyice \u00e7alkalay\u0131n. Vernik tedarik edildi\u011fi \u015fekilde veya maksimum 1:10'a kadar su ile seyreltilerek kullan\u0131labilir. Bir f\u0131r\u00e7a ile uygulanabilir veya i\u015flem yap\u0131lacak y\u00fczeylere dikkatlice damlat\u0131labilir. Film, kenarlarda kar\u0131ncalar\u0131n uzunlu\u011funun yakla\u015f\u0131k 3 kat\u0131 kadar geni\u015f olmal\u0131d\u0131r. Bunu yapman\u0131n en kolay yolu, alan\u0131 yap\u0131\u015fkan bantla maskelemek ve boyay\u0131 tank\u0131n yan taraf\u0131na uzanarak uygulamakt\u0131r. Her bir taraf i\u00e7in kuruma s\u00fcresi yakla\u015f\u0131k 45 dakikad\u0131r, ancak uygulaman\u0131n kal\u0131nl\u0131\u011f\u0131na ba\u011fl\u0131 olarak biraz de\u011fi\u015febilir.<\/p>\n<p><strong>\u00d6nemli not:<\/strong> G\u00f6z ile temas\u0131ndan ka\u00e7\u0131n\u0131n\u0131z. G\u00f6z ile temas\u0131 halinde derhal bol su ile y\u0131kay\u0131n\u0131z ve doktora ba\u015fvurunuz. Uygulama s\u0131ras\u0131nda sigara i\u00e7meyin. Sadece iyi havaland\u0131r\u0131lm\u0131\u015f alanlarda kullan\u0131n. \u00c7ocuklar\u0131n ula\u015fabilece\u011fi yerlerden uzak tutun! Boya s\u0131f\u0131r\u0131n alt\u0131ndaki s\u0131cakl\u0131klarda k\u0131vam\u0131n\u0131 geri d\u00f6nd\u00fcr\u00fclemez \u015fekilde de\u011fi\u015ftirebilir. Bu nedenle sadece 0\u00b0C'nin \u00fczerindeki s\u0131cakl\u0131klarda g\u00f6nderiyoruz!<\/p>\n<p><a href=\"https:\/\/www.antstore.net\/shop\/images\/documents\/ant%20escape%20protection%20lacquer%20EN.pdf\">Kar\u0131nca Salg\u0131n\u0131na Kar\u015f\u0131 Koruma Boyas\u0131 i\u00e7in g\u00fcvenlik bilgi formu (\u0130ngilizce) , (PDF 0.2 MB)<\/a><br \/>\n(\u0130\u00e7indekiler: G\u00fcvenlik talimatlar\u0131)<\/p>\n<p>&nbsp;<\/p>","protected":false},"excerpt":{"rendered":"<p>\u0130\u00e7erik: 10 ml (20 mm geni\u015fli\u011finde bir \u015feridin yakla\u015f\u0131k 10 metresi i\u00e7in yeterli miktarda seyreltilmemi\u015f) Renk: s\u00fct beyaz\u0131 Malzeme: PTFE bazl\u0131 A\u00e7\u0131klama: Vernik, kar\u0131ncalar i\u00e7in ideal k\u0131r\u0131lma \u00f6nleyici korumad\u0131r; genellikle yap\u0131\u015fkan \u00f6nleyici olarak da kullan\u0131lan bir plastik t\u00fcr\u00fcd\u00fcr - Bilim adamlar\u0131 H\u00f6lldobler ve Wilson taraf\u0131ndan kar\u0131ncalarda k\u0131r\u0131lma \u00f6nleyici koruma olarak da \u00f6nerilmektedir.","protected":false},"featured_media":9592,"comment_status":"open","ping_status":"closed","template":"","meta":{"_acf_changed":false,"content-type":"","_monsterinsights_skip_tracking":false,"_monsterinsights_sitenote_active":false,"_monsterinsights_sitenote_note":"","_monsterinsights_sitenote_category":0},"product_brand":[484],"product_cat":[237],"product_tag":[],"class_list":{"0":"post-9316","1":"product","2":"type-product","3":"status-publish","4":"has-post-thumbnail","6":"product_brand-antcube","7":"product_cat-tools","9":"first","10":"instock","11":"taxable","12":"shipping-taxable","13":"purchasable","14":"product-type-simple"},"acf":[],"aioseo_notices":[],"jetpack_sharing_enabled":true,"_links":{"self":[{"href":"https:\/\/antcube.shop\/tr\/wp-json\/wp\/v2\/product\/9316","targetHints":{"allow":["GET"]}}],"collection":[{"href":"https:\/\/antcube.shop\/tr\/wp-json\/wp\/v2\/product"}],"about":[{"href":"https:\/\/antcube.shop\/tr\/wp-json\/wp\/v2\/types\/product"}],"replies":[{"embeddable":true,"href":"https:\/\/antcube.shop\/tr\/wp-json\/wp\/v2\/comments?post=9316"}],"wp:featuredmedia":[{"embeddable":true,"href":"https:\/\/antcube.shop\/tr\/wp-json\/wp\/v2\/media\/9592"}],"wp:attachment":[{"href":"https:\/\/antcube.shop\/tr\/wp-json\/wp\/v2\/media?parent=9316"}],"wp:term":[{"taxonomy":"product_brand","embeddable":true,"href":"https:\/\/antcube.shop\/tr\/wp-json\/wp\/v2\/product_brand?post=9316"},{"taxonomy":"product_cat","embeddable":true,"href":"https:\/\/antcube.shop\/tr\/wp-json\/wp\/v2\/product_cat?post=9316"},{"taxonomy":"product_tag","embeddable":true,"href":"https:\/\/antcube.shop\/tr\/wp-json\/wp\/v2\/product_tag?post=9316"}],"curies":[{"name":"wp","href":"https:\/\/api.w.org\/{rel}","templated":true}]}}