{"id":9315,"date":"2024-09-17T16:13:12","date_gmt":"2024-09-17T14:13:12","guid":{"rendered":"https:\/\/antcube.shop\/en\/product\/ameisen-ausbruchsschutz-pulver-10ml\/"},"modified":"2026-04-13T09:34:21","modified_gmt":"2026-04-13T07:34:21","slug":"karinca-kacis-koruma-tozu-10ml","status":"publish","type":"product","link":"https:\/\/antcube.shop\/tr\/urun\/karinca-kacis-koruma-tozu-10ml\/","title":{"rendered":"Kar\u0131nca ka\u00e7\u0131\u015f koruma tozu 10ml"},"content":{"rendered":"<p><strong>\u0130\u00e7erik:<\/strong> 8g\/10ml (yakla\u015f\u0131k bir metre 2cm geni\u015fli\u011finde \u015ferit i\u00e7in yeterli)<\/p>\n<p><strong>Renk:<\/strong> beyaz, mat<\/p>\n<p><strong>Malzeme:<\/strong> talk bazl\u0131<\/p>\n<p><strong>A\u00e7\u0131klama:<\/strong> Pudra, suyla kar\u0131\u015ft\u0131r\u0131larak ve formikaryumun i\u00e7 kenar\u0131n\u0131n yakla\u015f\u0131k 1 cm alt\u0131na bir f\u0131r\u00e7a ile s\u00fcr\u00fclerek kar\u0131ncalar\u0131n d\u0131\u015far\u0131 \u00e7\u0131kmas\u0131n\u0131 \u00f6nler. Su buharla\u015f\u0131r ve geriye ince bir talk pudras\u0131 tabakas\u0131 kal\u0131r.<\/p>\n<p><strong>Avantaj:<\/strong> \u00e7ok etkili, uzun \u00f6m\u00fcrl\u00fc<\/p>\n<p><strong>Dezavantaj:<\/strong> Formikaryum \u00e7alkalan\u0131rsa toz tabakas\u0131 \u00e7\u0131kabilir. Salg\u0131n koruma ya\u011f\u0131 veya verni\u011fe k\u0131yasla nispeten b\u00fcy\u00fck bir miktar gereklidir<\/p>\n<p><strong>Uygulama:<\/strong> Film, kar\u0131ncalar\u0131n uzunlu\u011funun yakla\u015f\u0131k 3 kat\u0131 geni\u015fli\u011finde kenara uygulanmal\u0131d\u0131r.<\/p>","protected":false},"excerpt":{"rendered":"<p>\u0130\u00e7erik: 8g\/10ml (yakla\u015f\u0131k bir metre 2cm geni\u015fli\u011finde \u015ferit i\u00e7in yeterli) Renk: beyaz, mat Malzeme: talk bazl\u0131 A\u00e7\u0131klama: Toz, suyla kar\u0131\u015ft\u0131r\u0131larak ve formikaryumun i\u00e7 kenar\u0131n\u0131n yakla\u015f\u0131k 1 cm alt\u0131na bir f\u0131r\u00e7a ile uygulanarak kar\u0131ncalar\u0131n \u00e7\u0131kmas\u0131n\u0131 \u00f6nler. Su buharla\u015f\u0131r ve ince bir tabaka","protected":false},"featured_media":9596,"comment_status":"open","ping_status":"closed","template":"","meta":{"_acf_changed":false,"content-type":"","_monsterinsights_skip_tracking":false,"_monsterinsights_sitenote_active":false,"_monsterinsights_sitenote_note":"","_monsterinsights_sitenote_category":0},"product_brand":[],"product_cat":[237],"product_tag":[],"class_list":{"0":"post-9315","1":"product","2":"type-product","3":"status-publish","4":"has-post-thumbnail","6":"product_cat-tools","8":"first","9":"instock","10":"taxable","11":"shipping-taxable","12":"purchasable","13":"product-type-simple"},"acf":[],"aioseo_notices":[],"jetpack_sharing_enabled":true,"_links":{"self":[{"href":"https:\/\/antcube.shop\/tr\/wp-json\/wp\/v2\/product\/9315","targetHints":{"allow":["GET"]}}],"collection":[{"href":"https:\/\/antcube.shop\/tr\/wp-json\/wp\/v2\/product"}],"about":[{"href":"https:\/\/antcube.shop\/tr\/wp-json\/wp\/v2\/types\/product"}],"replies":[{"embeddable":true,"href":"https:\/\/antcube.shop\/tr\/wp-json\/wp\/v2\/comments?post=9315"}],"wp:featuredmedia":[{"embeddable":true,"href":"https:\/\/antcube.shop\/tr\/wp-json\/wp\/v2\/media\/9596"}],"wp:attachment":[{"href":"https:\/\/antcube.shop\/tr\/wp-json\/wp\/v2\/media?parent=9315"}],"wp:term":[{"taxonomy":"product_brand","embeddable":true,"href":"https:\/\/antcube.shop\/tr\/wp-json\/wp\/v2\/product_brand?post=9315"},{"taxonomy":"product_cat","embeddable":true,"href":"https:\/\/antcube.shop\/tr\/wp-json\/wp\/v2\/product_cat?post=9315"},{"taxonomy":"product_tag","embeddable":true,"href":"https:\/\/antcube.shop\/tr\/wp-json\/wp\/v2\/product_tag?post=9315"}],"curies":[{"name":"wp","href":"https:\/\/api.w.org\/{rel}","templated":true}]}}