{"id":9311,"date":"2024-09-17T16:11:32","date_gmt":"2024-09-17T14:11:32","guid":{"rendered":"https:\/\/antcube.shop\/en\/product\/gitterkappe-40mm-edelstahl\/"},"modified":"2026-03-16T10:38:12","modified_gmt":"2026-03-16T09:38:12","slug":"izgara-kapagi-40mm-paslanmaz-celik","status":"publish","type":"product","link":"https:\/\/antcube.shop\/tr\/urun\/izgara-kapagi-40mm-paslanmaz-celik\/","title":{"rendered":"Izgara kapa\u011f\u0131 - 40mm - paslanmaz \u00e7elik"},"content":{"rendered":"<p><strong>Miktar:<\/strong> 1 adet<\/p>\n<p><strong>Boyutlar:<\/strong> 40mm (i\u00e7 \u00e7ap), 50x8mm (d\u0131\u015f boyutlar)<\/p>\n<p><strong>Renk:<\/strong> \u015feffaf<\/p>\n<p><strong>Malzeme:<\/strong> paslanmaz \u00e7elik, akrilik cam<\/p>\n<p><strong>A\u00e7\u0131klama:<\/strong><br \/>\n\u00c7ok ince paslanmaz \u00e7elik \u0131zgaral\u0131 (0,2 mm) bu \u0131zgara kapa\u011f\u0131 bir sokete, t\u00fcpe veya hortum ucuna tak\u0131labilir ve kar\u0131ncalar\u0131n ka\u00e7mas\u0131na izin vermeden iyi bir formikaryum havaland\u0131rmas\u0131 sa\u011flar. Hem paslanmaz \u00e7elik \u0131zgara hem de akrilik cam \u00e7er\u00e7eve \u015feffaft\u0131r.<\/p>\n<p><strong>Not:<\/strong> Yaprak kesen kar\u0131ncalar gibi \u00e7ok \u0131s\u0131ran t\u00fcrler i\u00e7in de uygundur!<\/p>","protected":false},"excerpt":{"rendered":"<p>Miktar 1 adet Boyutlar: 40mm (i\u00e7 \u00e7ap), 50x8mm (d\u0131\u015f boyutlar) Renk: \u015feffaf Malzeme: paslanmaz \u00e7elik, akrilik cam A\u00e7\u0131klama: \u00c7ok ince paslanmaz \u00e7elik \u0131zgaral\u0131 (0,2 mm) bu \u0131zgara kapa\u011f\u0131 bir sokete, t\u00fcpe veya hortum ucuna tak\u0131labilir ve kar\u0131ncalar\u0131n ka\u00e7mas\u0131na izin vermeden iyi bir formikaryum havaland\u0131rmas\u0131 sa\u011flar. Hem paslanmaz \u00e7elik","protected":false},"featured_media":9598,"comment_status":"open","ping_status":"closed","template":"","meta":{"_acf_changed":false,"content-type":"","_monsterinsights_skip_tracking":false,"_monsterinsights_sitenote_active":false,"_monsterinsights_sitenote_note":"","_monsterinsights_sitenote_category":0},"product_brand":[485],"product_cat":[119,238],"product_tag":[],"class_list":{"0":"post-9311","1":"product","2":"type-product","3":"status-publish","4":"has-post-thumbnail","6":"product_brand-antstore","7":"product_cat-formicarium-components","8":"product_cat-grid-caps-plugs-and-inserts","10":"first","11":"instock","12":"taxable","13":"shipping-taxable","14":"purchasable","15":"product-type-simple"},"acf":[],"aioseo_notices":[],"jetpack_sharing_enabled":true,"_links":{"self":[{"href":"https:\/\/antcube.shop\/tr\/wp-json\/wp\/v2\/product\/9311","targetHints":{"allow":["GET"]}}],"collection":[{"href":"https:\/\/antcube.shop\/tr\/wp-json\/wp\/v2\/product"}],"about":[{"href":"https:\/\/antcube.shop\/tr\/wp-json\/wp\/v2\/types\/product"}],"replies":[{"embeddable":true,"href":"https:\/\/antcube.shop\/tr\/wp-json\/wp\/v2\/comments?post=9311"}],"wp:featuredmedia":[{"embeddable":true,"href":"https:\/\/antcube.shop\/tr\/wp-json\/wp\/v2\/media\/9598"}],"wp:attachment":[{"href":"https:\/\/antcube.shop\/tr\/wp-json\/wp\/v2\/media?parent=9311"}],"wp:term":[{"taxonomy":"product_brand","embeddable":true,"href":"https:\/\/antcube.shop\/tr\/wp-json\/wp\/v2\/product_brand?post=9311"},{"taxonomy":"product_cat","embeddable":true,"href":"https:\/\/antcube.shop\/tr\/wp-json\/wp\/v2\/product_cat?post=9311"},{"taxonomy":"product_tag","embeddable":true,"href":"https:\/\/antcube.shop\/tr\/wp-json\/wp\/v2\/product_tag?post=9311"}],"curies":[{"name":"wp","href":"https:\/\/api.w.org\/{rel}","templated":true}]}}