{"id":9309,"date":"2024-09-17T16:10:44","date_gmt":"2024-09-17T14:10:44","guid":{"rendered":"https:\/\/antcube.shop\/en\/product\/einsteckeinsatz-fein-fur-gittereinsatz-acryl-50-mm\/"},"modified":"2026-03-24T16:45:14","modified_gmt":"2026-03-24T15:45:14","slug":"einsteckeinsatz-fein-fur-gittereinsatz-acryl-50-mm","status":"publish","type":"product","link":"https:\/\/antcube.shop\/tr\/urun\/einsteckeinsatz-fein-fur-gittereinsatz-acryl-50-mm\/","title":{"rendered":"\u0130nce u\u00e7 - 50 mm akrilik \u0131zgara ucu i\u00e7in"},"content":{"rendered":"<p><strong>Miktar:<\/strong> 1 adet<\/p>\n<p><strong>Boyutlar:<\/strong> 50x10mm<\/p>\n<p><strong>Renk:<\/strong> \u015feffaf<\/p>\n<p><strong>Malzeme:<\/strong> plastik<\/p>\n<p><strong>A\u00e7\u0131klama:<\/strong><br \/>\n\"Mesh insert acrylic 50 mm - clear\" i\u00e7in \u00e7ok ince g\u00f6zenekli (0,2-0,3 mm) bu ek par\u00e7a, k\u00fc\u00e7\u00fck kar\u0131ncalar\u0131n mesh insert'in geni\u015f havaland\u0131rma yar\u0131klar\u0131ndan ka\u00e7mas\u0131n\u0131 \u00f6nler. Ek par\u00e7a, a\u011f ek par\u00e7as\u0131na alttan yerle\u015ftirilir.<\/p>\n<p>Yaprak kesen kar\u0131ncalar gibi \u00e7ok \u0131s\u0131ran t\u00fcrler i\u00e7in de uygundur!<\/p>\n<p><strong>Not:<\/strong> L\u00fctfen bu \u00fcr\u00fcn\u00fc yaln\u0131zca \u00fcr\u00fcnle birlikte kullanabilece\u011finizi unutmay\u0131n: \"005044 Izgara ek par\u00e7as\u0131 akrilik 50 mm - \u015feffaf\"!<\/p>","protected":false},"excerpt":{"rendered":"<p>Miktar 1 adet Boyutlar: 50x10mm Renk: \u015feffaf Malzeme: plastik A\u00e7\u0131klama: \"Mesh insert acrylic 50 mm - clear\" i\u00e7in \u00e7ok ince g\u00f6zenekli (0,2-0,3 mm) bu ek par\u00e7a, k\u00fc\u00e7\u00fck kar\u0131ncalar\u0131n mesh insert'in geni\u015f havaland\u0131rma yar\u0131klar\u0131ndan ka\u00e7mas\u0131n\u0131 \u00f6nler. Ek par\u00e7a, a\u011f ek par\u00e7as\u0131na alttan yerle\u015ftirilir. \u00c7ok k\u00fc\u00e7\u00fck kar\u0131ncalar i\u00e7in de uygundur.","protected":false},"featured_media":9842,"comment_status":"open","ping_status":"closed","template":"","meta":{"_acf_changed":false,"content-type":"","_monsterinsights_skip_tracking":false,"_monsterinsights_sitenote_active":false,"_monsterinsights_sitenote_note":"","_monsterinsights_sitenote_category":0},"product_brand":[],"product_cat":[119,238],"product_tag":[],"class_list":{"0":"post-9309","1":"product","2":"type-product","3":"status-publish","4":"has-post-thumbnail","6":"product_cat-formicarium-components","7":"product_cat-grid-caps-plugs-and-inserts","9":"first","10":"outofstock","11":"taxable","12":"shipping-taxable","13":"purchasable","14":"product-type-simple"},"acf":[],"aioseo_notices":[],"jetpack_sharing_enabled":true,"_links":{"self":[{"href":"https:\/\/antcube.shop\/tr\/wp-json\/wp\/v2\/product\/9309","targetHints":{"allow":["GET"]}}],"collection":[{"href":"https:\/\/antcube.shop\/tr\/wp-json\/wp\/v2\/product"}],"about":[{"href":"https:\/\/antcube.shop\/tr\/wp-json\/wp\/v2\/types\/product"}],"replies":[{"embeddable":true,"href":"https:\/\/antcube.shop\/tr\/wp-json\/wp\/v2\/comments?post=9309"}],"wp:featuredmedia":[{"embeddable":true,"href":"https:\/\/antcube.shop\/tr\/wp-json\/wp\/v2\/media\/9842"}],"wp:attachment":[{"href":"https:\/\/antcube.shop\/tr\/wp-json\/wp\/v2\/media?parent=9309"}],"wp:term":[{"taxonomy":"product_brand","embeddable":true,"href":"https:\/\/antcube.shop\/tr\/wp-json\/wp\/v2\/product_brand?post=9309"},{"taxonomy":"product_cat","embeddable":true,"href":"https:\/\/antcube.shop\/tr\/wp-json\/wp\/v2\/product_cat?post=9309"},{"taxonomy":"product_tag","embeddable":true,"href":"https:\/\/antcube.shop\/tr\/wp-json\/wp\/v2\/product_tag?post=9309"}],"curies":[{"name":"wp","href":"https:\/\/api.w.org\/{rel}","templated":true}]}}