{"id":9308,"date":"2024-09-17T16:10:24","date_gmt":"2024-09-17T14:10:24","guid":{"rendered":"https:\/\/antcube.shop\/en\/product\/dosierfilter-16mm\/"},"modified":"2026-04-05T17:10:16","modified_gmt":"2026-04-05T15:10:16","slug":"dozaj-filtresi-16mm","status":"publish","type":"product","link":"https:\/\/antcube.shop\/tr\/urun\/dozaj-filtresi-16mm\/","title":{"rendered":"Dozaj filtresi 16mm"},"content":{"rendered":"<p><strong>Boyutlar:<\/strong> 20 mm uzunlu\u011funda, 16 mm yuva t\u00fcpleri i\u00e7in 14 mm \u00e7ap\u0131nda<\/p>\n<p><strong>\u0130\u00e7indekiler:<\/strong><br \/>\n1x dozaj filtresi<\/p>\n<p><strong>Malzeme:<\/strong> Filtre ortam\u0131<\/p>\n<p><strong>A\u00e7\u0131klama:<\/strong> Dozaj filtresi, kar\u0131ncalar\u0131 yuva t\u00fcp\u00fcndeki su tank\u0131ndan ay\u0131r\u0131r. Bununla birlikte, k\u0131lcal kuvvetler kar\u0131ncalar\u0131 beslemek i\u00e7in yeterli nemin filtreden ge\u00e7mesine izin verir.<\/p>\n<p><strong>Renkler:<\/strong> beyaz<\/p>","protected":false},"excerpt":{"rendered":"<p>Boyutlar: 20 mm uzunlu\u011funda, 16 mm yuva t\u00fcpleri i\u00e7in \u00e7ap 14 mm \u0130\u00e7indekiler: 1x dozaj filtresi Malzeme: Filtre ortam\u0131 A\u00e7\u0131klama: Dozaj filtresi, kar\u0131ncalar\u0131 yuva t\u00fcp\u00fcndeki su tank\u0131ndan ay\u0131r\u0131r. Bununla birlikte, k\u0131lcal kuvvetler kar\u0131ncalar\u0131 beslemek i\u00e7in yeterli nemin filtreden ge\u00e7mesine izin verir. Renkler: beyaz<\/p>","protected":false},"featured_media":9847,"comment_status":"open","ping_status":"closed","template":"","meta":{"_acf_changed":false,"content-type":"","_monsterinsights_skip_tracking":false,"_monsterinsights_sitenote_active":false,"_monsterinsights_sitenote_note":"","_monsterinsights_sitenote_category":0},"product_brand":[],"product_cat":[237],"product_tag":[],"class_list":{"0":"post-9308","1":"product","2":"type-product","3":"status-publish","4":"has-post-thumbnail","6":"product_cat-tools","8":"first","9":"instock","10":"taxable","11":"shipping-taxable","12":"purchasable","13":"product-type-simple"},"acf":[],"aioseo_notices":[],"jetpack_sharing_enabled":true,"_links":{"self":[{"href":"https:\/\/antcube.shop\/tr\/wp-json\/wp\/v2\/product\/9308","targetHints":{"allow":["GET"]}}],"collection":[{"href":"https:\/\/antcube.shop\/tr\/wp-json\/wp\/v2\/product"}],"about":[{"href":"https:\/\/antcube.shop\/tr\/wp-json\/wp\/v2\/types\/product"}],"replies":[{"embeddable":true,"href":"https:\/\/antcube.shop\/tr\/wp-json\/wp\/v2\/comments?post=9308"}],"wp:featuredmedia":[{"embeddable":true,"href":"https:\/\/antcube.shop\/tr\/wp-json\/wp\/v2\/media\/9847"}],"wp:attachment":[{"href":"https:\/\/antcube.shop\/tr\/wp-json\/wp\/v2\/media?parent=9308"}],"wp:term":[{"taxonomy":"product_brand","embeddable":true,"href":"https:\/\/antcube.shop\/tr\/wp-json\/wp\/v2\/product_brand?post=9308"},{"taxonomy":"product_cat","embeddable":true,"href":"https:\/\/antcube.shop\/tr\/wp-json\/wp\/v2\/product_cat?post=9308"},{"taxonomy":"product_tag","embeddable":true,"href":"https:\/\/antcube.shop\/tr\/wp-json\/wp\/v2\/product_tag?post=9308"}],"curies":[{"name":"wp","href":"https:\/\/api.w.org\/{rel}","templated":true}]}}