{"id":9307,"date":"2024-09-17T16:10:04","date_gmt":"2024-09-17T14:10:04","guid":{"rendered":"https:\/\/antcube.shop\/en\/product\/formicarienstopfen-fur-13mm-bohrung\/"},"modified":"2026-04-07T15:47:15","modified_gmt":"2026-04-07T13:47:15","slug":"formicarienstopfen-fur-13mm-bohrung","status":"publish","type":"product","link":"https:\/\/antcube.shop\/tr\/urun\/formicarienstopfen-fur-13mm-bohrung\/","title":{"rendered":"13 mm delik i\u00e7in formikaryum tapas\u0131"},"content":{"rendered":"<p><strong>Miktar:<\/strong> 1 adet<\/p>\n<p><strong>Boyutlar:<\/strong> 18\u00d79 mm<\/p>\n<p><strong>Malzeme:<\/strong> PE plastik<\/p>\n<p><strong>Renk:<\/strong> \u015feffaf, s\u00fctl\u00fc<\/p>\n<p><strong>A\u00e7\u0131klama:<\/strong> Formikaryadaki 13 mm \u00e7ap\u0131ndaki yuvarlak a\u00e7\u0131kl\u0131klar\u0131 kapatmak i\u00e7in.<br \/>\nTalep \u00fczerine ekstra \u00fccret kar\u015f\u0131l\u0131\u011f\u0131nda tapalarda delikler de a\u00e7abiliriz.<br \/>\n\u00d6rne\u011fin a\u015fa\u011f\u0131daki \u00f6\u011feler i\u00e7in a\u015fa\u011f\u0131daki kesimler \u00f6nerilir:<br \/>\n10 mm, \u00f6rne\u011fin hortum veya t\u00fcp i\u00e7in 10 mm<\/p>","protected":false},"excerpt":{"rendered":"<p>Miktar 1 adet Boyutlar: 18x9 mm Malzeme: PE plastik Renk: \u015feffaf, s\u00fctl\u00fc A\u00e7\u0131klama: Formikaryadaki 13 mm \u00e7ap\u0131ndaki yuvarlak a\u00e7\u0131kl\u0131klar\u0131 kapatmak i\u00e7in. Talep \u00fczerine ekstra \u00fccret kar\u015f\u0131l\u0131\u011f\u0131nda tapalarda delikler de a\u00e7abiliriz. A\u015fa\u011f\u0131daki \u00f6\u011feler i\u00e7in a\u015fa\u011f\u0131daki kesikler \u00f6nerilir, \u00f6rne\u011fin: 10 mm, \u00f6rne\u011fin hortum veya","protected":false},"featured_media":9849,"comment_status":"open","ping_status":"closed","template":"","meta":{"_acf_changed":false,"content-type":"","_monsterinsights_skip_tracking":false,"_monsterinsights_sitenote_active":false,"_monsterinsights_sitenote_note":"","_monsterinsights_sitenote_category":0},"product_brand":[],"product_cat":[119,238],"product_tag":[],"class_list":{"0":"post-9307","1":"product","2":"type-product","3":"status-publish","4":"has-post-thumbnail","6":"product_cat-formicarium-components","7":"product_cat-grid-caps-plugs-and-inserts","9":"first","10":"instock","11":"taxable","12":"shipping-taxable","13":"purchasable","14":"product-type-simple"},"acf":[],"aioseo_notices":[],"jetpack_sharing_enabled":true,"_links":{"self":[{"href":"https:\/\/antcube.shop\/tr\/wp-json\/wp\/v2\/product\/9307","targetHints":{"allow":["GET"]}}],"collection":[{"href":"https:\/\/antcube.shop\/tr\/wp-json\/wp\/v2\/product"}],"about":[{"href":"https:\/\/antcube.shop\/tr\/wp-json\/wp\/v2\/types\/product"}],"replies":[{"embeddable":true,"href":"https:\/\/antcube.shop\/tr\/wp-json\/wp\/v2\/comments?post=9307"}],"wp:featuredmedia":[{"embeddable":true,"href":"https:\/\/antcube.shop\/tr\/wp-json\/wp\/v2\/media\/9849"}],"wp:attachment":[{"href":"https:\/\/antcube.shop\/tr\/wp-json\/wp\/v2\/media?parent=9307"}],"wp:term":[{"taxonomy":"product_brand","embeddable":true,"href":"https:\/\/antcube.shop\/tr\/wp-json\/wp\/v2\/product_brand?post=9307"},{"taxonomy":"product_cat","embeddable":true,"href":"https:\/\/antcube.shop\/tr\/wp-json\/wp\/v2\/product_cat?post=9307"},{"taxonomy":"product_tag","embeddable":true,"href":"https:\/\/antcube.shop\/tr\/wp-json\/wp\/v2\/product_tag?post=9307"}],"curies":[{"name":"wp","href":"https:\/\/api.w.org\/{rel}","templated":true}]}}