{"id":9292,"date":"2024-09-17T15:59:51","date_gmt":"2024-09-17T13:59:51","guid":{"rendered":"https:\/\/antcube.shop\/en\/product\/pilz-von-atta-cephalotes\/"},"modified":"2026-03-11T14:16:11","modified_gmt":"2026-03-11T13:16:11","slug":"atta-cephalotes-mantari","status":"publish","type":"product","link":"https:\/\/antcube.shop\/tr\/urun\/atta-cephalotes-mantari\/","title":{"rendered":"Atta cephalotes mantar\u0131"},"content":{"rendered":"<p><span data-text-color=\"alert\"><strong>Nakliye sadece Almanya'da m\u00fcmk\u00fcnd\u00fcr!<\/strong><\/span><\/p>\n<p><strong>Miktar:<\/strong> (set)<br \/>\n1x ta\u015f\u0131ma t\u00fcp\u00fc<br \/>\n1x hava ge\u00e7irgen t\u0131pa<br \/>\n1x taze mantar en az 1cm\u00b3<\/p>\n<p><strong>A\u00e7\u0131klama:<\/strong> Yaprak kesen kar\u0131ncalar\u0131n mantar\u0131n\u0131n yanl\u0131\u015f s\u0131cakl\u0131k, nem veya di\u011fer nedenlerden dolay\u0131 azald\u0131\u011f\u0131 veya \u00f6ld\u00fc\u011f\u00fc acil durumlar i\u00e7in yedek bir mantar sunuyoruz.<br \/>\n11-25 hayvandan olu\u015fan bir koloniyi yeniden ba\u015flatmak i\u00e7in 1 cm\u00b3'l\u00fck bir birim yeterlidir.<br \/>\nVerilen mantar k\u00fc\u00e7\u00fck mantar bak\u0131c\u0131lar\u0131 (mini i\u015f\u00e7iler) i\u00e7erebilir.<br \/>\nBu k\u00fc\u00e7\u00fck mini i\u015f\u00e7iler sadece mantarla ilgilendikleri i\u00e7in mevcut koloni i\u00e7in bir sorun te\u015fkil etmezler.<\/p>\n<p><strong>Kullan:<\/strong><br \/>\nMantar = mantar yiyen kar\u0131nca t\u00fcrleri i\u00e7in<br \/>\nBu bir tam mamad\u0131r (tek yem)<br \/>\nTa\u015f\u0131ma kab\u0131 a\u00e7\u0131lmal\u0131 ve kar\u0131nca kolonisinin yan\u0131na yerle\u015ftirilmelidir. Hayvanlar daha sonra mantar par\u00e7alar\u0131n\u0131 kendi ba\u015flar\u0131na ta\u015f\u0131yacaklard\u0131r.<\/p>\n<p><strong>Depolama:<\/strong> 25\u00b0C ve 90% nem<\/p>\n<p><strong>\u0130\u00e7indekiler:<\/strong><br \/>\nAd\u0131 ge\u00e7en kar\u0131nca t\u00fcrlerinin taze ve orijinal mantar par\u00e7alar\u0131.<\/p>\n<p><strong>Not:<\/strong><br \/>\nDaha fazla bilgi i\u00e7in l\u00fctfen prospekt\u00fcse bak\u0131n\u0131z.<\/p>\n<p>Bilgi hatt\u0131 +49 30 439703870<\/p>\n<p><strong>Sorumlu veterinerlik ve g\u0131da m\u00fcfetti\u015fli\u011fi:<\/strong><br \/>\nSteglitz Veterinerlik Ofisi<br \/>\nK\u00f6nigin-Luise-Str. 92<br \/>\n14195 Berlin<\/p>","protected":false},"excerpt":{"rendered":"<p>Tam yem<\/p>","protected":false},"featured_media":9777,"comment_status":"open","ping_status":"closed","template":"","meta":{"_acf_changed":false,"content-type":"","_monsterinsights_skip_tracking":false,"_monsterinsights_sitenote_active":false,"_monsterinsights_sitenote_note":"","_monsterinsights_sitenote_category":0},"product_brand":[],"product_cat":[115,116],"product_tag":[],"class_list":{"0":"post-9292","1":"product","2":"type-product","3":"status-publish","4":"has-post-thumbnail","6":"product_cat-food-and-feeding","7":"product_cat-food","9":"first","10":"instock","11":"taxable","12":"shipping-taxable","13":"purchasable","14":"product-type-simple"},"acf":[],"aioseo_notices":[],"jetpack_sharing_enabled":true,"_links":{"self":[{"href":"https:\/\/antcube.shop\/tr\/wp-json\/wp\/v2\/product\/9292","targetHints":{"allow":["GET"]}}],"collection":[{"href":"https:\/\/antcube.shop\/tr\/wp-json\/wp\/v2\/product"}],"about":[{"href":"https:\/\/antcube.shop\/tr\/wp-json\/wp\/v2\/types\/product"}],"replies":[{"embeddable":true,"href":"https:\/\/antcube.shop\/tr\/wp-json\/wp\/v2\/comments?post=9292"}],"wp:featuredmedia":[{"embeddable":true,"href":"https:\/\/antcube.shop\/tr\/wp-json\/wp\/v2\/media\/9777"}],"wp:attachment":[{"href":"https:\/\/antcube.shop\/tr\/wp-json\/wp\/v2\/media?parent=9292"}],"wp:term":[{"taxonomy":"product_brand","embeddable":true,"href":"https:\/\/antcube.shop\/tr\/wp-json\/wp\/v2\/product_brand?post=9292"},{"taxonomy":"product_cat","embeddable":true,"href":"https:\/\/antcube.shop\/tr\/wp-json\/wp\/v2\/product_cat?post=9292"},{"taxonomy":"product_tag","embeddable":true,"href":"https:\/\/antcube.shop\/tr\/wp-json\/wp\/v2\/product_tag?post=9292"}],"curies":[{"name":"wp","href":"https:\/\/api.w.org\/{rel}","templated":true}]}}