{"id":9291,"date":"2024-09-17T15:59:27","date_gmt":"2024-09-17T13:59:27","guid":{"rendered":"https:\/\/antcube.shop\/en\/product\/brombeerblatter-100g-frisch\/"},"modified":"2026-03-31T20:25:10","modified_gmt":"2026-03-31T18:25:10","slug":"brombeerblatter-100g-frisch","status":"publish","type":"product","link":"https:\/\/antcube.shop\/tr\/urun\/brombeerblatter-100g-frisch\/","title":{"rendered":"B\u00f6\u011f\u00fcrtlen yapra\u011f\u0131 100g - taze"},"content":{"rendered":"<p><strong>\u0130\u00e7indekiler:<\/strong> 100g taze b\u00f6\u011f\u00fcrtlen yapra\u011f\u0131<\/p>\n<p><strong>A\u00e7\u0131klama:<\/strong> B\u00f6\u011f\u00fcrtlen yapraklar\u0131 mantar yeti\u015ftiren kar\u0131nca t\u00fcrleri i\u00e7in bir \u00fcreme alan\u0131d\u0131r.<\/p>\n<p><strong>Kullan:<\/strong><br \/>\nB\u00f6\u011f\u00fcrtlen yapraklar\u0131 = mantar \u00fcreyen kar\u0131nca t\u00fcrleri i\u00e7in<br \/>\nBu bir \"tam yemdir\" (tek yem) ve sadece mantar i\u00e7in \u00fcreme alan\u0131 olarak kullan\u0131l\u0131r.<br \/>\nBeslenecek yapraklar\u0131 besleme haznesine yerle\u015ftirmeniz yeterlidir.<\/p>\n<p>Depolama: 5-8\u00b0C \/ 60-90% nem. (alternatif olarak su dolu bir vazoda da)<\/p>\n<p><strong>\u0130\u00e7indekiler:<\/strong><br \/>\n100% taze b\u00f6\u011f\u00fcrtlen yapraklar\u0131<\/p>\n<p><strong>Not:<\/strong><br \/>\nDaha fazla bilgi i\u00e7in l\u00fctfen prospekt\u00fcse bak\u0131n\u0131z.<\/p>\n<p>Bilgi hatt\u0131 +49 30 439703870<\/p>\n<p>Sorumlu veterinerlik ve g\u0131da m\u00fcfetti\u015fli\u011fi:<br \/>\nSteglitz Veterinerlik Ofisi<br \/>\nK\u00f6nigin-Luise-Str. 92<br \/>\n14195 Berlin<\/p>","protected":false},"excerpt":{"rendered":"<p>\u0130\u00e7indekiler 100g taze b\u00f6\u011f\u00fcrtlen yapra\u011f\u0131 A\u00e7\u0131klama: Mantar yeti\u015ftiren kar\u0131nca t\u00fcrleri i\u00e7in \u00fcreme alan\u0131 olarak b\u00f6\u011f\u00fcrtlen yapraklar\u0131. Kullan\u0131m: B\u00f6\u011f\u00fcrtlen yapraklar\u0131 = mantar \u00fcreyen kar\u0131nca t\u00fcrleri i\u00e7in Bu bir \"tam yemdir\" (tek yem) ve sadece mantar i\u00e7in \u00fcreme alan\u0131 olarak kullan\u0131l\u0131r. Beslenecek yapraklar\u0131 besleme haznesine yerle\u015ftirmeniz yeterlidir. Depolama 5-8\u00b0C","protected":false},"featured_media":9603,"comment_status":"open","ping_status":"closed","template":"","meta":{"_acf_changed":false,"content-type":"","_monsterinsights_skip_tracking":false,"_monsterinsights_sitenote_active":false,"_monsterinsights_sitenote_note":"","_monsterinsights_sitenote_category":0},"product_brand":[],"product_cat":[115,116],"product_tag":[],"class_list":{"0":"post-9291","1":"product","2":"type-product","3":"status-publish","4":"has-post-thumbnail","6":"product_cat-food-and-feeding","7":"product_cat-food","9":"first","10":"onbackorder","11":"taxable","12":"shipping-taxable","13":"purchasable","14":"product-type-simple"},"acf":[],"aioseo_notices":[],"jetpack_sharing_enabled":true,"_links":{"self":[{"href":"https:\/\/antcube.shop\/tr\/wp-json\/wp\/v2\/product\/9291","targetHints":{"allow":["GET"]}}],"collection":[{"href":"https:\/\/antcube.shop\/tr\/wp-json\/wp\/v2\/product"}],"about":[{"href":"https:\/\/antcube.shop\/tr\/wp-json\/wp\/v2\/types\/product"}],"replies":[{"embeddable":true,"href":"https:\/\/antcube.shop\/tr\/wp-json\/wp\/v2\/comments?post=9291"}],"wp:featuredmedia":[{"embeddable":true,"href":"https:\/\/antcube.shop\/tr\/wp-json\/wp\/v2\/media\/9603"}],"wp:attachment":[{"href":"https:\/\/antcube.shop\/tr\/wp-json\/wp\/v2\/media?parent=9291"}],"wp:term":[{"taxonomy":"product_brand","embeddable":true,"href":"https:\/\/antcube.shop\/tr\/wp-json\/wp\/v2\/product_brand?post=9291"},{"taxonomy":"product_cat","embeddable":true,"href":"https:\/\/antcube.shop\/tr\/wp-json\/wp\/v2\/product_cat?post=9291"},{"taxonomy":"product_tag","embeddable":true,"href":"https:\/\/antcube.shop\/tr\/wp-json\/wp\/v2\/product_tag?post=9291"}],"curies":[{"name":"wp","href":"https:\/\/api.w.org\/{rel}","templated":true}]}}