{"id":9278,"date":"2024-09-17T15:53:55","date_gmt":"2024-09-17T13:53:55","guid":{"rendered":"https:\/\/antcube.shop\/en\/product\/napf-klar-1x30-schwamm\/"},"modified":"2026-04-02T02:54:17","modified_gmt":"2026-04-02T00:54:17","slug":"kase-seffaf-1x30-sunger","status":"publish","type":"product","link":"https:\/\/antcube.shop\/tr\/urun\/kase-seffaf-1x30-sunger\/","title":{"rendered":"Kase \u015feffaf 1\u00d730 - S\u00fcnger"},"content":{"rendered":"<p><strong>Boyutlar:<\/strong> 39 x 50 x 7 mm<\/p>\n<p><strong>Malzeme:<\/strong> PMMA, k\u00f6p\u00fck (son derece ince g\u00f6zenekli ve y\u00fcksek emici)<\/p>\n<p><strong>A\u00e7\u0131klama:<\/strong> Yiyecek i\u00e7in uygun s\u00fcnger (her biri 20 mm \u00e7ap\u0131nda) i\u00e7eren bir yiyecek olu\u011funa sahip kare kase.<\/p>","protected":false},"excerpt":{"rendered":"<p>Boyutlar: 29 x 40 mm, malzeme: PMMA, k\u00f6p\u00fck (son derece ince g\u00f6zenekli ve y\u00fcksek emici)<\/p>","protected":false},"featured_media":9612,"comment_status":"open","ping_status":"closed","template":"","meta":{"_acf_changed":false,"content-type":"","_monsterinsights_skip_tracking":false,"_monsterinsights_sitenote_active":false,"_monsterinsights_sitenote_note":"","_monsterinsights_sitenote_category":0},"product_brand":[],"product_cat":[115,118],"product_tag":[],"class_list":{"0":"post-9278","1":"product","2":"type-product","3":"status-publish","4":"has-post-thumbnail","6":"product_cat-food-and-feeding","7":"product_cat-feeding-bowls","9":"first","10":"instock","11":"taxable","12":"shipping-taxable","13":"purchasable","14":"product-type-simple"},"acf":[],"aioseo_notices":[],"jetpack_sharing_enabled":true,"_links":{"self":[{"href":"https:\/\/antcube.shop\/tr\/wp-json\/wp\/v2\/product\/9278","targetHints":{"allow":["GET"]}}],"collection":[{"href":"https:\/\/antcube.shop\/tr\/wp-json\/wp\/v2\/product"}],"about":[{"href":"https:\/\/antcube.shop\/tr\/wp-json\/wp\/v2\/types\/product"}],"replies":[{"embeddable":true,"href":"https:\/\/antcube.shop\/tr\/wp-json\/wp\/v2\/comments?post=9278"}],"wp:featuredmedia":[{"embeddable":true,"href":"https:\/\/antcube.shop\/tr\/wp-json\/wp\/v2\/media\/9612"}],"wp:attachment":[{"href":"https:\/\/antcube.shop\/tr\/wp-json\/wp\/v2\/media?parent=9278"}],"wp:term":[{"taxonomy":"product_brand","embeddable":true,"href":"https:\/\/antcube.shop\/tr\/wp-json\/wp\/v2\/product_brand?post=9278"},{"taxonomy":"product_cat","embeddable":true,"href":"https:\/\/antcube.shop\/tr\/wp-json\/wp\/v2\/product_cat?post=9278"},{"taxonomy":"product_tag","embeddable":true,"href":"https:\/\/antcube.shop\/tr\/wp-json\/wp\/v2\/product_tag?post=9278"}],"curies":[{"name":"wp","href":"https:\/\/api.w.org\/{rel}","templated":true}]}}