{"id":9277,"date":"2024-09-17T15:53:29","date_gmt":"2024-09-17T13:53:29","guid":{"rendered":"https:\/\/antcube.shop\/en\/product\/napf-klar-4x10-schwamm\/"},"modified":"2026-04-13T09:32:43","modified_gmt":"2026-04-13T07:32:43","slug":"kase-seffaf-4x10-sunger","status":"publish","type":"product","link":"https:\/\/antcube.shop\/tr\/urun\/kase-seffaf-4x10-sunger\/","title":{"rendered":"Kase \u015feffaf 4\u00d710 - S\u00fcnger"},"content":{"rendered":"<p><strong>Boyutlar:<\/strong> 29 x 40 x 7 mm<\/p>\n<p><strong>Malzeme:<\/strong> PMMA, k\u00f6p\u00fck (son derece ince g\u00f6zenekli ve y\u00fcksek emici)<\/p>\n<p><strong>A\u00e7\u0131klama:<\/strong> Farkl\u0131 yiyecek t\u00fcrleri i\u00e7in 4 besleme olu\u011funa (her biri 10 mm \u00e7ap\u0131nda) sahip kare hazne.<\/p>","protected":false},"excerpt":{"rendered":"<p>Boyutlar: 29 x 40 mm, malzeme: PMMA, k\u00f6p\u00fck (son derece ince g\u00f6zenekli ve y\u00fcksek emici)<\/p>","protected":false},"featured_media":9614,"comment_status":"open","ping_status":"closed","template":"","meta":{"_acf_changed":false,"content-type":"","_monsterinsights_skip_tracking":false,"_monsterinsights_sitenote_active":false,"_monsterinsights_sitenote_note":"","_monsterinsights_sitenote_category":0},"product_brand":[],"product_cat":[115,118],"product_tag":[],"class_list":{"0":"post-9277","1":"product","2":"type-product","3":"status-publish","4":"has-post-thumbnail","6":"product_cat-food-and-feeding","7":"product_cat-feeding-bowls","9":"first","10":"instock","11":"taxable","12":"shipping-taxable","13":"purchasable","14":"product-type-simple"},"acf":[],"aioseo_notices":[],"jetpack_sharing_enabled":true,"_links":{"self":[{"href":"https:\/\/antcube.shop\/tr\/wp-json\/wp\/v2\/product\/9277","targetHints":{"allow":["GET"]}}],"collection":[{"href":"https:\/\/antcube.shop\/tr\/wp-json\/wp\/v2\/product"}],"about":[{"href":"https:\/\/antcube.shop\/tr\/wp-json\/wp\/v2\/types\/product"}],"replies":[{"embeddable":true,"href":"https:\/\/antcube.shop\/tr\/wp-json\/wp\/v2\/comments?post=9277"}],"wp:featuredmedia":[{"embeddable":true,"href":"https:\/\/antcube.shop\/tr\/wp-json\/wp\/v2\/media\/9614"}],"wp:attachment":[{"href":"https:\/\/antcube.shop\/tr\/wp-json\/wp\/v2\/media?parent=9277"}],"wp:term":[{"taxonomy":"product_brand","embeddable":true,"href":"https:\/\/antcube.shop\/tr\/wp-json\/wp\/v2\/product_brand?post=9277"},{"taxonomy":"product_cat","embeddable":true,"href":"https:\/\/antcube.shop\/tr\/wp-json\/wp\/v2\/product_cat?post=9277"},{"taxonomy":"product_tag","embeddable":true,"href":"https:\/\/antcube.shop\/tr\/wp-json\/wp\/v2\/product_tag?post=9277"}],"curies":[{"name":"wp","href":"https:\/\/api.w.org\/{rel}","templated":true}]}}