{"id":9275,"date":"2024-09-17T15:52:38","date_gmt":"2024-09-17T13:52:38","guid":{"rendered":"https:\/\/antcube.shop\/en\/product\/lcd-hygrometer-pt2477\/"},"modified":"2026-01-12T12:45:10","modified_gmt":"2026-01-12T11:45:10","slug":"lcd-hi%cc%87grometre-pt2477","status":"publish","type":"product","link":"https:\/\/antcube.shop\/tr\/urun\/lcd-hi%cc%87grometre-pt2477\/","title":{"rendered":"LCD Higrometre PT2477"},"content":{"rendered":"<p><span data-text-color=\"alert\"><strong>Nakliye sadece Almanya'da m\u00fcmk\u00fcnd\u00fcr!<\/strong><\/span><\/p>\n<p><strong>Boyutlar:<\/strong> 46 x 18 x 40 mm<\/p>\n<p><strong>\u00d6l\u00e7\u00fcm aral\u0131\u011f\u0131:<\/strong> 0 ila 100%<\/p>\n<p><strong>Renk:<\/strong> siyah<\/p>\n<p><strong>A\u00e7\u0131klama:<\/strong><br \/>\nanalog formicarium higrometre<\/p>\n<p><strong>Ek:<\/strong><br \/>\nKendinden yap\u0131\u015fkanl\u0131 bant<\/p>\n<p><strong>WEEE Reg:<\/strong> DE 44735506<\/p>\n<p><strong>\u0130mha i\u00e7in ak\u00fc y\u00f6netmeli\u011fine bak\u0131n:<\/strong><\/p>\n<p><a href=\"https:\/\/www.antstore.net\/shop\/de\/info\/Batterieverordnung.html\" target=\"_blank\" rel=\"noreferrer noopener\">https:\/\/www.antstore.net\/shop\/de\/info\/Batterieverordnung.html<\/a><\/p>","protected":false},"excerpt":{"rendered":"<p>\u00d6l\u00e7\u00fcm aral\u0131\u011f\u0131: 0 ila 100%, Boyutlar: 46 x 18 x 40 mm<\/p>","protected":false},"featured_media":9752,"comment_status":"open","ping_status":"closed","template":"","meta":{"_acf_changed":false,"content-type":"","_monsterinsights_skip_tracking":false,"_monsterinsights_sitenote_active":false,"_monsterinsights_sitenote_note":"","_monsterinsights_sitenote_category":0},"product_brand":[],"product_cat":[359,119],"product_tag":[],"class_list":{"0":"post-9275","1":"product","2":"type-product","3":"status-publish","4":"has-post-thumbnail","6":"product_cat-light-heat-humidity","7":"product_cat-formicarium-components","9":"first","10":"instock","11":"taxable","12":"shipping-taxable","13":"purchasable","14":"product-type-simple"},"acf":[],"aioseo_notices":[],"jetpack_sharing_enabled":true,"_links":{"self":[{"href":"https:\/\/antcube.shop\/tr\/wp-json\/wp\/v2\/product\/9275","targetHints":{"allow":["GET"]}}],"collection":[{"href":"https:\/\/antcube.shop\/tr\/wp-json\/wp\/v2\/product"}],"about":[{"href":"https:\/\/antcube.shop\/tr\/wp-json\/wp\/v2\/types\/product"}],"replies":[{"embeddable":true,"href":"https:\/\/antcube.shop\/tr\/wp-json\/wp\/v2\/comments?post=9275"}],"wp:featuredmedia":[{"embeddable":true,"href":"https:\/\/antcube.shop\/tr\/wp-json\/wp\/v2\/media\/9752"}],"wp:attachment":[{"href":"https:\/\/antcube.shop\/tr\/wp-json\/wp\/v2\/media?parent=9275"}],"wp:term":[{"taxonomy":"product_brand","embeddable":true,"href":"https:\/\/antcube.shop\/tr\/wp-json\/wp\/v2\/product_brand?post=9275"},{"taxonomy":"product_cat","embeddable":true,"href":"https:\/\/antcube.shop\/tr\/wp-json\/wp\/v2\/product_cat?post=9275"},{"taxonomy":"product_tag","embeddable":true,"href":"https:\/\/antcube.shop\/tr\/wp-json\/wp\/v2\/product_tag?post=9275"}],"curies":[{"name":"wp","href":"https:\/\/api.w.org\/{rel}","templated":true}]}}