{"id":9274,"date":"2024-09-17T15:00:27","date_gmt":"2024-09-17T13:00:27","guid":{"rendered":"https:\/\/antcube.shop\/en\/product\/mini-hygrometer-analog-metall-25mm\/"},"modified":"2026-04-15T21:10:18","modified_gmt":"2026-04-15T19:10:18","slug":"mini-higrometre-analog-metal-25mm","status":"publish","type":"product","link":"https:\/\/antcube.shop\/tr\/urun\/mini-higrometre-analog-metal-25mm\/","title":{"rendered":"Mini higrometre analog metal - 25mm"},"content":{"rendered":"<p><strong>Boyutlar:<\/strong> 25 mm<\/p>\n<p><strong>Renk:<\/strong> metal, g\u00fcm\u00fc\u015f<\/p>\n<p><strong>\u00d6l\u00e7\u00fcm aral\u0131\u011f\u0131:<\/strong> 0 ila 100%<\/p>\n<p><strong>Do\u011fruluk:<\/strong> +\/- 5%<\/p>\n<p><strong>A\u00e7\u0131klama:<\/strong><br \/>\n\u00d6zellikle \u00e7ok k\u00fc\u00e7\u00fck formikaryalar i\u00e7in uygun olan analog higrometre.<br \/>\n\"27 mm delik i\u00e7in Formicarium tapalar\u0131\" kullan\u0131larak 22 mm'lik bir kesik ile 27 mm'lik bir deli\u011fe monte edilir.<br \/>\nAksi takdirde, termometre \u00e7ift tarafl\u0131 yap\u0131\u015fkan bant (dahil de\u011fildir) kullan\u0131larak formikaryumun i\u00e7 arka k\u0131sm\u0131na tutturulabilir.<\/p>\n<p><strong>Not:<\/strong><br \/>\n\u00d6l\u00e7\u00fcm hatalar\u0131na yol a\u00e7abilece\u011finden, higrometrenin arka a\u00e7\u0131kl\u0131\u011f\u0131n\u0131 kapatmay\u0131n.<\/p>","protected":false},"excerpt":{"rendered":"<p>\u00d6l\u00e7\u00fcm aral\u0131\u011f\u0131: 0 ila 100%, \u00e7ap: 25 mm<\/p>","protected":false},"featured_media":9750,"comment_status":"open","ping_status":"closed","template":"","meta":{"_acf_changed":false,"content-type":"","_monsterinsights_skip_tracking":false,"_monsterinsights_sitenote_active":false,"_monsterinsights_sitenote_note":"","_monsterinsights_sitenote_category":0},"product_brand":[],"product_cat":[359,119],"product_tag":[],"class_list":{"0":"post-9274","1":"product","2":"type-product","3":"status-publish","4":"has-post-thumbnail","6":"product_cat-light-heat-humidity","7":"product_cat-formicarium-components","9":"first","10":"instock","11":"taxable","12":"shipping-taxable","13":"purchasable","14":"product-type-simple"},"acf":[],"aioseo_notices":[],"jetpack_sharing_enabled":true,"_links":{"self":[{"href":"https:\/\/antcube.shop\/tr\/wp-json\/wp\/v2\/product\/9274","targetHints":{"allow":["GET"]}}],"collection":[{"href":"https:\/\/antcube.shop\/tr\/wp-json\/wp\/v2\/product"}],"about":[{"href":"https:\/\/antcube.shop\/tr\/wp-json\/wp\/v2\/types\/product"}],"replies":[{"embeddable":true,"href":"https:\/\/antcube.shop\/tr\/wp-json\/wp\/v2\/comments?post=9274"}],"wp:featuredmedia":[{"embeddable":true,"href":"https:\/\/antcube.shop\/tr\/wp-json\/wp\/v2\/media\/9750"}],"wp:attachment":[{"href":"https:\/\/antcube.shop\/tr\/wp-json\/wp\/v2\/media?parent=9274"}],"wp:term":[{"taxonomy":"product_brand","embeddable":true,"href":"https:\/\/antcube.shop\/tr\/wp-json\/wp\/v2\/product_brand?post=9274"},{"taxonomy":"product_cat","embeddable":true,"href":"https:\/\/antcube.shop\/tr\/wp-json\/wp\/v2\/product_cat?post=9274"},{"taxonomy":"product_tag","embeddable":true,"href":"https:\/\/antcube.shop\/tr\/wp-json\/wp\/v2\/product_tag?post=9274"}],"curies":[{"name":"wp","href":"https:\/\/api.w.org\/{rel}","templated":true}]}}