{"id":9273,"date":"2024-09-17T15:00:07","date_gmt":"2024-09-17T13:00:07","guid":{"rendered":"https:\/\/antcube.shop\/en\/product\/mini-thermometer-analog-metall-25mm\/"},"modified":"2026-04-05T12:30:33","modified_gmt":"2026-04-05T10:30:33","slug":"mini-termometre-analog-metal-25mm","status":"publish","type":"product","link":"https:\/\/antcube.shop\/tr\/urun\/mini-termometre-analog-metal-25mm\/","title":{"rendered":"Mini termometre analog metal - 25mm"},"content":{"rendered":"<p><strong>Boyutlar:<\/strong> 25 mm<\/p>\n<p><strong>Renk:<\/strong> metal, g\u00fcm\u00fc\u015f<\/p>\n<p><strong>\u00d6l\u00e7\u00fcm aral\u0131\u011f\u0131:<\/strong> -20 ila +50\u00b0C \/ -10 ila +130\u00b0F<\/p>\n<p><strong>Do\u011fruluk:<\/strong> +\/- 2\u00b0C , +\/- 4\u00b0F<\/p>\n<p><strong>A\u00e7\u0131klama:<\/strong><br \/>\n\u00d6zellikle \u00e7ok k\u00fc\u00e7\u00fck formikaryalar i\u00e7in uygun olan analog termo\/higrometre.<br \/>\n\"27 mm delik i\u00e7in Formicarium tapas\u0131\" kullan\u0131larak 22 mm'lik bir kesik ile 27 mm'lik bir deli\u011fe tak\u0131l\u0131r.<br \/>\nAksi takdirde, termometre \u00e7ift tarafl\u0131 yap\u0131\u015fkan bant (dahil de\u011fildir) kullan\u0131larak formikaryumun i\u00e7 arka k\u0131sm\u0131na tutturulabilir.<\/p>\n<p><strong>Not:<\/strong><br \/>\n\u00d6l\u00e7\u00fcm hatalar\u0131na yol a\u00e7abilece\u011finden, termometrenin arka a\u00e7\u0131kl\u0131\u011f\u0131n\u0131 kapatmay\u0131n.<\/p>","protected":false},"excerpt":{"rendered":"<p>\u00d6l\u00e7\u00fcm aral\u0131\u011f\u0131: -20 ila +50\u00b0C \/ -10 ila +130\u00b0F, \u00e7ap: 25 mm<\/p>","protected":false},"featured_media":9748,"comment_status":"open","ping_status":"closed","template":"","meta":{"_acf_changed":false,"content-type":"","_monsterinsights_skip_tracking":false,"_monsterinsights_sitenote_active":false,"_monsterinsights_sitenote_note":"","_monsterinsights_sitenote_category":0},"product_brand":[],"product_cat":[359,119],"product_tag":[],"class_list":{"0":"post-9273","1":"product","2":"type-product","3":"status-publish","4":"has-post-thumbnail","6":"product_cat-light-heat-humidity","7":"product_cat-formicarium-components","9":"first","10":"instock","11":"taxable","12":"shipping-taxable","13":"purchasable","14":"product-type-simple"},"acf":[],"aioseo_notices":[],"jetpack_sharing_enabled":true,"_links":{"self":[{"href":"https:\/\/antcube.shop\/tr\/wp-json\/wp\/v2\/product\/9273","targetHints":{"allow":["GET"]}}],"collection":[{"href":"https:\/\/antcube.shop\/tr\/wp-json\/wp\/v2\/product"}],"about":[{"href":"https:\/\/antcube.shop\/tr\/wp-json\/wp\/v2\/types\/product"}],"replies":[{"embeddable":true,"href":"https:\/\/antcube.shop\/tr\/wp-json\/wp\/v2\/comments?post=9273"}],"wp:featuredmedia":[{"embeddable":true,"href":"https:\/\/antcube.shop\/tr\/wp-json\/wp\/v2\/media\/9748"}],"wp:attachment":[{"href":"https:\/\/antcube.shop\/tr\/wp-json\/wp\/v2\/media?parent=9273"}],"wp:term":[{"taxonomy":"product_brand","embeddable":true,"href":"https:\/\/antcube.shop\/tr\/wp-json\/wp\/v2\/product_brand?post=9273"},{"taxonomy":"product_cat","embeddable":true,"href":"https:\/\/antcube.shop\/tr\/wp-json\/wp\/v2\/product_cat?post=9273"},{"taxonomy":"product_tag","embeddable":true,"href":"https:\/\/antcube.shop\/tr\/wp-json\/wp\/v2\/product_tag?post=9273"}],"curies":[{"name":"wp","href":"https:\/\/api.w.org\/{rel}","templated":true}]}}