{"id":9272,"date":"2024-09-17T14:59:43","date_gmt":"2024-09-17T12:59:43","guid":{"rendered":"https:\/\/antcube.shop\/en\/product\/mini-thermo-hygrometer-analog-display-stehend\/"},"modified":"2026-04-06T20:34:08","modified_gmt":"2026-04-06T18:34:08","slug":"mini-termo-higrometre-analog-ekran-stehend","status":"publish","type":"product","link":"https:\/\/antcube.shop\/tr\/urun\/mini-termo-higrometre-analog-ekran-stehend\/","title":{"rendered":"Mini termo higrometre analog - ekran - dik"},"content":{"rendered":"<p><strong>Boyutlar:<\/strong> 60mm x 60mm, 30mm derinlik<\/p>\n<p><strong>Malzeme:<\/strong> metal \/ akri\u0307li\u0307k cam<\/p>\n<p><strong>Renk:<\/strong> metal, g\u00fcm\u00fc\u015f \/ \u015feffaf<\/p>\n<p><strong>\u0130\u00e7indekiler:<\/strong> 1x mini termometre analog metal - 25mm, 1x mini higrometre analog metal - 25mm, 1x \u00f6l\u00e7\u00fcm aletleri i\u00e7in kesikli akrilik cam tutucu - 60x60mm, 1x akrilik cam taban - 30mm \u00e7ap<\/p>\n<p><strong>A\u00e7\u0131klama:<\/strong><br \/>\nSet, akrilik bir cam plakaya (60x60mm) yerle\u015ftirilmi\u015f metalden (25mm) yap\u0131lm\u0131\u015f analog termometre ve higrometreden olu\u015fur. Ekran, \u00f6l\u00e7\u00fclecek odadaki tabana (30mm) yerle\u015ftirilebilir.<\/p>\n<p><strong>Not:<\/strong><br \/>\nArka taraftaki \u00f6l\u00e7\u00fcm aletleri serbest kalmal\u0131d\u0131r, aksi takdirde \u00f6l\u00e7\u00fcm hatalar\u0131 meydana gelebilir.<\/p>\n<p>Do\u011fruluk: +\/- 2\u00b0C , +\/- 4\u00b0F<br \/>\nDo\u011fruluk: +\/- 5%<\/p>","protected":false},"excerpt":{"rendered":"<p>Akrilik cam plaka (75x45mm) i\u00e7ine yerle\u015ftirilmi\u015f metalden (25mm) termometre ve higrometre seti<\/p>","protected":false},"featured_media":9745,"comment_status":"open","ping_status":"closed","template":"","meta":{"_acf_changed":false,"content-type":"","_monsterinsights_skip_tracking":false,"_monsterinsights_sitenote_active":false,"_monsterinsights_sitenote_note":"","_monsterinsights_sitenote_category":0},"product_brand":[],"product_cat":[359,119],"product_tag":[],"class_list":{"0":"post-9272","1":"product","2":"type-product","3":"status-publish","4":"has-post-thumbnail","6":"product_cat-light-heat-humidity","7":"product_cat-formicarium-components","9":"first","10":"instock","11":"taxable","12":"shipping-taxable","13":"purchasable","14":"product-type-simple"},"acf":[],"aioseo_notices":[],"jetpack_sharing_enabled":true,"_links":{"self":[{"href":"https:\/\/antcube.shop\/tr\/wp-json\/wp\/v2\/product\/9272","targetHints":{"allow":["GET"]}}],"collection":[{"href":"https:\/\/antcube.shop\/tr\/wp-json\/wp\/v2\/product"}],"about":[{"href":"https:\/\/antcube.shop\/tr\/wp-json\/wp\/v2\/types\/product"}],"replies":[{"embeddable":true,"href":"https:\/\/antcube.shop\/tr\/wp-json\/wp\/v2\/comments?post=9272"}],"wp:featuredmedia":[{"embeddable":true,"href":"https:\/\/antcube.shop\/tr\/wp-json\/wp\/v2\/media\/9745"}],"wp:attachment":[{"href":"https:\/\/antcube.shop\/tr\/wp-json\/wp\/v2\/media?parent=9272"}],"wp:term":[{"taxonomy":"product_brand","embeddable":true,"href":"https:\/\/antcube.shop\/tr\/wp-json\/wp\/v2\/product_brand?post=9272"},{"taxonomy":"product_cat","embeddable":true,"href":"https:\/\/antcube.shop\/tr\/wp-json\/wp\/v2\/product_cat?post=9272"},{"taxonomy":"product_tag","embeddable":true,"href":"https:\/\/antcube.shop\/tr\/wp-json\/wp\/v2\/product_tag?post=9272"}],"curies":[{"name":"wp","href":"https:\/\/api.w.org\/{rel}","templated":true}]}}