{"id":9271,"date":"2024-09-17T14:58:23","date_gmt":"2024-09-17T12:58:23","guid":{"rendered":"https:\/\/antcube.shop\/en\/product\/mini-thermo-hygrometer-analog-display-magnet\/"},"modified":"2026-04-06T20:34:08","modified_gmt":"2026-04-06T18:34:08","slug":"mini-termo-higrometre-analog-ekran-miknatis","status":"publish","type":"product","link":"https:\/\/antcube.shop\/tr\/urun\/mini-termo-higrometre-analog-ekran-miknatis\/","title":{"rendered":"Mini termo higrometre analog - ekran - m\u0131knat\u0131s"},"content":{"rendered":"<p><strong>Boyutlar:<\/strong> 75mm x 60mm, 8mm derinlik<\/p>\n<p><strong>Malzeme:<\/strong> metal \/ akri\u0307li\u0307k cam<\/p>\n<p><strong>Renk:<\/strong> metal, g\u00fcm\u00fc\u015f \/ \u015feffaf<\/p>\n<p><strong>\u0130\u00e7indekiler:<\/strong> 1x mini termometre analog metal - 25mm, 1x mini higrometre analog metal - 25mm, 1x \u00f6l\u00e7\u00fcm aletleri i\u00e7in kesikli akrilik cam tutucu ve \u00fc\u00e7 m\u0131knat\u0131s - 75x60mm, 1x ekran\u0131 sabitlemek i\u00e7in m\u0131knat\u0131sl\u0131 akrilik cam plaka - 75x20mm,<\/p>\n<p><strong>A\u00e7\u0131klama:<\/strong><br \/>\nSet, akrilik bir cam plakaya (75x6mm) yerle\u015ftirilmi\u015f metalden (25mm) yap\u0131lm\u0131\u015f analog termometre ve higrometreden olu\u015fur. Ekran, plakan\u0131n di\u011fer taraf\u0131na tutturulmu\u015f m\u0131knat\u0131sl\u0131 k\u00fc\u00e7\u00fck bir plaka arac\u0131l\u0131\u011f\u0131yla tutturulur. Bu, de\u011fer g\u00f6stergesinin konumunu bireysel gereksinimlere g\u00f6re uyarlamay\u0131 m\u00fcmk\u00fcn k\u0131lar. Yap\u0131\u015fkan pedlerle kar\u015f\u0131la\u015ft\u0131r\u0131ld\u0131\u011f\u0131nda, m\u0131knat\u0131slar ekran\u0131n konumunu gerekti\u011fi s\u0131kl\u0131kta de\u011fi\u015ftirmeyi m\u00fcmk\u00fcn k\u0131lar.<\/p>\n<p><strong>Not:<\/strong><br \/>\nArka taraftaki \u00f6l\u00e7\u00fcm aletleri serbest kalmal\u0131d\u0131r, aksi takdirde \u00f6l\u00e7\u00fcm hatalar\u0131 meydana gelebilir.<\/p>\n<p>\u00dcretim s\u00fcreci nedeniyle, manyetik par\u00e7alarda hafif ila orta \u00e7atlaklar olu\u015fabilir.<\/p>\n<p>Do\u011fruluk: +\/- 2\u00b0C , +\/- 4\u00b0F<br \/>\nDo\u011fruluk: +\/- 5%<\/p>","protected":false},"excerpt":{"rendered":"<p>Akrilik cam plaka (75x45mm) i\u00e7ine yerle\u015ftirilmi\u015f metalden (25mm) termometre ve higrometre seti<\/p>","protected":false},"featured_media":9740,"comment_status":"open","ping_status":"closed","template":"","meta":{"_acf_changed":false,"content-type":"","_monsterinsights_skip_tracking":false,"_monsterinsights_sitenote_active":false,"_monsterinsights_sitenote_note":"","_monsterinsights_sitenote_category":0},"product_brand":[],"product_cat":[359,119],"product_tag":[],"class_list":{"0":"post-9271","1":"product","2":"type-product","3":"status-publish","4":"has-post-thumbnail","6":"product_cat-light-heat-humidity","7":"product_cat-formicarium-components","9":"first","10":"instock","11":"taxable","12":"shipping-taxable","13":"purchasable","14":"product-type-simple"},"acf":[],"aioseo_notices":[],"jetpack_sharing_enabled":true,"_links":{"self":[{"href":"https:\/\/antcube.shop\/tr\/wp-json\/wp\/v2\/product\/9271","targetHints":{"allow":["GET"]}}],"collection":[{"href":"https:\/\/antcube.shop\/tr\/wp-json\/wp\/v2\/product"}],"about":[{"href":"https:\/\/antcube.shop\/tr\/wp-json\/wp\/v2\/types\/product"}],"replies":[{"embeddable":true,"href":"https:\/\/antcube.shop\/tr\/wp-json\/wp\/v2\/comments?post=9271"}],"wp:featuredmedia":[{"embeddable":true,"href":"https:\/\/antcube.shop\/tr\/wp-json\/wp\/v2\/media\/9740"}],"wp:attachment":[{"href":"https:\/\/antcube.shop\/tr\/wp-json\/wp\/v2\/media?parent=9271"}],"wp:term":[{"taxonomy":"product_brand","embeddable":true,"href":"https:\/\/antcube.shop\/tr\/wp-json\/wp\/v2\/product_brand?post=9271"},{"taxonomy":"product_cat","embeddable":true,"href":"https:\/\/antcube.shop\/tr\/wp-json\/wp\/v2\/product_cat?post=9271"},{"taxonomy":"product_tag","embeddable":true,"href":"https:\/\/antcube.shop\/tr\/wp-json\/wp\/v2\/product_tag?post=9271"}],"curies":[{"name":"wp","href":"https:\/\/api.w.org\/{rel}","templated":true}]}}