{"id":9270,"date":"2024-09-17T14:57:58","date_gmt":"2024-09-17T12:57:58","guid":{"rendered":"https:\/\/antcube.shop\/en\/product\/mini-thermo-hygrometer-analog-display-front\/"},"modified":"2026-04-02T09:54:55","modified_gmt":"2026-04-02T07:54:55","slug":"mini-termo-higrometre-analog-ekran-on","status":"publish","type":"product","link":"https:\/\/antcube.shop\/tr\/urun\/mini-termo-higrometre-analog-ekran-on\/","title":{"rendered":"Mini Termo - Higrometre analog - Ekran - \u00d6n"},"content":{"rendered":"<p><strong>Boyutlar:<\/strong> 75mm x 60mm, 8mm derinlik<\/p>\n<p><strong>Malzeme:<\/strong> metal \/ akri\u0307li\u0307k cam<\/p>\n<p><strong>Renk:<\/strong> metal, g\u00fcm\u00fc\u015f \/ \u015feffaf<\/p>\n<p><strong>\u0130\u00e7indekiler:<\/strong> 1x mini termometre analog metal - 25mm, 1x mini higrometre analog metal - 25mm, 1x \u00f6l\u00e7\u00fcm aletleri i\u00e7in kesikli akrilik cam tutucu - 75x45mm, 1x akrilik cam taban - 75x20mm, 2x \u015feffaf yap\u0131\u015fkan ped - 30x20mm<\/p>\n<p><strong>A\u00e7\u0131klama:<\/strong><br \/>\nSet, akrilik bir cam plakaya (75x6mm) yerle\u015ftirilmi\u015f metalden (25mm) yap\u0131lm\u0131\u015f analog termometre ve higrometreden olu\u015fur. Ekran, taban\u0131 havuz duvar\u0131ndaki herhangi bir konumun \u00f6n\u00fcne tutturmak i\u00e7in kullan\u0131labilen iki \u015feffaf yap\u0131\u015fkan ped kullan\u0131larak tutturulur. Bu, de\u011fer g\u00f6stergesinin konumunu bireysel gereksinimlere g\u00f6re uyarlamay\u0131 m\u00fcmk\u00fcn k\u0131lar.<\/p>\n<p><strong>Not:<\/strong><br \/>\nArka taraftaki \u00f6l\u00e7\u00fcm aletleri serbest kalmal\u0131d\u0131r, aksi takdirde \u00f6l\u00e7\u00fcm hatalar\u0131 meydana gelebilir.<\/p>\n<p>Do\u011fruluk: +\/- 2\u00b0C , +\/- 4\u00b0F<br \/>\nDo\u011fruluk: +\/- 5%<\/p>","protected":false},"excerpt":{"rendered":"<p>Akrilik cam plaka (75x45mm) i\u00e7ine yerle\u015ftirilmi\u015f metalden (25mm) termometre ve higrometre seti<\/p>","protected":false},"featured_media":9738,"comment_status":"open","ping_status":"closed","template":"","meta":{"_acf_changed":false,"content-type":"","_monsterinsights_skip_tracking":false,"_monsterinsights_sitenote_active":false,"_monsterinsights_sitenote_note":"","_monsterinsights_sitenote_category":0},"product_brand":[],"product_cat":[359,119],"product_tag":[],"class_list":{"0":"post-9270","1":"product","2":"type-product","3":"status-publish","4":"has-post-thumbnail","6":"product_cat-light-heat-humidity","7":"product_cat-formicarium-components","9":"first","10":"instock","11":"taxable","12":"shipping-taxable","13":"purchasable","14":"product-type-simple"},"acf":[],"aioseo_notices":[],"jetpack_sharing_enabled":true,"_links":{"self":[{"href":"https:\/\/antcube.shop\/tr\/wp-json\/wp\/v2\/product\/9270","targetHints":{"allow":["GET"]}}],"collection":[{"href":"https:\/\/antcube.shop\/tr\/wp-json\/wp\/v2\/product"}],"about":[{"href":"https:\/\/antcube.shop\/tr\/wp-json\/wp\/v2\/types\/product"}],"replies":[{"embeddable":true,"href":"https:\/\/antcube.shop\/tr\/wp-json\/wp\/v2\/comments?post=9270"}],"wp:featuredmedia":[{"embeddable":true,"href":"https:\/\/antcube.shop\/tr\/wp-json\/wp\/v2\/media\/9738"}],"wp:attachment":[{"href":"https:\/\/antcube.shop\/tr\/wp-json\/wp\/v2\/media?parent=9270"}],"wp:term":[{"taxonomy":"product_brand","embeddable":true,"href":"https:\/\/antcube.shop\/tr\/wp-json\/wp\/v2\/product_brand?post=9270"},{"taxonomy":"product_cat","embeddable":true,"href":"https:\/\/antcube.shop\/tr\/wp-json\/wp\/v2\/product_cat?post=9270"},{"taxonomy":"product_tag","embeddable":true,"href":"https:\/\/antcube.shop\/tr\/wp-json\/wp\/v2\/product_tag?post=9270"}],"curies":[{"name":"wp","href":"https:\/\/api.w.org\/{rel}","templated":true}]}}