{"id":9269,"date":"2024-09-17T14:52:27","date_gmt":"2024-09-17T12:52:27","guid":{"rendered":"https:\/\/antcube.shop\/en\/product\/heat-pack-stoffbeutel-72-std\/"},"modified":"2026-04-08T10:01:07","modified_gmt":"2026-04-08T08:01:07","slug":"isi-paketi-kumas-torba-72-saat","status":"publish","type":"product","link":"https:\/\/antcube.shop\/tr\/urun\/isi-paketi-kumas-torba-72-saat\/","title":{"rendered":"Is\u0131 Paketi - Kuma\u015f torba - 72 saat."},"content":{"rendered":"<p><strong>Boyutlar:<\/strong> 15,5 x 11,5 cm<\/p>\n<p>Is\u0131 s\u00fcresi ( saat ): ~ 72<\/p>\n<p>S\u0131cakl\u0131k (maks. \/ orta): 52\u00b0C \/ 46\u00b0C<\/p>\n<p><strong>A\u00e7\u0131klama:<\/strong> Bu HeatPack bir aktif karbon \u0131s\u0131t\u0131c\u0131d\u0131r ve hava ile temas ederek aktive olur. HeatPack'i ambalaj\u0131ndan \u00e7\u0131karman\u0131z, donmayan bir ortamda k\u0131sa bir s\u00fcre aktive olmas\u0131na izin vermeniz ve uygun bir ta\u015f\u0131ma kutusuna (\u00f6rne\u011fin polistiren kutu) yerle\u015ftirmeniz yeterlidir. Is\u0131 sal\u0131n\u0131m\u0131 birka\u00e7 dakika sonra ba\u015flar ve 72 saate kadar s\u00fcrer.<\/p>\n<p>Sadece bir kez kullan\u0131labilir!<\/p>\n<p><strong>\u0130\u00e7indekiler:<\/strong> demir, su, sel\u00fcloz, aktif k\u00f6m\u00fcr, vermik\u00fclit, tuz<\/p>","protected":false},"excerpt":{"rendered":"<p>72 saat boyunca \u0131s\u0131 \u00e7\u0131k\u0131\u015f\u0131.<\/p>","protected":false},"featured_media":9735,"comment_status":"open","ping_status":"closed","template":"","meta":{"_acf_changed":false,"content-type":"","_monsterinsights_skip_tracking":false,"_monsterinsights_sitenote_active":false,"_monsterinsights_sitenote_note":"","_monsterinsights_sitenote_category":0},"product_brand":[],"product_cat":[237],"product_tag":[],"class_list":{"0":"post-9269","1":"product","2":"type-product","3":"status-publish","4":"has-post-thumbnail","6":"product_cat-tools","8":"first","9":"instock","10":"taxable","11":"shipping-taxable","12":"purchasable","13":"product-type-simple"},"acf":[],"aioseo_notices":[],"jetpack_sharing_enabled":true,"_links":{"self":[{"href":"https:\/\/antcube.shop\/tr\/wp-json\/wp\/v2\/product\/9269","targetHints":{"allow":["GET"]}}],"collection":[{"href":"https:\/\/antcube.shop\/tr\/wp-json\/wp\/v2\/product"}],"about":[{"href":"https:\/\/antcube.shop\/tr\/wp-json\/wp\/v2\/types\/product"}],"replies":[{"embeddable":true,"href":"https:\/\/antcube.shop\/tr\/wp-json\/wp\/v2\/comments?post=9269"}],"wp:featuredmedia":[{"embeddable":true,"href":"https:\/\/antcube.shop\/tr\/wp-json\/wp\/v2\/media\/9735"}],"wp:attachment":[{"href":"https:\/\/antcube.shop\/tr\/wp-json\/wp\/v2\/media?parent=9269"}],"wp:term":[{"taxonomy":"product_brand","embeddable":true,"href":"https:\/\/antcube.shop\/tr\/wp-json\/wp\/v2\/product_brand?post=9269"},{"taxonomy":"product_cat","embeddable":true,"href":"https:\/\/antcube.shop\/tr\/wp-json\/wp\/v2\/product_cat?post=9269"},{"taxonomy":"product_tag","embeddable":true,"href":"https:\/\/antcube.shop\/tr\/wp-json\/wp\/v2\/product_tag?post=9269"}],"curies":[{"name":"wp","href":"https:\/\/api.w.org\/{rel}","templated":true}]}}