{"id":9268,"date":"2024-09-17T14:52:05","date_gmt":"2024-09-17T12:52:05","guid":{"rendered":"https:\/\/antcube.shop\/en\/product\/heat-pack-alubeutel-36-std\/"},"modified":"2026-02-09T17:52:40","modified_gmt":"2026-02-09T16:52:40","slug":"isi-paketi-aluminyum-torba-36-saat","status":"publish","type":"product","link":"https:\/\/antcube.shop\/tr\/urun\/isi-paketi-aluminyum-torba-36-saat\/","title":{"rendered":"Is\u0131 Paketi - al\u00fcminyum torba - 36 saat."},"content":{"rendered":"<p><strong>Boyutlar:<\/strong> 16 x 11,5 cm<\/p>\n<p><strong>A\u00e7\u0131klama:<\/strong> Is\u0131 paketleri oksijenle temas etti\u011finde maks. Oksijenle temas ettiklerinde 45\u00b0C'ye kadar \u0131s\u0131n\u0131rlar. Tropikal kar\u0131nca kolonilerini ta\u015f\u0131rken hayvanlar\u0131n hipotermik hale gelmesini \u00f6nlemek i\u00e7in \u0131s\u0131 kayna\u011f\u0131 olarak kullan\u0131l\u0131rlar. Yakla\u015f\u0131k 36 saat boyunca \u0131s\u0131 \u00e7\u0131k\u0131\u015f\u0131.<\/p>\n<p>Sadece bir kez kullan\u0131labilir!<\/p>\n<p><strong>\u0130\u00e7indekiler:<\/strong> demir, aktif k\u00f6m\u00fcr, belmilite, tuz, su<\/p>","protected":false},"excerpt":{"rendered":"<p>36 saat boyunca \u0131s\u0131 \u00e7\u0131k\u0131\u015f\u0131<\/p>","protected":false},"featured_media":9732,"comment_status":"open","ping_status":"closed","template":"","meta":{"_acf_changed":false,"content-type":"","_monsterinsights_skip_tracking":false,"_monsterinsights_sitenote_active":false,"_monsterinsights_sitenote_note":"","_monsterinsights_sitenote_category":0},"product_brand":[],"product_cat":[237],"product_tag":[],"class_list":{"0":"post-9268","1":"product","2":"type-product","3":"status-publish","4":"has-post-thumbnail","6":"product_cat-tools","8":"first","9":"instock","10":"taxable","11":"shipping-taxable","12":"purchasable","13":"product-type-simple"},"acf":[],"aioseo_notices":[],"jetpack_sharing_enabled":true,"_links":{"self":[{"href":"https:\/\/antcube.shop\/tr\/wp-json\/wp\/v2\/product\/9268","targetHints":{"allow":["GET"]}}],"collection":[{"href":"https:\/\/antcube.shop\/tr\/wp-json\/wp\/v2\/product"}],"about":[{"href":"https:\/\/antcube.shop\/tr\/wp-json\/wp\/v2\/types\/product"}],"replies":[{"embeddable":true,"href":"https:\/\/antcube.shop\/tr\/wp-json\/wp\/v2\/comments?post=9268"}],"wp:featuredmedia":[{"embeddable":true,"href":"https:\/\/antcube.shop\/tr\/wp-json\/wp\/v2\/media\/9732"}],"wp:attachment":[{"href":"https:\/\/antcube.shop\/tr\/wp-json\/wp\/v2\/media?parent=9268"}],"wp:term":[{"taxonomy":"product_brand","embeddable":true,"href":"https:\/\/antcube.shop\/tr\/wp-json\/wp\/v2\/product_brand?post=9268"},{"taxonomy":"product_cat","embeddable":true,"href":"https:\/\/antcube.shop\/tr\/wp-json\/wp\/v2\/product_cat?post=9268"},{"taxonomy":"product_tag","embeddable":true,"href":"https:\/\/antcube.shop\/tr\/wp-json\/wp\/v2\/product_tag?post=9268"}],"curies":[{"name":"wp","href":"https:\/\/api.w.org\/{rel}","templated":true}]}}