{"id":9267,"date":"2024-09-17T14:51:38","date_gmt":"2024-09-17T12:51:38","guid":{"rendered":"https:\/\/antcube.shop\/en\/product\/kanule-08-x-120-mm\/"},"modified":"2026-03-31T18:19:21","modified_gmt":"2026-03-31T16:19:21","slug":"kanul-0-8-x-120-mm","status":"publish","type":"product","link":"https:\/\/antcube.shop\/tr\/urun\/kanul-0-8-x-120-mm\/","title":{"rendered":"Kan\u00fcl 0,8 x 120 mm"},"content":{"rendered":"<p><strong>Uzunluk:<\/strong> 120 mm \/ 0,8 mm \u00e7ap<br \/>\nYuva t\u00fcplerini su ile doldurmak i\u00e7in idealdir.<\/p>","protected":false},"excerpt":{"rendered":"<p>Uzunluk: 120 mm \/ 0,8 mm \u00e7ap Yuva t\u00fcplerini su ile doldurmak i\u00e7in idealdir.<\/p>","protected":false},"featured_media":9729,"comment_status":"open","ping_status":"closed","template":"","meta":{"_acf_changed":false,"content-type":"","_monsterinsights_skip_tracking":false,"_monsterinsights_sitenote_active":false,"_monsterinsights_sitenote_note":"","_monsterinsights_sitenote_category":0},"product_brand":[],"product_cat":[237],"product_tag":[],"class_list":{"0":"post-9267","1":"product","2":"type-product","3":"status-publish","4":"has-post-thumbnail","6":"product_cat-tools","8":"first","9":"instock","10":"taxable","11":"shipping-taxable","12":"purchasable","13":"product-type-simple"},"acf":[],"aioseo_notices":[],"jetpack_sharing_enabled":true,"_links":{"self":[{"href":"https:\/\/antcube.shop\/tr\/wp-json\/wp\/v2\/product\/9267","targetHints":{"allow":["GET"]}}],"collection":[{"href":"https:\/\/antcube.shop\/tr\/wp-json\/wp\/v2\/product"}],"about":[{"href":"https:\/\/antcube.shop\/tr\/wp-json\/wp\/v2\/types\/product"}],"replies":[{"embeddable":true,"href":"https:\/\/antcube.shop\/tr\/wp-json\/wp\/v2\/comments?post=9267"}],"wp:featuredmedia":[{"embeddable":true,"href":"https:\/\/antcube.shop\/tr\/wp-json\/wp\/v2\/media\/9729"}],"wp:attachment":[{"href":"https:\/\/antcube.shop\/tr\/wp-json\/wp\/v2\/media?parent=9267"}],"wp:term":[{"taxonomy":"product_brand","embeddable":true,"href":"https:\/\/antcube.shop\/tr\/wp-json\/wp\/v2\/product_brand?post=9267"},{"taxonomy":"product_cat","embeddable":true,"href":"https:\/\/antcube.shop\/tr\/wp-json\/wp\/v2\/product_cat?post=9267"},{"taxonomy":"product_tag","embeddable":true,"href":"https:\/\/antcube.shop\/tr\/wp-json\/wp\/v2\/product_tag?post=9267"}],"curies":[{"name":"wp","href":"https:\/\/api.w.org\/{rel}","templated":true}]}}