{"id":9266,"date":"2024-09-17T14:51:18","date_gmt":"2024-09-17T12:51:18","guid":{"rendered":"https:\/\/antcube.shop\/en\/product\/spritze-20-ml\/"},"modified":"2026-04-02T09:54:50","modified_gmt":"2026-04-02T07:54:50","slug":"siringa-20-ml","status":"publish","type":"product","link":"https:\/\/antcube.shop\/tr\/urun\/siringa-20-ml\/","title":{"rendered":"\u015e\u0131r\u0131nga 20 ml"},"content":{"rendered":"<p><strong>Boyutlar:<\/strong> Hacim: 20 ml<br \/>\n<strong>A\u00e7\u0131klama:<\/strong> Kar\u0131ncalar\u0131 beslemek i\u00e7in kullan\u0131labilir.<\/p>","protected":false},"excerpt":{"rendered":"<p>Boyutlar: Hacim: 20 ml A\u00e7\u0131klama: Kar\u0131ncalar\u0131 beslemek i\u00e7in kullan\u0131labilir.<\/p>","protected":false},"featured_media":9727,"comment_status":"open","ping_status":"closed","template":"","meta":{"_acf_changed":false,"content-type":"","_monsterinsights_skip_tracking":false,"_monsterinsights_sitenote_active":false,"_monsterinsights_sitenote_note":"","_monsterinsights_sitenote_category":0},"product_brand":[],"product_cat":[237],"product_tag":[],"class_list":{"0":"post-9266","1":"product","2":"type-product","3":"status-publish","4":"has-post-thumbnail","6":"product_cat-tools","8":"first","9":"instock","10":"taxable","11":"shipping-taxable","12":"purchasable","13":"product-type-simple"},"acf":[],"aioseo_notices":[],"jetpack_sharing_enabled":true,"_links":{"self":[{"href":"https:\/\/antcube.shop\/tr\/wp-json\/wp\/v2\/product\/9266","targetHints":{"allow":["GET"]}}],"collection":[{"href":"https:\/\/antcube.shop\/tr\/wp-json\/wp\/v2\/product"}],"about":[{"href":"https:\/\/antcube.shop\/tr\/wp-json\/wp\/v2\/types\/product"}],"replies":[{"embeddable":true,"href":"https:\/\/antcube.shop\/tr\/wp-json\/wp\/v2\/comments?post=9266"}],"wp:featuredmedia":[{"embeddable":true,"href":"https:\/\/antcube.shop\/tr\/wp-json\/wp\/v2\/media\/9727"}],"wp:attachment":[{"href":"https:\/\/antcube.shop\/tr\/wp-json\/wp\/v2\/media?parent=9266"}],"wp:term":[{"taxonomy":"product_brand","embeddable":true,"href":"https:\/\/antcube.shop\/tr\/wp-json\/wp\/v2\/product_brand?post=9266"},{"taxonomy":"product_cat","embeddable":true,"href":"https:\/\/antcube.shop\/tr\/wp-json\/wp\/v2\/product_cat?post=9266"},{"taxonomy":"product_tag","embeddable":true,"href":"https:\/\/antcube.shop\/tr\/wp-json\/wp\/v2\/product_tag?post=9266"}],"curies":[{"name":"wp","href":"https:\/\/api.w.org\/{rel}","templated":true}]}}