{"id":9260,"date":"2024-09-17T14:49:00","date_gmt":"2024-09-17T12:49:00","guid":{"rendered":"https:\/\/antcube.shop\/en\/product\/spritzflasche-pe-ld-100ml\/"},"modified":"2026-03-24T10:55:22","modified_gmt":"2026-03-24T09:55:22","slug":"spritzflasche-pe-ld-100ml","status":"publish","type":"product","link":"https:\/\/antcube.shop\/tr\/urun\/spritzflasche-pe-ld-100ml\/","title":{"rendered":"Sprey \u015fi\u015fesi PE-LD 100ml"},"content":{"rendered":"<p><strong>Boyutlar:<\/strong> Hacim: 100 ml<\/p>\n<p><strong>Renk:<\/strong> \u015feffaf \/ s\u00fctl\u00fc<\/p>\n<p><strong>Malzeme:<\/strong> PE<\/p>\n<p><strong>A\u00e7\u0131klama:<\/strong> Uzat\u0131lm\u0131\u015f nozullu sprey \u015fi\u015fesi - formikaryumu manuel olarak nemlendirmek i\u00e7in idealdir.<\/p>","protected":false},"excerpt":{"rendered":"<p>Boyutlar: Hacim: 500 ml Renk: \u015feffaf \/ s\u00fctl\u00fc Malzeme: PE A\u00e7\u0131klama: Uzat\u0131lm\u0131\u015f nozullu sprey \u015fi\u015fesi - formikaryumu manuel olarak nemlendirmek i\u00e7in idealdir.<\/p>","protected":false},"featured_media":9714,"comment_status":"open","ping_status":"closed","template":"","meta":{"_acf_changed":false,"content-type":"","_monsterinsights_skip_tracking":false,"_monsterinsights_sitenote_active":false,"_monsterinsights_sitenote_note":"","_monsterinsights_sitenote_category":0},"product_brand":[],"product_cat":[237],"product_tag":[],"class_list":{"0":"post-9260","1":"product","2":"type-product","3":"status-publish","4":"has-post-thumbnail","6":"product_cat-tools","8":"first","9":"instock","10":"taxable","11":"shipping-taxable","12":"purchasable","13":"product-type-simple"},"acf":[],"aioseo_notices":[],"jetpack_sharing_enabled":true,"_links":{"self":[{"href":"https:\/\/antcube.shop\/tr\/wp-json\/wp\/v2\/product\/9260","targetHints":{"allow":["GET"]}}],"collection":[{"href":"https:\/\/antcube.shop\/tr\/wp-json\/wp\/v2\/product"}],"about":[{"href":"https:\/\/antcube.shop\/tr\/wp-json\/wp\/v2\/types\/product"}],"replies":[{"embeddable":true,"href":"https:\/\/antcube.shop\/tr\/wp-json\/wp\/v2\/comments?post=9260"}],"wp:featuredmedia":[{"embeddable":true,"href":"https:\/\/antcube.shop\/tr\/wp-json\/wp\/v2\/media\/9714"}],"wp:attachment":[{"href":"https:\/\/antcube.shop\/tr\/wp-json\/wp\/v2\/media?parent=9260"}],"wp:term":[{"taxonomy":"product_brand","embeddable":true,"href":"https:\/\/antcube.shop\/tr\/wp-json\/wp\/v2\/product_brand?post=9260"},{"taxonomy":"product_cat","embeddable":true,"href":"https:\/\/antcube.shop\/tr\/wp-json\/wp\/v2\/product_cat?post=9260"},{"taxonomy":"product_tag","embeddable":true,"href":"https:\/\/antcube.shop\/tr\/wp-json\/wp\/v2\/product_tag?post=9260"}],"curies":[{"name":"wp","href":"https:\/\/api.w.org\/{rel}","templated":true}]}}