{"id":9253,"date":"2024-09-17T14:45:24","date_gmt":"2024-09-17T12:45:24","guid":{"rendered":"https:\/\/antcube.shop\/en\/product\/fotoruckwand-wiese-60x30-quer\/"},"modified":"2026-01-12T12:35:28","modified_gmt":"2026-01-12T11:35:28","slug":"fotograf-arka-duvar-cayir-60x30-yatay","status":"publish","type":"product","link":"https:\/\/antcube.shop\/tr\/urun\/fotograf-arka-duvar-cayir-60x30-yatay\/","title":{"rendered":"Foto\u011fraf arka duvar\u0131 - \u00c7ay\u0131r - 60\u00d730 - yatay"},"content":{"rendered":"<p><strong>Boyutlar:<\/strong> 60x30cm<\/p>\n<p><strong>Malzeme:<\/strong> Parlak folyo ka\u011f\u0131t<\/p>\n<p><strong>\u0130\u00e7indekiler: <\/strong>1x foto\u011fraf arka plan\u0131<\/p>\n<p><strong>A\u00e7\u0131klama:<\/strong> Bu foto\u011fraf deste\u011fi, kar\u0131ncalar\u0131n do\u011fal ya\u015fam alanlar\u0131na kar\u015f\u0131l\u0131k gelen bir ortam izlenimi vermek i\u00e7in formikaryumun arkas\u0131n\u0131n d\u0131\u015f\u0131na yap\u0131\u015ft\u0131r\u0131lm\u0131\u015ft\u0131r.<\/p>","protected":false},"excerpt":{"rendered":"<p>Malzeme: parlak folyo ka\u011f\u0131t<\/p>","protected":false},"featured_media":9696,"comment_status":"open","ping_status":"closed","template":"","meta":{"_acf_changed":false,"content-type":"","_monsterinsights_skip_tracking":false,"_monsterinsights_sitenote_active":false,"_monsterinsights_sitenote_note":"","_monsterinsights_sitenote_category":0},"product_brand":[],"product_cat":[97,103],"product_tag":[],"class_list":{"0":"post-9253","1":"product","2":"type-product","3":"status-publish","4":"has-post-thumbnail","6":"product_cat-photo-backwalls","7":"product_cat-meadow-photo-backwall","9":"first","10":"instock","11":"taxable","12":"shipping-taxable","13":"purchasable","14":"product-type-simple"},"acf":[],"aioseo_notices":[],"jetpack_sharing_enabled":true,"_links":{"self":[{"href":"https:\/\/antcube.shop\/tr\/wp-json\/wp\/v2\/product\/9253","targetHints":{"allow":["GET"]}}],"collection":[{"href":"https:\/\/antcube.shop\/tr\/wp-json\/wp\/v2\/product"}],"about":[{"href":"https:\/\/antcube.shop\/tr\/wp-json\/wp\/v2\/types\/product"}],"replies":[{"embeddable":true,"href":"https:\/\/antcube.shop\/tr\/wp-json\/wp\/v2\/comments?post=9253"}],"wp:featuredmedia":[{"embeddable":true,"href":"https:\/\/antcube.shop\/tr\/wp-json\/wp\/v2\/media\/9696"}],"wp:attachment":[{"href":"https:\/\/antcube.shop\/tr\/wp-json\/wp\/v2\/media?parent=9253"}],"wp:term":[{"taxonomy":"product_brand","embeddable":true,"href":"https:\/\/antcube.shop\/tr\/wp-json\/wp\/v2\/product_brand?post=9253"},{"taxonomy":"product_cat","embeddable":true,"href":"https:\/\/antcube.shop\/tr\/wp-json\/wp\/v2\/product_cat?post=9253"},{"taxonomy":"product_tag","embeddable":true,"href":"https:\/\/antcube.shop\/tr\/wp-json\/wp\/v2\/product_tag?post=9253"}],"curies":[{"name":"wp","href":"https:\/\/api.w.org\/{rel}","templated":true}]}}