{"id":9248,"date":"2024-09-17T14:43:20","date_gmt":"2024-09-17T12:43:20","guid":{"rendered":"https:\/\/antcube.shop\/en\/product\/antcube-box-10x10-gipsnest-beige\/"},"modified":"2026-01-12T12:38:20","modified_gmt":"2026-01-12T11:38:20","slug":"karinca-kupu-kutusu-10x10-alci-yuva-bej","status":"publish","type":"product","link":"https:\/\/antcube.shop\/tr\/urun\/karinca-kupu-kutusu-10x10-alci-yuva-bej\/","title":{"rendered":"ANTCUBE - Kutu 10\u00d710 - Al\u00e7\u0131 yuva bej"},"content":{"rendered":"<p><strong>Boyutlar:<\/strong><br \/>\n100x100x100mm<\/p>\n<p><strong>Malzeme:<\/strong><br \/>\nPMMA, PS, al\u00e7\u0131<\/p>\n<p><strong>Renk:<\/strong> \u015feffaf, bej<\/p>\n<p><strong>\u0130\u00e7erik:<\/strong><br \/>\n1x kutu 100x100x100mm<br \/>\n1x tak\u0131labilir \u00e7er\u00e7eve<br \/>\n50 mm delikli 1x tak\u0131labilir kapak<br \/>\n1x al\u00e7\u0131 yuva ek par\u00e7as\u0131<br \/>\n2x formikaryum tapalar\u0131 27mm<br \/>\n1x \u0131zgara ek par\u00e7as\u0131 - 50mm - paslanmaz \u00e7elik<\/p>\n<p><strong>A\u00e7\u0131klama:<\/strong><br \/>\nBu konteyner yerle\u015ftirilebilir bir \u00e7er\u00e7eve ve kapakla donat\u0131lm\u0131\u015ft\u0131r ve ayr\u0131ca gelecekteki uzant\u0131lar i\u00e7in iki adet 27 mm a\u00e7\u0131kl\u0131\u011fa sahiptir. Kapakta \u0131zgara ekleri, fan veya lamba soketlerinin yerle\u015ftirilebilece\u011fi 50 mm'lik bir delik vard\u0131r. Entegre al\u00e7\u0131 yuval\u0131 bu pratik ve bak\u0131m\u0131 kolay arena, yuvalar\u0131n\u0131 topra\u011fa veya ta\u015flar\u0131n aras\u0131na in\u015fa etmeyi seven temel koloniler i\u00e7in uygundur.<\/p>","protected":false},"excerpt":{"rendered":"<p><strong>Boyut:<\/strong> 10x10x10 cm<\/p>","protected":false},"featured_media":9559,"comment_status":"open","ping_status":"closed","template":"","meta":{"_acf_changed":false,"content-type":"","_monsterinsights_skip_tracking":false,"_monsterinsights_sitenote_active":false,"_monsterinsights_sitenote_note":"","_monsterinsights_sitenote_category":0},"product_brand":[],"product_cat":[80,90],"product_tag":[],"class_list":{"0":"post-9248","1":"product","2":"type-product","3":"status-publish","4":"has-post-thumbnail","6":"product_cat-antfarms","7":"product_cat-gypsum","9":"first","10":"instock","11":"taxable","12":"shipping-taxable","13":"purchasable","14":"product-type-simple"},"acf":[],"aioseo_notices":[],"jetpack_sharing_enabled":true,"_links":{"self":[{"href":"https:\/\/antcube.shop\/tr\/wp-json\/wp\/v2\/product\/9248","targetHints":{"allow":["GET"]}}],"collection":[{"href":"https:\/\/antcube.shop\/tr\/wp-json\/wp\/v2\/product"}],"about":[{"href":"https:\/\/antcube.shop\/tr\/wp-json\/wp\/v2\/types\/product"}],"replies":[{"embeddable":true,"href":"https:\/\/antcube.shop\/tr\/wp-json\/wp\/v2\/comments?post=9248"}],"wp:featuredmedia":[{"embeddable":true,"href":"https:\/\/antcube.shop\/tr\/wp-json\/wp\/v2\/media\/9559"}],"wp:attachment":[{"href":"https:\/\/antcube.shop\/tr\/wp-json\/wp\/v2\/media?parent=9248"}],"wp:term":[{"taxonomy":"product_brand","embeddable":true,"href":"https:\/\/antcube.shop\/tr\/wp-json\/wp\/v2\/product_brand?post=9248"},{"taxonomy":"product_cat","embeddable":true,"href":"https:\/\/antcube.shop\/tr\/wp-json\/wp\/v2\/product_cat?post=9248"},{"taxonomy":"product_tag","embeddable":true,"href":"https:\/\/antcube.shop\/tr\/wp-json\/wp\/v2\/product_tag?post=9248"}],"curies":[{"name":"wp","href":"https:\/\/api.w.org\/{rel}","templated":true}]}}