{"id":9247,"date":"2024-09-17T14:42:38","date_gmt":"2024-09-17T12:42:38","guid":{"rendered":"https:\/\/antcube.shop\/en\/product\/antcube-gipsnest-30x30-liegend\/"},"modified":"2026-03-19T18:11:44","modified_gmt":"2026-03-19T17:11:44","slug":"antcube-gipsnest-30x30-liegend","status":"publish","type":"product","link":"https:\/\/antcube.shop\/tr\/urun\/antcube-gipsnest-30x30-liegend\/","title":{"rendered":"ANTCUBE - Al\u00e7\u0131 yuva 30\u00d730 - yatay"},"content":{"rendered":"<p><span data-text-color=\"alert\"><strong>Nakliye sadece Almanya i\u00e7inde GO! ile veya Avrupa i\u00e7inde palet ile m\u00fcmk\u00fcnd\u00fcr (adalar hari\u00e7)<\/strong><\/span><\/p>\n<p><strong>Boyutlar:<\/strong><br \/>\nAl\u00e7\u0131 yuvas\u0131: 290 x 290 x 50mm<br \/>\nCam kapak: 279 x 279 x 4mm<\/p>\n<p><strong>Malzeme:<\/strong> Al\u00e7\u0131<\/p>\n<p><strong>\u0130\u00e7indekiler:<\/strong><br \/>\n1x s\u0131va yuvas\u0131 30\u00d730, iki ba\u011flant\u0131 soketli L 14\/16\/18\/20 x 20mm<\/p>\n<ul>\n<li>14\/10 hortum 14 mm sokete s\u0131k\u0131ca yerle\u015ftirilir<\/li>\n<li>20\/16 hortum ilk 16 mm'lik basama\u011fa s\u0131k\u0131ca tak\u0131l\u0131r<\/li>\n<li>22\/18 hortum ikinci 20 mm'lik basama\u011fa s\u0131k\u0131ca tak\u0131l\u0131r<\/li>\n<li>24\/20 hortum ikinci 20 mm basama\u011fa gev\u015fek bir \u015fekilde tak\u0131l\u0131r<\/li>\n<\/ul>\n<p>50 mm delikli 1x cam kapak<br \/>\n27mm delik i\u00e7in 1x akrilik halka 50mm<br \/>\n1x formikaryum taban\u0131 30\u00d730<br \/>\n2x \u0131zgara kapa\u011f\u0131 - 16mm - paslanmaz \u00e7elik<br \/>\n1x \u0131zgara ek par\u00e7as\u0131 - 27mm - paslanmaz \u00e7elik<\/p>\n<p><strong>A\u00e7\u0131klama:<\/strong> Prefabrik ge\u00e7itlere ve odac\u0131klara sahip al\u00e7\u0131 yuvam\u0131z, \u00f6zellikle yuvalar\u0131n\u0131 \u00e7ok kumlu veya ta\u015fl\u0131 topraklarda in\u015fa eden t\u00fcrler i\u00e7in olmak \u00fczere bir\u00e7ok kar\u0131nca t\u00fcr\u00fc i\u00e7in uygundur. Yuvaya eri\u015fim i\u00e7in bir deli\u011fi vard\u0131r. Al\u00e7\u0131ta\u015f\u0131 suyu emme \u00f6zelli\u011fine sahiptir, b\u00f6ylece belirli bir miktar nem depolan\u0131r. Bununla birlikte, al\u00e7\u0131 yuvas\u0131 s\u00fcrekli nemli olarak kullan\u0131lmamal\u0131d\u0131r, aksi takdirde k\u00fcf olu\u015fabilir (yiyecek art\u0131klar\u0131 veya kar\u0131ncalar\u0131n d\u0131\u015fk\u0131lar\u0131 nedeniyle). Bu nedenle, m\u00fcmk\u00fcnse olduk\u00e7a kuru b\u00f6lgelerden gelen t\u00fcrler burada tutulmal\u0131d\u0131r. \u00d6rne\u011fin Akdeniz veya \u00e7\u00f6l b\u00f6lgelerinden gelen t\u00fcrler gibi.<\/p>\n<p><strong>Not:<\/strong> Tasar\u0131mlar\u0131 nedeniyle \u00e7ok k\u00fc\u00e7\u00fck t\u00fcrler (\u00f6rne\u011fin Pheidole t\u00fcrleri, Temnothorax t\u00fcrleri) i\u00e7in uygun de\u011fildir, 0,3 - 0,5 mm'lik bo\u015fluklar olu\u015fabilir.<\/p>\n<p><strong>Ba\u011flant\u0131 soketleri hakk\u0131nda not<\/strong><br \/>\nHortumlar\u0131 takarken veya \u00e7\u0131kar\u0131rken l\u00fctfen a\u015fa\u011f\u0131dakilere dikkat edin:<br \/>\nHortumun ba\u011flant\u0131 soketine oturtulmas\u0131 \u00e7ok zorsa, soket bir damla patlak koruma ya\u011f\u0131 veya tozuyla hafif\u00e7e ovulmal\u0131d\u0131r. Daha sonra hortum, yukar\u0131 ve a\u015fa\u011f\u0131 hareketlerle soketi zorlamadan b\u00fckme veya vidalama hareketleri kullan\u0131larak sokete itilmelidir. Ayn\u0131 durum hortumlar\u0131 \u00e7iftlik ba\u011flant\u0131 soketinden \u00e7\u0131kar\u0131rken de ge\u00e7erlidir. L\u00fctfen basit\u00e7e \u00e7ekip \u00e7\u0131karmay\u0131n!<\/p>","protected":false},"excerpt":{"rendered":"<p>Nakliye sadece Almanya i\u00e7inde GO! ile veya Avrupa i\u00e7inde palet ile m\u00fcmk\u00fcnd\u00fcr (adalar yok) Boyutlar: Al\u00e7\u0131 yuva: 290 x 290 x 50mm Cam kapak: 279 x 279 x 4mm Malzeme: Al\u00e7\u0131 \u0130\u00e7eri\u011fi: 1x al\u00e7\u0131 yuvas\u0131 30x30 iki ba\u011flant\u0131 soketi ile L 14\/16\/18\/20 x 20mm 14\/10 hortum 14mm sokete s\u0131k\u0131ca tak\u0131l\u0131r","protected":false},"featured_media":9683,"comment_status":"open","ping_status":"closed","template":"","meta":{"_acf_changed":false,"content-type":"","_monsterinsights_skip_tracking":false,"_monsterinsights_sitenote_active":false,"_monsterinsights_sitenote_note":"","_monsterinsights_sitenote_category":0},"product_brand":[],"product_cat":[80,83],"product_tag":[],"class_list":{"0":"post-9247","1":"product","2":"type-product","3":"status-publish","4":"has-post-thumbnail","6":"product_cat-antfarms","7":"product_cat-antfarms-l","9":"first","10":"instock","11":"taxable","12":"shipping-taxable","13":"purchasable","14":"product-type-simple"},"acf":[],"aioseo_notices":[],"jetpack_sharing_enabled":true,"_links":{"self":[{"href":"https:\/\/antcube.shop\/tr\/wp-json\/wp\/v2\/product\/9247","targetHints":{"allow":["GET"]}}],"collection":[{"href":"https:\/\/antcube.shop\/tr\/wp-json\/wp\/v2\/product"}],"about":[{"href":"https:\/\/antcube.shop\/tr\/wp-json\/wp\/v2\/types\/product"}],"replies":[{"embeddable":true,"href":"https:\/\/antcube.shop\/tr\/wp-json\/wp\/v2\/comments?post=9247"}],"wp:featuredmedia":[{"embeddable":true,"href":"https:\/\/antcube.shop\/tr\/wp-json\/wp\/v2\/media\/9683"}],"wp:attachment":[{"href":"https:\/\/antcube.shop\/tr\/wp-json\/wp\/v2\/media?parent=9247"}],"wp:term":[{"taxonomy":"product_brand","embeddable":true,"href":"https:\/\/antcube.shop\/tr\/wp-json\/wp\/v2\/product_brand?post=9247"},{"taxonomy":"product_cat","embeddable":true,"href":"https:\/\/antcube.shop\/tr\/wp-json\/wp\/v2\/product_cat?post=9247"},{"taxonomy":"product_tag","embeddable":true,"href":"https:\/\/antcube.shop\/tr\/wp-json\/wp\/v2\/product_tag?post=9247"}],"curies":[{"name":"wp","href":"https:\/\/api.w.org\/{rel}","templated":true}]}}