{"id":9245,"date":"2024-09-17T14:41:26","date_gmt":"2024-09-17T12:41:26","guid":{"rendered":"https:\/\/antcube.shop\/en\/product\/antcube-gipsnest-30x30-stehend\/"},"modified":"2026-01-12T12:39:49","modified_gmt":"2026-01-12T11:39:49","slug":"antcube-gipsnest-30x30-stehend","status":"publish","type":"product","link":"https:\/\/antcube.shop\/tr\/urun\/antcube-gipsnest-30x30-stehend\/","title":{"rendered":"ANTCUBE - Al\u00e7\u0131 yuva 60\u00d730 - dik"},"content":{"rendered":"<p><span data-text-color=\"alert\"><strong>Nakliye sadece Almanya i\u00e7inde GO! ile veya Avrupa i\u00e7inde palet ile m\u00fcmk\u00fcnd\u00fcr (adalar hari\u00e7)<\/strong><\/span><\/p>\n<p><strong>Boyutlar:<\/strong> 282 x 239 x 45,5 mm<\/p>\n<p><strong>Malzeme:<\/strong> al\u00e7\u0131<\/p>\n<p>Sadece boyuttaki kar\u0131nca \u00e7iftliklerimize uyar <span style=\"font-size: 10.5pt; font-family: Arial; color: #ff0000; background-color: transparent; font-weight: bold; font-style: normal; font-variant: normal; text-decoration: none; vertical-align: baseline;\">XL<\/span><\/p>\n<p><strong>A\u00e7\u0131klama:<\/strong> Prefabrik ge\u00e7itlere ve odac\u0131klara sahip al\u00e7\u0131 yuvam\u0131z, \u00f6zellikle yuvalar\u0131n\u0131 \u00e7ok kumlu veya ta\u015fl\u0131 topraklarda in\u015fa eden t\u00fcrler i\u00e7in olmak \u00fczere bir\u00e7ok kar\u0131nca t\u00fcr\u00fc i\u00e7in uygundur. Yuvaya eri\u015fim i\u00e7in bir deli\u011fi vard\u0131r. Al\u00e7\u0131ta\u015f\u0131 suyu emme \u00f6zelli\u011fine sahiptir, b\u00f6ylece belirli bir miktar nem depolan\u0131r. Bununla birlikte, al\u00e7\u0131 yuvas\u0131 s\u00fcrekli nemli olarak kullan\u0131lmamal\u0131d\u0131r, aksi takdirde k\u00fcf olu\u015fabilir (yiyecek art\u0131klar\u0131 veya kar\u0131ncalar\u0131n d\u0131\u015fk\u0131lar\u0131 nedeniyle). Bu nedenle, m\u00fcmk\u00fcnse olduk\u00e7a kuru b\u00f6lgelerden gelen t\u00fcrler burada tutulmal\u0131d\u0131r. \u00d6rne\u011fin Akdeniz veya \u00e7\u00f6l b\u00f6lgelerinden gelen t\u00fcrler gibi.<\/p>","protected":false},"excerpt":{"rendered":"<p>Nakliye sadece Almanya i\u00e7inde GO! ile veya Avrupa i\u00e7inde palet ile m\u00fcmk\u00fcnd\u00fcr (adalar hari\u00e7) Boyutlar: 582 x 239 x 45,5 mm Malzeme: al\u00e7\u0131 Sadece XL boyutundaki kar\u0131nca \u00e7iftliklerimize uyar A\u00e7\u0131klama: Prefabrik ge\u00e7itlere ve odac\u0131klara sahip al\u00e7\u0131 yuvam\u0131z bir\u00e7ok kar\u0131nca t\u00fcr\u00fc i\u00e7in uygundur, \u00f6zellikle de","protected":false},"featured_media":9679,"comment_status":"open","ping_status":"closed","template":"","meta":{"_acf_changed":false,"content-type":"","_monsterinsights_skip_tracking":false,"_monsterinsights_sitenote_active":false,"_monsterinsights_sitenote_note":"","_monsterinsights_sitenote_category":0},"product_brand":[],"product_cat":[87,90],"product_tag":[],"class_list":{"0":"post-9245","1":"product","2":"type-product","3":"status-publish","4":"has-post-thumbnail","6":"product_cat-nest-insets","7":"product_cat-gypsum","9":"first","10":"instock","11":"taxable","12":"shipping-taxable","13":"purchasable","14":"product-type-simple"},"acf":[],"aioseo_notices":[],"jetpack_sharing_enabled":true,"_links":{"self":[{"href":"https:\/\/antcube.shop\/tr\/wp-json\/wp\/v2\/product\/9245","targetHints":{"allow":["GET"]}}],"collection":[{"href":"https:\/\/antcube.shop\/tr\/wp-json\/wp\/v2\/product"}],"about":[{"href":"https:\/\/antcube.shop\/tr\/wp-json\/wp\/v2\/types\/product"}],"replies":[{"embeddable":true,"href":"https:\/\/antcube.shop\/tr\/wp-json\/wp\/v2\/comments?post=9245"}],"wp:featuredmedia":[{"embeddable":true,"href":"https:\/\/antcube.shop\/tr\/wp-json\/wp\/v2\/media\/9679"}],"wp:attachment":[{"href":"https:\/\/antcube.shop\/tr\/wp-json\/wp\/v2\/media?parent=9245"}],"wp:term":[{"taxonomy":"product_brand","embeddable":true,"href":"https:\/\/antcube.shop\/tr\/wp-json\/wp\/v2\/product_brand?post=9245"},{"taxonomy":"product_cat","embeddable":true,"href":"https:\/\/antcube.shop\/tr\/wp-json\/wp\/v2\/product_cat?post=9245"},{"taxonomy":"product_tag","embeddable":true,"href":"https:\/\/antcube.shop\/tr\/wp-json\/wp\/v2\/product_tag?post=9245"}],"curies":[{"name":"wp","href":"https:\/\/api.w.org\/{rel}","templated":true}]}}