{"id":9241,"date":"2024-09-17T14:39:21","date_gmt":"2024-09-17T12:39:21","guid":{"rendered":"https:\/\/antcube.shop\/en\/product\/antcube-digfix-platte-40x20-xl\/"},"modified":"2026-03-09T18:09:43","modified_gmt":"2026-03-09T17:09:43","slug":"antcube-digfix-plaka-40x20-xl","status":"publish","type":"product","link":"https:\/\/antcube.shop\/tr\/urun\/antcube-digfix-plaka-40x20-xl\/","title":{"rendered":"ANTCUBE - Digfix Plaka 40\u00d720 - XL"},"content":{"rendered":"<p><strong>Boyutlar:<\/strong> <span style=\"font-size: 14.4px;\">384x130x50 mm (383-385 mm tolerans)<\/span><\/p>\n<p><strong>Malzeme:<\/strong> Digfix<\/p>\n<p><strong>A\u00e7\u0131klama:<\/strong> Kaz\u0131labilir malzemeden yap\u0131lm\u0131\u015f Digfix plakas\u0131, ANTCUBE kar\u0131nca \u00e7iftliklerimiz i\u00e7in m\u00fckemmel bir uyum sa\u011flar. Hem kuru hem de \u0131slak olarak kullan\u0131labilir. \u00d6zellikle kum ve (\u00f6l\u00fc) ah\u015fapta yuva yapan t\u00fcrler olmak \u00fczere bir\u00e7ok kar\u0131nca t\u00fcr\u00fc i\u00e7in de uygundur. Kum\/kil kar\u0131\u015f\u0131mlar\u0131 veya mantar yuva ekleri yerine kullan\u0131labilir. Mantar yuvalara g\u00f6re \u00f6nemli bir avantaj\u0131, Digfix'in \u0131slakken bile k\u00fcflenmemesidir. Bu, y\u00fcksek nem gereksinimi olan kar\u0131nca t\u00fcrlerine kolayca yeterli su sa\u011flanabilece\u011fi anlam\u0131na gelir. Digfix ayr\u0131ca kaz\u0131c\u0131 kar\u0131nca t\u00fcrlerinin kazarken yuvalar\u0131n\u0131n cam b\u00f6lmelerini kirletmemesi ve yuvaya m\u00fckemmel bir g\u00f6r\u00fc\u015f sa\u011flamas\u0131 avantaj\u0131na sahiptir.<\/p>\n<p><strong>Not:<\/strong> Do\u011fal renk ye\u015fil\/gri-kahverengi ile toprak-kahverengi aras\u0131nda de\u011fi\u015febilir. Renk tonunun kalite \u00fczerinde hi\u00e7bir etkisi yoktur.<br \/>\n\u00dcretim s\u00fcreci nedeniyle boyutlar +\/- 1 mm farkl\u0131l\u0131k g\u00f6sterebilir.<\/p>","protected":false},"excerpt":{"rendered":"<p>Boyut: <span style=\"color: #ff0000;\"><strong>XL<\/strong><\/span><\/p>","protected":false},"featured_media":9669,"comment_status":"open","ping_status":"closed","template":"","meta":{"_acf_changed":false,"content-type":"","_monsterinsights_skip_tracking":false,"_monsterinsights_sitenote_active":false,"_monsterinsights_sitenote_note":"","_monsterinsights_sitenote_category":0},"product_brand":[],"product_cat":[87,88],"product_tag":[],"class_list":{"0":"post-9241","1":"product","2":"type-product","3":"status-publish","4":"has-post-thumbnail","6":"product_cat-nest-insets","7":"product_cat-digfix","9":"first","10":"instock","11":"taxable","12":"shipping-taxable","13":"purchasable","14":"product-type-simple"},"acf":[],"aioseo_notices":[],"jetpack_sharing_enabled":true,"_links":{"self":[{"href":"https:\/\/antcube.shop\/tr\/wp-json\/wp\/v2\/product\/9241","targetHints":{"allow":["GET"]}}],"collection":[{"href":"https:\/\/antcube.shop\/tr\/wp-json\/wp\/v2\/product"}],"about":[{"href":"https:\/\/antcube.shop\/tr\/wp-json\/wp\/v2\/types\/product"}],"replies":[{"embeddable":true,"href":"https:\/\/antcube.shop\/tr\/wp-json\/wp\/v2\/comments?post=9241"}],"wp:featuredmedia":[{"embeddable":true,"href":"https:\/\/antcube.shop\/tr\/wp-json\/wp\/v2\/media\/9669"}],"wp:attachment":[{"href":"https:\/\/antcube.shop\/tr\/wp-json\/wp\/v2\/media?parent=9241"}],"wp:term":[{"taxonomy":"product_brand","embeddable":true,"href":"https:\/\/antcube.shop\/tr\/wp-json\/wp\/v2\/product_brand?post=9241"},{"taxonomy":"product_cat","embeddable":true,"href":"https:\/\/antcube.shop\/tr\/wp-json\/wp\/v2\/product_cat?post=9241"},{"taxonomy":"product_tag","embeddable":true,"href":"https:\/\/antcube.shop\/tr\/wp-json\/wp\/v2\/product_tag?post=9241"}],"curies":[{"name":"wp","href":"https:\/\/api.w.org\/{rel}","templated":true}]}}