{"id":9237,"date":"2024-09-17T14:32:30","date_gmt":"2024-09-17T12:32:30","guid":{"rendered":"https:\/\/antcube.shop\/en\/product\/antcube-arena-20x10x10-lang\/"},"modified":"2026-04-16T10:36:09","modified_gmt":"2026-04-16T08:36:09","slug":"antcube-arena-20x10x10-lang","status":"publish","type":"product","link":"https:\/\/antcube.shop\/tr\/urun\/antcube-arena-20x10x10-lang\/","title":{"rendered":"ANTCUBE - arena 20x10x10 - uzun"},"content":{"rendered":"<p><strong>Boyut:<\/strong> 200 x 100 x 100 mm; kal\u0131nl\u0131k: 4mm<\/p>\n<p><strong>Malzeme:<\/strong> d\u00fcz cam<\/p>\n<p><strong>Adapt\u00f6r:<\/strong> 2x delme 27 mm<\/p>\n<p><strong>A\u00e7\u0131klama:<\/strong><br \/>\n2x 27mm delikli 40x20x20 cm cam lavabo<br \/>\nSondaj (merkezi) 3 cm y\u00fcksekli\u011fe yerle\u015ftirilir.<\/p>\n<p><strong>L\u00fctfen unutmay\u0131n:<\/strong> Cam DIN 1249'a g\u00f6re +\/- 1 mm toleransla kesilmi\u015ftir. Son derece k\u00fc\u00e7\u00fck kar\u0131nca t\u00fcrleri i\u00e7in ek ka\u00e7\u0131\u015f korumas\u0131 gereklidir.<\/p>","protected":false},"excerpt":{"rendered":"<p><strong>Ba\u011flant\u0131:<\/strong> 2x delik 27 mm<\/p>\n<p><strong>Boyut:<\/strong> S, M, L, XL<\/p>","protected":false},"featured_media":9494,"comment_status":"open","ping_status":"closed","template":"","meta":{"_acf_changed":false,"content-type":"","_monsterinsights_skip_tracking":false,"_monsterinsights_sitenote_active":false,"_monsterinsights_sitenote_note":"","_monsterinsights_sitenote_category":0},"product_brand":[],"product_cat":[85,86],"product_tag":[],"class_list":{"0":"post-9237","1":"product","2":"type-product","3":"status-publish","4":"has-post-thumbnail","6":"product_cat-ant-arenas","7":"product_cat-formicariums","9":"first","10":"instock","11":"taxable","12":"shipping-taxable","13":"purchasable","14":"product-type-simple"},"acf":[],"aioseo_notices":[],"jetpack_sharing_enabled":true,"_links":{"self":[{"href":"https:\/\/antcube.shop\/tr\/wp-json\/wp\/v2\/product\/9237","targetHints":{"allow":["GET"]}}],"collection":[{"href":"https:\/\/antcube.shop\/tr\/wp-json\/wp\/v2\/product"}],"about":[{"href":"https:\/\/antcube.shop\/tr\/wp-json\/wp\/v2\/types\/product"}],"replies":[{"embeddable":true,"href":"https:\/\/antcube.shop\/tr\/wp-json\/wp\/v2\/comments?post=9237"}],"wp:featuredmedia":[{"embeddable":true,"href":"https:\/\/antcube.shop\/tr\/wp-json\/wp\/v2\/media\/9494"}],"wp:attachment":[{"href":"https:\/\/antcube.shop\/tr\/wp-json\/wp\/v2\/media?parent=9237"}],"wp:term":[{"taxonomy":"product_brand","embeddable":true,"href":"https:\/\/antcube.shop\/tr\/wp-json\/wp\/v2\/product_brand?post=9237"},{"taxonomy":"product_cat","embeddable":true,"href":"https:\/\/antcube.shop\/tr\/wp-json\/wp\/v2\/product_cat?post=9237"},{"taxonomy":"product_tag","embeddable":true,"href":"https:\/\/antcube.shop\/tr\/wp-json\/wp\/v2\/product_tag?post=9237"}],"curies":[{"name":"wp","href":"https:\/\/api.w.org\/{rel}","templated":true}]}}