{"id":9234,"date":"2024-09-17T14:31:14","date_gmt":"2024-09-17T12:31:14","guid":{"rendered":"https:\/\/antcube.shop\/en\/product\/ameisenarena-lufter-50mm\/"},"modified":"2026-04-21T18:47:18","modified_gmt":"2026-04-21T16:47:18","slug":"karinca-arena-fani-50mm","status":"publish","type":"product","link":"https:\/\/antcube.shop\/tr\/urun\/karinca-arena-fani-50mm\/","title":{"rendered":"Kar\u0131nca Arenas\u0131 - fan 50mm"},"content":{"rendered":"<p><span data-text-color=\"alert\"><strong>Nakliye sadece Almanya'da m\u00fcmk\u00fcnd\u00fcr!<\/strong><\/span><\/p>\n<p><strong>\u0130\u00e7indekiler:<\/strong><br \/>\n- Fan 42mm<br \/>\n- Izgara eki 50 mm - \u015feffaf<br \/>\n- Fi\u015f \/ konekt\u00f6r<\/p>\n<p><strong>Teknik \u00f6zellikler:<\/strong><br \/>\nG\u00fc\u00e7: 1W<br \/>\nVoltaj: 12V<br \/>\nKablo uzunlu\u011fu: 10 cm<br \/>\nS\u0131cakl\u0131k aral\u0131\u011f\u0131 -10 - +60 \u00b0C<br \/>\nHizmet \u00f6mr\u00fc 50 000 saat<br \/>\nHava ak\u0131\u015f h\u0131z\u0131 10 m\u00b3\/saat (\u0131zgara eklentisi ile ak\u0131\u015f h\u0131z\u0131 a\u00e7\u0131kl\u0131k boyutuna ba\u011fl\u0131 olarak azal\u0131r)<\/p>\n<p><strong>Malzeme:<\/strong> plastik<\/p>\n<p><strong>Renk:<\/strong> beyaz \/ \u015feffaf<\/p>\n<p><strong>A\u00e7\u0131klama:<\/strong><br \/>\nBir kar\u0131nca arenas\u0131n\u0131 havaland\u0131rmak i\u00e7in bu fan do\u011frudan kar\u0131nca arenas\u0131 kapa\u011f\u0131na tak\u0131labilir.<\/p>\n<p><strong>\u00c7evresel bilgiler:<\/strong><br \/>\n\u00d6zel bertaraf gerekebilir. L\u00fctfen yerel yetkililerinizle ileti\u015fime ge\u00e7in.<br \/>\nDaha fazla bilgi i\u00e7in:<\/p>\n<blockquote class=\"wp-embedded-content\" data-secret=\"E5wsFkHgL8\"><p><a href=\"https:\/\/antcube.shop\/en\/electrical-devices-act\/\">Elektrikli Cihazlar Yasas\u0131<\/a><\/p><\/blockquote>\n<p><iframe loading=\"lazy\" class=\"wp-embedded-content\" sandbox=\"allow-scripts\" security=\"restricted\" style=\"position: absolute; visibility: hidden;\" title=\"&quot;Elektrikli Cihazlar Yasas\u0131&quot; - ANTCUBE\" src=\"https:\/\/antcube.shop\/en\/electrical-devices-act\/embed\/#?secret=BvHuHVTyVI#?secret=E5wsFkHgL8\" data-secret=\"E5wsFkHgL8\" width=\"600\" height=\"338\" frameborder=\"0\" marginwidth=\"0\" marginheight=\"0\" scrolling=\"no\"><\/iframe><\/p>\n<p>&nbsp;<\/p>\n<p>Bu makale WEEE-Reg. alt\u0131nda kay\u0131tl\u0131d\u0131r. DE 54590387.<\/p>\n<p>&nbsp;<\/p>","protected":false},"excerpt":{"rendered":"<p>Nakliye sadece Almanya'da m\u00fcmk\u00fcnd\u00fcr! \u0130\u00e7indekiler: - Fan 42mm - Izgara eki 50 mm - \u015feffaf - Fi\u015f \/ konekt\u00f6r Teknik \u00f6zellikler: G\u00fc\u00e7: 1W Voltaj: 12V Kablo uzunlu\u011fu: 10 cm S\u0131cakl\u0131k aral\u0131\u011f\u0131 -10 - +60 \u00b0C Servis \u00f6mr\u00fc 50 000 h Hava ak\u0131\u015f h\u0131z\u0131 10 m\u00b3\/saat (\u0131zgara eklentisi ile ak\u0131\u015f h\u0131z\u0131 [...]","protected":false},"featured_media":9512,"comment_status":"open","ping_status":"closed","template":"","meta":{"_acf_changed":false,"content-type":"","_monsterinsights_skip_tracking":false,"_monsterinsights_sitenote_active":false,"_monsterinsights_sitenote_note":"","_monsterinsights_sitenote_category":0},"product_brand":[],"product_cat":[359,119],"product_tag":[],"class_list":{"0":"post-9234","1":"product","2":"type-product","3":"status-publish","4":"has-post-thumbnail","6":"product_cat-light-heat-humidity","7":"product_cat-formicarium-components","9":"first","10":"instock","11":"taxable","12":"shipping-taxable","13":"purchasable","14":"product-type-simple"},"acf":[],"aioseo_notices":[],"jetpack_sharing_enabled":true,"_links":{"self":[{"href":"https:\/\/antcube.shop\/tr\/wp-json\/wp\/v2\/product\/9234","targetHints":{"allow":["GET"]}}],"collection":[{"href":"https:\/\/antcube.shop\/tr\/wp-json\/wp\/v2\/product"}],"about":[{"href":"https:\/\/antcube.shop\/tr\/wp-json\/wp\/v2\/types\/product"}],"replies":[{"embeddable":true,"href":"https:\/\/antcube.shop\/tr\/wp-json\/wp\/v2\/comments?post=9234"}],"wp:featuredmedia":[{"embeddable":true,"href":"https:\/\/antcube.shop\/tr\/wp-json\/wp\/v2\/media\/9512"}],"wp:attachment":[{"href":"https:\/\/antcube.shop\/tr\/wp-json\/wp\/v2\/media?parent=9234"}],"wp:term":[{"taxonomy":"product_brand","embeddable":true,"href":"https:\/\/antcube.shop\/tr\/wp-json\/wp\/v2\/product_brand?post=9234"},{"taxonomy":"product_cat","embeddable":true,"href":"https:\/\/antcube.shop\/tr\/wp-json\/wp\/v2\/product_cat?post=9234"},{"taxonomy":"product_tag","embeddable":true,"href":"https:\/\/antcube.shop\/tr\/wp-json\/wp\/v2\/product_tag?post=9234"}],"curies":[{"name":"wp","href":"https:\/\/api.w.org\/{rel}","templated":true}]}}