{"id":9233,"date":"2024-09-17T14:30:50","date_gmt":"2024-09-17T12:30:50","guid":{"rendered":"https:\/\/antcube.shop\/en\/product\/ameisenarena-lufter-set-50mm-mit-netzgerat\/"},"modified":"2026-04-02T18:12:07","modified_gmt":"2026-04-02T16:12:07","slug":"ant-arena-fan-seti-50mm-guc-kaynagi-ile","status":"publish","type":"product","link":"https:\/\/antcube.shop\/tr\/urun\/ant-arena-fan-seti-50mm-guc-kaynagi-ile\/","title":{"rendered":"Ant Arena - g\u00fc\u00e7 kayna\u011f\u0131 ile 50mm fan seti"},"content":{"rendered":"<p><span data-text-color=\"alert\"><strong>Nakliye sadece Almanya'da m\u00fcmk\u00fcnd\u00fcr!<\/strong><\/span><\/p>\n<p><strong>\u0130\u00e7indekiler:<\/strong><br \/>\n- Fan 42mm<br \/>\n- \u0131zgara \u00fczerinde 50mm - \u015feffaf<br \/>\n- G\u00fc\u00e7 kayna\u011f\u0131 \u00fcnitesi<br \/>\n- Fi\u015f \/ konekt\u00f6r<\/p>\n<p><strong>Teknik \u00f6zellikler:<\/strong><br \/>\nG\u00fc\u00e7 kayna\u011f\u0131 \u00fcnitesi \u00e7\u0131k\u0131\u015f\u0131: 2,5 A (12W)<br \/>\nGerilim giri\u015fi: 100V-240V<br \/>\nGerilim \u00e7\u0131k\u0131\u015f\u0131: 5V<br \/>\nKablo uzunlu\u011fu: 10 cm (fan)<br \/>\nKablo uzunlu\u011fu: 90 cm (g\u00fc\u00e7 kayna\u011f\u0131 \u00fcnitesi)<br \/>\nG\u00fc\u00e7 fan\u0131 1 W<br \/>\nS\u0131cakl\u0131k aral\u0131\u011f\u0131 -10 - +60 \u00b0C<br \/>\nHizmet \u00f6mr\u00fc 50 000 saat<br \/>\nHava ak\u0131\u015f h\u0131z\u0131 10 m\u00b3\/saat (\u0131zgara eklentisi ile ak\u0131\u015f h\u0131z\u0131 a\u00e7\u0131kl\u0131k boyutuna ba\u011fl\u0131 olarak azal\u0131r)<\/p>\n<p><strong>Boyutlar:<\/strong> 5 x 5 x 1 cm (fan)<\/p>\n<p><strong>Malzeme:<\/strong> plastik<\/p>\n<p><strong>Renk:<\/strong> \u015feffaf, yar\u0131 saydam (fan); siyah (g\u00fc\u00e7 kayna\u011f\u0131 \u00fcnitesi)<\/p>\n<p><strong>A\u00e7\u0131klama:<\/strong><br \/>\nHavaland\u0131rma, bir formikaryumda m\u00fcmk\u00fcn olan en do\u011fal iklimi elde etmek ve k\u00fcf olu\u015fumunu \u00f6nlemek i\u00e7in \u00f6zellikle \u00f6nemlidir. Fan, d\u00f6rt vida deli\u011fi kullan\u0131larak monte edilebilir ya da silikon veya plastik bir yap\u0131\u015ft\u0131r\u0131c\u0131 kullan\u0131larak tak\u0131lmal\u0131d\u0131r. Motor neredeyse sessiz ve titre\u015fimsiz \u00e7al\u0131\u015f\u0131r.<\/p>\n<p><strong>\u00c7evresel bilgiler:<\/strong><br \/>\n\u00d6zel bertaraf gerekebilir. L\u00fctfen yerel yetkililerinizle ileti\u015fime ge\u00e7in.<br \/>\nDaha fazla bilgi i\u00e7in:<\/p>\n<blockquote class=\"wp-embedded-content\" data-secret=\"jOGF5OPQCF\"><p><a href=\"https:\/\/antcube.shop\/en\/electrical-devices-act\/\">Elektrikli Cihazlar Yasas\u0131<\/a><\/p><\/blockquote>\n<p><iframe loading=\"lazy\" class=\"wp-embedded-content\" sandbox=\"allow-scripts\" security=\"restricted\" style=\"position: absolute; visibility: hidden;\" title=\"&quot;Elektrikli Cihazlar Yasas\u0131&quot; - ANTCUBE\" src=\"https:\/\/antcube.shop\/en\/electrical-devices-act\/embed\/#?secret=NfRYQNwKWB#?secret=jOGF5OPQCF\" data-secret=\"jOGF5OPQCF\" width=\"600\" height=\"338\" frameborder=\"0\" marginwidth=\"0\" marginheight=\"0\" scrolling=\"no\"><\/iframe><\/p>","protected":false},"excerpt":{"rendered":"<p>Shipping only possible in Germany! Contents: &#8211; Fan 42mm &#8211; on grille insert 50mm &#8211; transparent &#8211; Power supply unit &#8211; Plug \/ connector Technical specifications: Power supply unit output: 2.5 A (12W) Voltage input: 100V-240V Voltage output: 5V Cable length: 10 cm (fan) Cable length: 90 cm (power supply unit) Power fan 1 W [&#8230;]","protected":false},"featured_media":9507,"comment_status":"open","ping_status":"closed","template":"","meta":{"_acf_changed":false,"content-type":"","_monsterinsights_skip_tracking":false,"_monsterinsights_sitenote_active":false,"_monsterinsights_sitenote_note":"","_monsterinsights_sitenote_category":0},"product_brand":[],"product_cat":[359,119],"product_tag":[],"class_list":{"0":"post-9233","1":"product","2":"type-product","3":"status-publish","4":"has-post-thumbnail","6":"product_cat-light-heat-humidity","7":"product_cat-formicarium-components","9":"first","10":"outofstock","11":"taxable","12":"shipping-taxable","13":"purchasable","14":"product-type-simple"},"acf":[],"aioseo_notices":[],"jetpack_sharing_enabled":true,"_links":{"self":[{"href":"https:\/\/antcube.shop\/tr\/wp-json\/wp\/v2\/product\/9233","targetHints":{"allow":["GET"]}}],"collection":[{"href":"https:\/\/antcube.shop\/tr\/wp-json\/wp\/v2\/product"}],"about":[{"href":"https:\/\/antcube.shop\/tr\/wp-json\/wp\/v2\/types\/product"}],"replies":[{"embeddable":true,"href":"https:\/\/antcube.shop\/tr\/wp-json\/wp\/v2\/comments?post=9233"}],"wp:featuredmedia":[{"embeddable":true,"href":"https:\/\/antcube.shop\/tr\/wp-json\/wp\/v2\/media\/9507"}],"wp:attachment":[{"href":"https:\/\/antcube.shop\/tr\/wp-json\/wp\/v2\/media?parent=9233"}],"wp:term":[{"taxonomy":"product_brand","embeddable":true,"href":"https:\/\/antcube.shop\/tr\/wp-json\/wp\/v2\/product_brand?post=9233"},{"taxonomy":"product_cat","embeddable":true,"href":"https:\/\/antcube.shop\/tr\/wp-json\/wp\/v2\/product_cat?post=9233"},{"taxonomy":"product_tag","embeddable":true,"href":"https:\/\/antcube.shop\/tr\/wp-json\/wp\/v2\/product_tag?post=9233"}],"curies":[{"name":"wp","href":"https:\/\/api.w.org\/{rel}","templated":true}]}}