{"id":9231,"date":"2024-09-17T14:30:07","date_gmt":"2024-09-17T12:30:07","guid":{"rendered":"https:\/\/antcube.shop\/en\/product\/antcube-arena-60x30x30-lang\/"},"modified":"2026-04-15T10:43:12","modified_gmt":"2026-04-15T08:43:12","slug":"antcube-arena-60x30x30-genisliginde","status":"publish","type":"product","link":"https:\/\/antcube.shop\/tr\/urun\/antcube-arena-60x30x30-genisliginde\/","title":{"rendered":"ANTCUBE - Arena 60x30x30 - geni\u015f"},"content":{"rendered":"<p><span data-text-color=\"alert\"><strong>Nakliye sadece Almanya i\u00e7inde GO! ile veya Avrupa i\u00e7inde palet ile m\u00fcmk\u00fcnd\u00fcr (adalar hari\u00e7)<\/strong><\/span><\/p>\n<p><strong>Boyutlar:<\/strong> 600 x 300 x 300 mm; 4 mm cam kal\u0131nl\u0131\u011f\u0131<\/p>\n<p><strong>Malzeme:<\/strong> D\u00fcz cam<\/p>\n<p><strong>Ba\u011flant\u0131:<\/strong> 2x delik 50 mm<\/p>\n<p><strong>A\u00e7\u0131klama:<\/strong><br \/>\n2x 50mm delikli 60x30x30 cm cam lavabo<br \/>\nDelik (merkez noktas\u0131) 3 cm y\u00fcksekliktedir.<\/p>\n<p><strong>Not:<\/strong> Cam DIN 1249'a g\u00f6re +\/- 1 mm toleransla kesilmi\u015ftir. Son derece k\u00fc\u00e7\u00fck kar\u0131nca t\u00fcrleri i\u00e7in ek ka\u00e7\u0131\u015f korumas\u0131 gereklidir.<\/p>","protected":false},"excerpt":{"rendered":"<p><strong>Ba\u011flant\u0131:<\/strong> 2x delik 50 mm<\/p>\n<p><strong>Boyut:<\/strong> S, M, L, XL<\/p>","protected":false},"featured_media":9517,"comment_status":"open","ping_status":"closed","template":"","meta":{"_acf_changed":false,"content-type":"","_monsterinsights_skip_tracking":false,"_monsterinsights_sitenote_active":false,"_monsterinsights_sitenote_note":"","_monsterinsights_sitenote_category":0},"product_brand":[],"product_cat":[85,86],"product_tag":[],"class_list":{"0":"post-9231","1":"product","2":"type-product","3":"status-publish","4":"has-post-thumbnail","6":"product_cat-ant-arenas","7":"product_cat-formicariums","8":"product_shipping_class-fragile","10":"first","11":"instock","12":"taxable","13":"shipping-taxable","14":"purchasable","15":"product-type-simple"},"acf":[],"aioseo_notices":[],"jetpack_sharing_enabled":true,"_links":{"self":[{"href":"https:\/\/antcube.shop\/tr\/wp-json\/wp\/v2\/product\/9231","targetHints":{"allow":["GET"]}}],"collection":[{"href":"https:\/\/antcube.shop\/tr\/wp-json\/wp\/v2\/product"}],"about":[{"href":"https:\/\/antcube.shop\/tr\/wp-json\/wp\/v2\/types\/product"}],"replies":[{"embeddable":true,"href":"https:\/\/antcube.shop\/tr\/wp-json\/wp\/v2\/comments?post=9231"}],"wp:featuredmedia":[{"embeddable":true,"href":"https:\/\/antcube.shop\/tr\/wp-json\/wp\/v2\/media\/9517"}],"wp:attachment":[{"href":"https:\/\/antcube.shop\/tr\/wp-json\/wp\/v2\/media?parent=9231"}],"wp:term":[{"taxonomy":"product_brand","embeddable":true,"href":"https:\/\/antcube.shop\/tr\/wp-json\/wp\/v2\/product_brand?post=9231"},{"taxonomy":"product_cat","embeddable":true,"href":"https:\/\/antcube.shop\/tr\/wp-json\/wp\/v2\/product_cat?post=9231"},{"taxonomy":"product_tag","embeddable":true,"href":"https:\/\/antcube.shop\/tr\/wp-json\/wp\/v2\/product_tag?post=9231"}],"curies":[{"name":"wp","href":"https:\/\/api.w.org\/{rel}","templated":true}]}}