{"id":9224,"date":"2024-09-17T14:27:14","date_gmt":"2024-09-17T12:27:14","guid":{"rendered":"https:\/\/antcube.shop\/en\/product\/antcube-ameisenarenaeinsatz-l-60x30\/"},"modified":"2026-01-26T10:31:02","modified_gmt":"2026-01-26T09:31:02","slug":"antcube-ant-arena-insert-l-60x30","status":"publish","type":"product","link":"https:\/\/antcube.shop\/tr\/urun\/antcube-ant-arena-insert-l-60x30\/","title":{"rendered":"ANTCUBE kar\u0131nca arenas\u0131 ek par\u00e7as\u0131 - L - 60\u00d730"},"content":{"rendered":"<p><strong>Boyutlar:<\/strong><br \/>\nd\u0131\u015f: 590 x 28 x 276 mm<br \/>\ni\u00e7 k\u0131s\u0131m: 584 x 20 x 269 mm<\/p>\n<p><strong>Malzeme:<\/strong> d\u00fcz cam<\/p>\n<p><strong>Renk:<\/strong> \u015feffaf<\/p>\n<p><strong>\u0130\u00e7erik:<\/strong><br \/>\n1x kar\u0131nca arenas\u0131 eki<br \/>\n1x kapak<br \/>\n1x sabitleme noktalar\u0131 2 adet.<\/p>\n<p><strong>A\u00e7\u0131klama:<\/strong><br \/>\nBu yuvalama par\u00e7as\u0131 bir ANTCUBE kar\u0131nca arenas\u0131na yerle\u015ftirilebilir ve kaz\u0131labilir bir malzeme (\u00f6rne\u011fin kum\/kil kar\u0131\u015f\u0131m\u0131 veya Digfix) ile doldurulabilir. Buradaki \u00f6zellik, \u00f6rne\u011fin kar\u0131ncalarla birlikte k\u0131\u015f\u0131 ge\u00e7irmek i\u00e7in arenadan kolayca \u00e7\u0131kar\u0131labilmesidir. Alt b\u00f6l\u00fcmde giri\u015f \u00e7\u0131k\u0131\u015f ve havaland\u0131rma i\u00e7in iki adet 10 mm'lik delik bulunmaktad\u0131r. Bunlar k\u0131\u015flama i\u00e7in 10 mm'lik tapalarla kapat\u0131labilir (bunlar dahil de\u011fildir).<\/p>\n<p><strong>Not:<\/strong> Cam, DIN 1249'a g\u00f6re +\/- 1 mm toleransla \u00f6l\u00e7\u00fcye g\u00f6re kesilir. \u00c7ok k\u00fc\u00e7\u00fck kar\u0131nca t\u00fcrleri i\u00e7in ek kopma korumas\u0131 gereklidir.<\/p>","protected":false},"excerpt":{"rendered":"<p>Boyut: <span style=\"color: #0000ff;\"><strong>L<\/strong><\/span><\/p>","protected":false},"featured_media":9533,"comment_status":"open","ping_status":"closed","template":"","meta":{"_acf_changed":false,"content-type":"","_monsterinsights_skip_tracking":false,"_monsterinsights_sitenote_active":false,"_monsterinsights_sitenote_note":"","_monsterinsights_sitenote_category":0},"product_brand":[],"product_cat":[91,94],"product_tag":[],"class_list":{"0":"post-9224","1":"product","2":"type-product","3":"status-publish","4":"has-post-thumbnail","6":"product_cat-formicarium-modules","7":"product_cat-arena-inset","9":"first","10":"instock","11":"taxable","12":"shipping-taxable","13":"purchasable","14":"product-type-simple"},"acf":[],"aioseo_notices":[],"jetpack_sharing_enabled":true,"_links":{"self":[{"href":"https:\/\/antcube.shop\/tr\/wp-json\/wp\/v2\/product\/9224","targetHints":{"allow":["GET"]}}],"collection":[{"href":"https:\/\/antcube.shop\/tr\/wp-json\/wp\/v2\/product"}],"about":[{"href":"https:\/\/antcube.shop\/tr\/wp-json\/wp\/v2\/types\/product"}],"replies":[{"embeddable":true,"href":"https:\/\/antcube.shop\/tr\/wp-json\/wp\/v2\/comments?post=9224"}],"wp:featuredmedia":[{"embeddable":true,"href":"https:\/\/antcube.shop\/tr\/wp-json\/wp\/v2\/media\/9533"}],"wp:attachment":[{"href":"https:\/\/antcube.shop\/tr\/wp-json\/wp\/v2\/media?parent=9224"}],"wp:term":[{"taxonomy":"product_brand","embeddable":true,"href":"https:\/\/antcube.shop\/tr\/wp-json\/wp\/v2\/product_brand?post=9224"},{"taxonomy":"product_cat","embeddable":true,"href":"https:\/\/antcube.shop\/tr\/wp-json\/wp\/v2\/product_cat?post=9224"},{"taxonomy":"product_tag","embeddable":true,"href":"https:\/\/antcube.shop\/tr\/wp-json\/wp\/v2\/product_tag?post=9224"}],"curies":[{"name":"wp","href":"https:\/\/api.w.org\/{rel}","templated":true}]}}