{"id":9221,"date":"2024-09-17T14:26:05","date_gmt":"2024-09-17T12:26:05","guid":{"rendered":"https:\/\/antcube.shop\/en\/product\/antcube-ameisenfarm-xl-30x30-stehend\/"},"modified":"2026-03-29T14:39:20","modified_gmt":"2026-03-29T12:39:20","slug":"antcube-ameisenfarm-xl-30x30-stehend","status":"publish","type":"product","link":"https:\/\/antcube.shop\/tr\/urun\/antcube-ameisenfarm-xl-30x30-stehend\/","title":{"rendered":"ANTCUBE - Kar\u0131nca \u00e7iftli\u011fi - XL - 30\u00d730 - dik"},"content":{"rendered":"<p><strong>Boyutlar (LxWxH):<\/strong><br \/>\nd\u0131\u015f: 290x58x299 mm<br \/>\ni\u00e7: 284x50x290 mm<\/p>\n<p><strong>Malzeme:<\/strong><br \/>\nFloat cam, plastik<\/p>\n<p><strong>Renkli:<\/strong><br \/>\nkristal berrakl\u0131\u011f\u0131nda<\/p>\n<p><strong>\u0130\u00e7indekiler:<\/strong><br \/>\n1x ANTCUBE kar\u0131nca \u00e7iftli\u011fi - 52 mm plaka aral\u0131\u011f\u0131<br \/>\n1x kar\u0131nca \u00e7iftli\u011fi \u00f6rt\u00fcs\u00fc XL 30\u00d76<br \/>\n2x fi\u015f 4mm<\/p>\n<p><strong>Ba\u011flant\u0131:<\/strong><br \/>\nHer iki tarafta da 27 mm'lik bir delik vard\u0131r, b\u00f6ylece bu \u00e7iftlik 28 mm'lik bir hortuma veya \"27 mm'lik delikler i\u00e7in hortumlu tank konekt\u00f6r\u00fcm\u00fcze\" ba\u011flanabilir.<br \/>\n4 mm tapal\u0131 2x 4 mm delik.<\/p>\n<p><strong>A\u00e7\u0131klama:<\/strong><br \/>\nBu tamamen \u015feffaf kar\u0131nca \u00e7iftli\u011fi S boyutundaki kar\u0131nca t\u00fcrleri i\u00e7in uygundur.<\/p>\n<p><strong>\u00dcretim hakk\u0131nda notlar<\/strong><br \/>\nCam DIN 1249'a g\u00f6re +\/- 1 mm toleransla kesilmi\u015ftir. Son derece k\u00fc\u00e7\u00fck kar\u0131nca t\u00fcrleri i\u00e7in ek ka\u00e7\u0131\u015f korumas\u0131 gereklidir.<\/p>\n<p><strong>\u00c7iftlik hakk\u0131nda not<\/strong><br \/>\nT\u00fcpleri takarken l\u00fctfen a\u015fa\u011f\u0131dakilere dikkat edin:<br \/>\nHortumun ba\u011flant\u0131 soketine tak\u0131lmas\u0131 \u00e7ok zorsa, soket bir damla patlak koruma ya\u011f\u0131 veya tozuyla hafif\u00e7e ovulmal\u0131d\u0131r. Daha sonra hortum, a\u015fa\u011f\u0131 yukar\u0131 hareketlerle soketi zorlamadan b\u00fckme veya vidalama hareketleri kullan\u0131larak sokete itilmelidir.<\/p>","protected":false},"excerpt":{"rendered":"<p><strong>Ba\u011flant\u0131<\/strong>: 27mm delik<br \/>\n<strong>Gr\u00f6\u00dfe<\/strong>: <span style=\"font-size: small;\"><span style=\"font-family: Arial;\"><strong>XL<\/strong><\/span><\/span><\/p>","protected":false},"featured_media":9540,"comment_status":"open","ping_status":"closed","template":"","meta":{"_acf_changed":false,"content-type":"","_monsterinsights_skip_tracking":false,"_monsterinsights_sitenote_active":false,"_monsterinsights_sitenote_note":"","_monsterinsights_sitenote_category":0},"product_brand":[],"product_cat":[80,84],"product_tag":[],"class_list":{"0":"post-9221","1":"product","2":"type-product","3":"status-publish","4":"has-post-thumbnail","6":"product_cat-antfarms","7":"product_cat-antfarms-xl","9":"first","10":"instock","11":"taxable","12":"shipping-taxable","13":"purchasable","14":"product-type-simple"},"acf":[],"aioseo_notices":[],"jetpack_sharing_enabled":true,"_links":{"self":[{"href":"https:\/\/antcube.shop\/tr\/wp-json\/wp\/v2\/product\/9221","targetHints":{"allow":["GET"]}}],"collection":[{"href":"https:\/\/antcube.shop\/tr\/wp-json\/wp\/v2\/product"}],"about":[{"href":"https:\/\/antcube.shop\/tr\/wp-json\/wp\/v2\/types\/product"}],"replies":[{"embeddable":true,"href":"https:\/\/antcube.shop\/tr\/wp-json\/wp\/v2\/comments?post=9221"}],"wp:featuredmedia":[{"embeddable":true,"href":"https:\/\/antcube.shop\/tr\/wp-json\/wp\/v2\/media\/9540"}],"wp:attachment":[{"href":"https:\/\/antcube.shop\/tr\/wp-json\/wp\/v2\/media?parent=9221"}],"wp:term":[{"taxonomy":"product_brand","embeddable":true,"href":"https:\/\/antcube.shop\/tr\/wp-json\/wp\/v2\/product_brand?post=9221"},{"taxonomy":"product_cat","embeddable":true,"href":"https:\/\/antcube.shop\/tr\/wp-json\/wp\/v2\/product_cat?post=9221"},{"taxonomy":"product_tag","embeddable":true,"href":"https:\/\/antcube.shop\/tr\/wp-json\/wp\/v2\/product_tag?post=9221"}],"curies":[{"name":"wp","href":"https:\/\/api.w.org\/{rel}","templated":true}]}}