{"id":9219,"date":"2024-09-17T14:25:17","date_gmt":"2024-09-17T12:25:17","guid":{"rendered":"https:\/\/antcube.shop\/en\/product\/antcube-ameisenfarm-l-60x30-stehend\/"},"modified":"2026-04-06T17:28:14","modified_gmt":"2026-04-06T15:28:14","slug":"antcube-karinca-ciftligi-l-60x30-dik","status":"publish","type":"product","link":"https:\/\/antcube.shop\/tr\/urun\/antcube-karinca-ciftligi-l-60x30-dik\/","title":{"rendered":"ANTCUBE - Kar\u0131nca \u00e7iftli\u011fi - L - 60\u00d730 - dik"},"content":{"rendered":"<p><strong>Boyutlar (LxWxH):<\/strong><br \/>\nd\u0131\u015f: 634x58x299 mm<br \/>\ni\u00e7: 584x20x290 mm<\/p>\n<p><strong>Malzeme:<\/strong><br \/>\nFloat cam, plastik<\/p>\n<p><strong>Renkli:<\/strong><br \/>\nkristal berrakl\u0131\u011f\u0131nda<\/p>\n<p><strong>\u0130\u00e7indekiler:<\/strong><br \/>\n1x ANTCUBE kar\u0131nca \u00e7iftli\u011fi - 20 mm plaka aral\u0131\u011f\u0131<br \/>\n1x kar\u0131nca \u00e7iftli\u011fi \u00f6rt\u00fcs\u00fc L 60\u00d73<br \/>\n2x fi\u015f 4mm<\/p>\n<p><strong>Ba\u011flant\u0131:<\/strong><br \/>\n2x 14\/16\/18\/20 x 20mm soket<br \/>\n4mm tapal\u0131 2x 4mm delikler<\/p>\n<p>14\/10 hortum 14 mm sokete s\u0131k\u0131ca yerle\u015ftirilir<br \/>\n22\/18 hortum ikinci 20 mm'lik basama\u011fa s\u0131k\u0131ca tak\u0131l\u0131r<br \/>\n24\/20 hortum ikinci 20 mm'lik basama\u011fa gev\u015fek bir \u015fekilde tak\u0131l\u0131r<\/p>\n<p><strong>A\u00e7\u0131klama:<\/strong><br \/>\nBu tamamen \u015feffaf kar\u0131nca \u00e7iftli\u011fi S boyutundaki kar\u0131nca t\u00fcrleri i\u00e7in uygundur.<\/p>\n<p><strong>\u00dcretim hakk\u0131nda notlar<\/strong><br \/>\nCam DIN 1249'a g\u00f6re +\/- 1 mm toleransla kesilmi\u015ftir. Son derece k\u00fc\u00e7\u00fck kar\u0131nca t\u00fcrleri i\u00e7in ek ka\u00e7\u0131\u015f korumas\u0131 gereklidir.<\/p>\n<p><strong>\u00c7iftlik hakk\u0131nda not<\/strong><br \/>\nHortumlar\u0131 takarken veya \u00e7\u0131kar\u0131rken l\u00fctfen a\u015fa\u011f\u0131dakilere dikkat edin:<br \/>\nHortumun ba\u011flant\u0131 soketine oturtulmas\u0131 \u00e7ok zorsa, soket bir damla patlak koruma ya\u011f\u0131 veya tozuyla hafif\u00e7e ovulmal\u0131d\u0131r. Daha sonra hortum, yukar\u0131 ve a\u015fa\u011f\u0131 hareketlerle soketi zorlamadan b\u00fckme veya vidalama hareketleri kullan\u0131larak sokete itilmelidir. Ayn\u0131 durum hortumlar\u0131 \u00e7iftlik ba\u011flant\u0131 soketinden \u00e7\u0131kar\u0131rken de ge\u00e7erlidir. L\u00fctfen basit\u00e7e \u00e7ekip \u00e7\u0131karmay\u0131n!<\/p>","protected":false},"excerpt":{"rendered":"<p><strong>Ba\u011flant\u0131:<\/strong> Soket 2x 14\/16\/18\/20 mm + kapak Plaka aral\u0131\u011f\u0131: \u0130\u00e7 20 mm \/ d\u0131\u015f 28 mm<\/p>\n<p><strong>Boyut:<\/strong> L<\/p>","protected":false},"featured_media":9543,"comment_status":"open","ping_status":"closed","template":"","meta":{"_acf_changed":false,"content-type":"","_monsterinsights_skip_tracking":false,"_monsterinsights_sitenote_active":false,"_monsterinsights_sitenote_note":"","_monsterinsights_sitenote_category":0},"product_brand":[],"product_cat":[80,83],"product_tag":[],"class_list":{"0":"post-9219","1":"product","2":"type-product","3":"status-publish","4":"has-post-thumbnail","6":"product_cat-antfarms","7":"product_cat-antfarms-l","9":"first","10":"instock","11":"taxable","12":"shipping-taxable","13":"purchasable","14":"product-type-simple"},"acf":[],"aioseo_notices":[],"jetpack_sharing_enabled":true,"_links":{"self":[{"href":"https:\/\/antcube.shop\/tr\/wp-json\/wp\/v2\/product\/9219","targetHints":{"allow":["GET"]}}],"collection":[{"href":"https:\/\/antcube.shop\/tr\/wp-json\/wp\/v2\/product"}],"about":[{"href":"https:\/\/antcube.shop\/tr\/wp-json\/wp\/v2\/types\/product"}],"replies":[{"embeddable":true,"href":"https:\/\/antcube.shop\/tr\/wp-json\/wp\/v2\/comments?post=9219"}],"wp:featuredmedia":[{"embeddable":true,"href":"https:\/\/antcube.shop\/tr\/wp-json\/wp\/v2\/media\/9543"}],"wp:attachment":[{"href":"https:\/\/antcube.shop\/tr\/wp-json\/wp\/v2\/media?parent=9219"}],"wp:term":[{"taxonomy":"product_brand","embeddable":true,"href":"https:\/\/antcube.shop\/tr\/wp-json\/wp\/v2\/product_brand?post=9219"},{"taxonomy":"product_cat","embeddable":true,"href":"https:\/\/antcube.shop\/tr\/wp-json\/wp\/v2\/product_cat?post=9219"},{"taxonomy":"product_tag","embeddable":true,"href":"https:\/\/antcube.shop\/tr\/wp-json\/wp\/v2\/product_tag?post=9219"}],"curies":[{"name":"wp","href":"https:\/\/api.w.org\/{rel}","templated":true}]}}