{"id":9212,"date":"2024-09-17T14:21:53","date_gmt":"2024-09-17T12:21:53","guid":{"rendered":"https:\/\/antcube.shop\/en\/product\/agave-10cm\/"},"modified":"2026-03-11T13:48:49","modified_gmt":"2026-03-11T12:48:49","slug":"agave-10cm","status":"publish","type":"product","link":"https:\/\/antcube.shop\/tr\/urun\/agave-10cm\/","title":{"rendered":"Agave - 10cm"},"content":{"rendered":"<p><strong>Boyutlar:<\/strong> 104 x 97 x 103 mm<\/p>\n<p><strong>Malzeme:<\/strong> polimer beton, kil, plastik<\/p>\n<p><strong>Renk:<\/strong><br \/>\nTaban: gri-kahverengi<br \/>\nBitki: gri kenarl\u0131 koyu ye\u015fil-a\u00e7\u0131k ye\u015fil<\/p>\n<p><strong>\u0130\u00e7erik:<\/strong> 1 adet<\/p>\n<p><strong>A\u00e7\u0131klama:<\/strong> K\u00fc\u00e7\u00fck agave sa\u011flam plastikten yap\u0131lm\u0131\u015ft\u0131r ve ta\u015f g\u00f6r\u00fcn\u00fcml\u00fc sentetik re\u00e7ine tabana sahiptir. Bu sayede son derece dayan\u0131kl\u0131d\u0131r ve kar\u0131ncalar taraf\u0131ndan zarar g\u00f6rmez.<br \/>\nBununla birlikte, \u00e7ok do\u011fal ve \u00e7ekici g\u00f6r\u00fcn\u00fcr ve bir formikaryuma kolayca entegre edilebilir.<\/p>\n<p><strong>Not:<\/strong> L\u00fctfen kullanmadan \u00f6nce akan su alt\u0131nda temizleyin!<\/p>","protected":false},"excerpt":{"rendered":"<p>Boyutlar: 104 x 97 x 103 mm Malzeme: polimer beton, kil, plastik Renk: Taban: gri-kahverengi Bitki: gri kenarl\u0131 koyu ye\u015fil-a\u00e7\u0131k ye\u015fil \u0130\u00e7erik: 1 par\u00e7a A\u00e7\u0131klama: K\u00fc\u00e7\u00fck agave sa\u011flam plastikten yap\u0131lm\u0131\u015ft\u0131r ve ta\u015f g\u00f6r\u00fcn\u00fcml\u00fc sentetik re\u00e7ine tabana sahiptir. Bu sayede son derece dayan\u0131kl\u0131d\u0131r ve kar\u0131ncalar taraf\u0131ndan zarar g\u00f6rmez.","protected":false},"featured_media":9659,"comment_status":"open","ping_status":"closed","template":"","meta":{"_acf_changed":false,"content-type":"","_monsterinsights_skip_tracking":false,"_monsterinsights_sitenote_active":false,"_monsterinsights_sitenote_note":"","_monsterinsights_sitenote_category":0},"product_brand":[],"product_cat":[98,99],"product_tag":[],"class_list":{"0":"post-9212","1":"product","2":"type-product","3":"status-publish","4":"has-post-thumbnail","6":"product_cat-decoration","7":"product_cat-desert","9":"first","10":"instock","11":"taxable","12":"shipping-taxable","13":"purchasable","14":"product-type-simple"},"acf":[],"aioseo_notices":[],"jetpack_sharing_enabled":true,"_links":{"self":[{"href":"https:\/\/antcube.shop\/tr\/wp-json\/wp\/v2\/product\/9212","targetHints":{"allow":["GET"]}}],"collection":[{"href":"https:\/\/antcube.shop\/tr\/wp-json\/wp\/v2\/product"}],"about":[{"href":"https:\/\/antcube.shop\/tr\/wp-json\/wp\/v2\/types\/product"}],"replies":[{"embeddable":true,"href":"https:\/\/antcube.shop\/tr\/wp-json\/wp\/v2\/comments?post=9212"}],"wp:featuredmedia":[{"embeddable":true,"href":"https:\/\/antcube.shop\/tr\/wp-json\/wp\/v2\/media\/9659"}],"wp:attachment":[{"href":"https:\/\/antcube.shop\/tr\/wp-json\/wp\/v2\/media?parent=9212"}],"wp:term":[{"taxonomy":"product_brand","embeddable":true,"href":"https:\/\/antcube.shop\/tr\/wp-json\/wp\/v2\/product_brand?post=9212"},{"taxonomy":"product_cat","embeddable":true,"href":"https:\/\/antcube.shop\/tr\/wp-json\/wp\/v2\/product_cat?post=9212"},{"taxonomy":"product_tag","embeddable":true,"href":"https:\/\/antcube.shop\/tr\/wp-json\/wp\/v2\/product_tag?post=9212"}],"curies":[{"name":"wp","href":"https:\/\/api.w.org\/{rel}","templated":true}]}}