{"id":9210,"date":"2024-09-17T14:20:54","date_gmt":"2024-09-17T12:20:54","guid":{"rendered":"https:\/\/antcube.shop\/en\/product\/cognakpflanze\/"},"modified":"2026-04-09T09:31:27","modified_gmt":"2026-04-09T07:31:27","slug":"cognakpflanze","status":"publish","type":"product","link":"https:\/\/antcube.shop\/tr\/urun\/cognakpflanze\/","title":{"rendered":"Konyak fabrikas\u0131"},"content":{"rendered":"<p><strong>Boyutlar:<\/strong> yakla\u015f\u0131k 90 x 70 x 100 mm<\/p>\n<p><strong>Malzeme:<\/strong> polimer beton, kil, plastik<\/p>\n<p><strong>Renk:<\/strong><br \/>\nTaban: ye\u015fil, a\u00e7\u0131k gri-koyu gri<br \/>\nBitki: k\u0131rm\u0131z\u0131-ye\u015fil, turuncu \u00e7i\u00e7ekler<\/p>\n<p><strong>\u0130\u00e7erik:<\/strong> 1 adet.<\/p>\n<p><strong>A\u00e7\u0131klama:<\/strong> Bu bitkiler sa\u011flam plastikten yap\u0131lm\u0131\u015ft\u0131r ve ta\u015f g\u00f6r\u00fcn\u00fcml\u00fc sentetik re\u00e7ine tabana sahiptir. Bu sayede son derece dayan\u0131kl\u0131d\u0131rlar ve kar\u0131ncalar taraf\u0131ndan zarar g\u00f6rmezler. Bununla birlikte, \u00e7ok do\u011fal ve \u00e7ekici g\u00f6r\u00fcn\u00fcrler ve bir formikaryuma kolayca entegre edilebilirler.<\/p>\n<p><strong>Not:<\/strong> L\u00fctfen kullanmadan \u00f6nce akan su alt\u0131nda temizleyin!<\/p>","protected":false},"excerpt":{"rendered":"<p>Boyutlar: yakla\u015f\u0131k 9 x 7 x 10 cm<\/p>","protected":false},"featured_media":9653,"comment_status":"open","ping_status":"closed","template":"","meta":{"_acf_changed":false,"content-type":"","_monsterinsights_skip_tracking":false,"_monsterinsights_sitenote_active":false,"_monsterinsights_sitenote_note":"","_monsterinsights_sitenote_category":0},"product_brand":[],"product_cat":[98,100],"product_tag":[],"class_list":{"0":"post-9210","1":"product","2":"type-product","3":"status-publish","4":"has-post-thumbnail","6":"product_cat-decoration","7":"product_cat-rainforest","9":"first","10":"instock","11":"taxable","12":"shipping-taxable","13":"purchasable","14":"product-type-simple"},"acf":[],"aioseo_notices":[],"jetpack_sharing_enabled":true,"_links":{"self":[{"href":"https:\/\/antcube.shop\/tr\/wp-json\/wp\/v2\/product\/9210","targetHints":{"allow":["GET"]}}],"collection":[{"href":"https:\/\/antcube.shop\/tr\/wp-json\/wp\/v2\/product"}],"about":[{"href":"https:\/\/antcube.shop\/tr\/wp-json\/wp\/v2\/types\/product"}],"replies":[{"embeddable":true,"href":"https:\/\/antcube.shop\/tr\/wp-json\/wp\/v2\/comments?post=9210"}],"wp:featuredmedia":[{"embeddable":true,"href":"https:\/\/antcube.shop\/tr\/wp-json\/wp\/v2\/media\/9653"}],"wp:attachment":[{"href":"https:\/\/antcube.shop\/tr\/wp-json\/wp\/v2\/media?parent=9210"}],"wp:term":[{"taxonomy":"product_brand","embeddable":true,"href":"https:\/\/antcube.shop\/tr\/wp-json\/wp\/v2\/product_brand?post=9210"},{"taxonomy":"product_cat","embeddable":true,"href":"https:\/\/antcube.shop\/tr\/wp-json\/wp\/v2\/product_cat?post=9210"},{"taxonomy":"product_tag","embeddable":true,"href":"https:\/\/antcube.shop\/tr\/wp-json\/wp\/v2\/product_tag?post=9210"}],"curies":[{"name":"wp","href":"https:\/\/api.w.org\/{rel}","templated":true}]}}