{"id":9208,"date":"2024-09-17T14:19:38","date_gmt":"2024-09-17T12:19:38","guid":{"rendered":"https:\/\/antcube.shop\/en\/product\/kleines-fettblatt\/"},"modified":"2026-04-13T09:34:47","modified_gmt":"2026-04-13T07:34:47","slug":"kleines-fettblatt","status":"publish","type":"product","link":"https:\/\/antcube.shop\/tr\/urun\/kleines-fettblatt\/","title":{"rendered":"K\u00fc\u00e7\u00fck d\u00fc\u011f\u00fcn \u00e7i\u00e7e\u011fi"},"content":{"rendered":"<p><strong>Boyutlar:<\/strong> yakla\u015f\u0131k 70 x 40 x 100 mm<\/p>\n<p><strong>Malzeme:<\/strong> polimer beton, kil, plastik<\/p>\n<p><strong>Renk:<\/strong><br \/>\nTaban: ye\u015fil, a\u00e7\u0131k gri-koyu gri<br \/>\nBitki: koyu ye\u015fil<\/p>\n<p><strong>\u0130\u00e7erik:<\/strong> 1 adet.<\/p>\n<p><strong>A\u00e7\u0131klama:<\/strong> K\u00fc\u00e7\u00fck butterwort sa\u011flam plastikten yap\u0131lm\u0131\u015ft\u0131r ve ta\u015f g\u00f6r\u00fcn\u00fcml\u00fc sentetik re\u00e7ine tabana sahiptir. Bu sayede son derece dayan\u0131kl\u0131d\u0131r ve kar\u0131ncalar taraf\u0131ndan zarar g\u00f6rmez. Bununla birlikte, \u00e7ok do\u011fal ve \u00e7ekici g\u00f6r\u00fcn\u00fcr ve bir formikaryuma kolayca entegre edilebilir.<\/p>\n<p><strong>Not:<\/strong> L\u00fctfen kullanmadan \u00f6nce akan su alt\u0131nda temizleyin!<\/p>","protected":false},"excerpt":{"rendered":"<p>Boyutlar: yakla\u015f\u0131k 7 x 4 x 10 cm<\/p>","protected":false},"featured_media":9360,"comment_status":"open","ping_status":"closed","template":"","meta":{"_acf_changed":false,"content-type":"","_monsterinsights_skip_tracking":false,"_monsterinsights_sitenote_active":false,"_monsterinsights_sitenote_note":"","_monsterinsights_sitenote_category":0},"product_brand":[],"product_cat":[98,102,100],"product_tag":[],"class_list":{"0":"post-9208","1":"product","2":"type-product","3":"status-publish","4":"has-post-thumbnail","6":"product_cat-decoration","7":"product_cat-meadow","8":"product_cat-rainforest","10":"first","11":"outofstock","12":"taxable","13":"shipping-taxable","14":"purchasable","15":"product-type-simple"},"acf":[],"aioseo_notices":[],"jetpack_sharing_enabled":true,"_links":{"self":[{"href":"https:\/\/antcube.shop\/tr\/wp-json\/wp\/v2\/product\/9208","targetHints":{"allow":["GET"]}}],"collection":[{"href":"https:\/\/antcube.shop\/tr\/wp-json\/wp\/v2\/product"}],"about":[{"href":"https:\/\/antcube.shop\/tr\/wp-json\/wp\/v2\/types\/product"}],"replies":[{"embeddable":true,"href":"https:\/\/antcube.shop\/tr\/wp-json\/wp\/v2\/comments?post=9208"}],"wp:featuredmedia":[{"embeddable":true,"href":"https:\/\/antcube.shop\/tr\/wp-json\/wp\/v2\/media\/9360"}],"wp:attachment":[{"href":"https:\/\/antcube.shop\/tr\/wp-json\/wp\/v2\/media?parent=9208"}],"wp:term":[{"taxonomy":"product_brand","embeddable":true,"href":"https:\/\/antcube.shop\/tr\/wp-json\/wp\/v2\/product_brand?post=9208"},{"taxonomy":"product_cat","embeddable":true,"href":"https:\/\/antcube.shop\/tr\/wp-json\/wp\/v2\/product_cat?post=9208"},{"taxonomy":"product_tag","embeddable":true,"href":"https:\/\/antcube.shop\/tr\/wp-json\/wp\/v2\/product_tag?post=9208"}],"curies":[{"name":"wp","href":"https:\/\/api.w.org\/{rel}","templated":true}]}}