{"id":9032,"date":"2024-08-27T16:22:51","date_gmt":"2024-08-27T14:22:51","guid":{"rendered":"https:\/\/antcube.shop\/product\/antcube-digfix-terra-nidum-platte-60x30-l-beige\/"},"modified":"2026-04-06T17:28:14","modified_gmt":"2026-04-06T15:28:14","slug":"antcube-digfix-terra-nidum-platte-60x30-l-bej","status":"publish","type":"product","link":"https:\/\/antcube.shop\/tr\/urun\/antcube-digfix-terra-nidum-platte-60x30-l-bej\/","title":{"rendered":"ANTCUBE - Digfix Terra nidum plaka 60\u00d730 - L - bej"},"content":{"rendered":"<p><strong>Boyutlar:<\/strong> 583x237x19 mm<\/p>\n<p><strong>Malzeme:<\/strong> Kaz\u0131labilir re\u00e7ine bazl\u0131 malzeme<\/p>\n<p><strong>A\u00e7\u0131klama:<\/strong> Kaz\u0131labilir malzemeden yap\u0131lm\u0131\u015f Terra nidum (Latince toprak yuva) plakas\u0131, ANTCUBE kar\u0131nca \u00e7iftliklerimiz i\u00e7in m\u00fckemmel bir uyum sa\u011flar. Hem kuru hem de \u0131slak olarak kullan\u0131labilir. \u00d6zellikle kum ve (\u00f6l\u00fc) ah\u015fapta yuva yapan t\u00fcrler olmak \u00fczere bir\u00e7ok kar\u0131nca t\u00fcr\u00fc i\u00e7in de uygundur. Kum\/kil kar\u0131\u015f\u0131mlar\u0131 veya mantar yuva ekleri yerine kullan\u0131labilir. Bu yuvan\u0131n avantaj\u0131, a\u00e7\u0131k\u00e7a g\u00f6r\u00fclebilen bir renk de\u011fi\u015fikli\u011fi nedeniyle plakan\u0131n nemlenmesinin daha kolay kontrol edilebilmesi ve plakan\u0131n renginin genellikle daha koyu olan kar\u0131nca t\u00fcrlerine s\u00fcper bir kontrast sunmas\u0131d\u0131r. Buna ek olarak, kar\u0131nca \u00e7iftli\u011finin i\u00e7 b\u00f6lmeleri, \u00f6rne\u011fin kum\/kil kar\u0131\u015f\u0131mlar\u0131nda oldu\u011fu gibi alt tabaka ile kirlenmez, bu da yuvan\u0131n m\u00fckemmel bir \u015fekilde g\u00f6r\u00fclmesini sa\u011flar. Yuva malzememiz ayr\u0131ca \u00e7ok daha sa\u011flam bir yap\u0131ya sahiptir, b\u00f6ylece kar\u0131ncalar taraf\u0131ndan kaz\u0131lan t\u00fcneller ve odalar \u00e7\u00f6kmez.<\/p>\n<p><strong>Not:<\/strong> Do\u011fal renk bej \/ kum ve a\u00e7\u0131k kahverengi aras\u0131nda de\u011fi\u015febilir. Renk tonunun kalite \u00fczerinde hi\u00e7bir etkisi yoktur.<br \/>\nBoyutlar \u00fcretim s\u00fcrecine ba\u011fl\u0131 olarak +\/- 1 mm de\u011fi\u015febilir<\/p>","protected":false},"excerpt":{"rendered":"<p>Boyut: <span style=\"color: #0000ff;\"><strong>L<\/strong><\/span><\/p>","protected":false},"featured_media":9039,"comment_status":"open","ping_status":"closed","template":"","meta":{"_acf_changed":false,"content-type":"","_monsterinsights_skip_tracking":false,"_monsterinsights_sitenote_active":false,"_monsterinsights_sitenote_note":"","_monsterinsights_sitenote_category":0},"product_brand":[],"product_cat":[257,87,88],"product_tag":[],"class_list":{"0":"post-9032","1":"product","2":"type-product","3":"status-publish","4":"has-post-thumbnail","6":"product_cat-new-innovatve-products","7":"product_cat-nest-insets","8":"product_cat-digfix","10":"first","11":"instock","12":"taxable","13":"shipping-taxable","14":"purchasable","15":"product-type-simple"},"acf":[],"aioseo_notices":[],"jetpack_sharing_enabled":true,"_links":{"self":[{"href":"https:\/\/antcube.shop\/tr\/wp-json\/wp\/v2\/product\/9032","targetHints":{"allow":["GET"]}}],"collection":[{"href":"https:\/\/antcube.shop\/tr\/wp-json\/wp\/v2\/product"}],"about":[{"href":"https:\/\/antcube.shop\/tr\/wp-json\/wp\/v2\/types\/product"}],"replies":[{"embeddable":true,"href":"https:\/\/antcube.shop\/tr\/wp-json\/wp\/v2\/comments?post=9032"}],"wp:featuredmedia":[{"embeddable":true,"href":"https:\/\/antcube.shop\/tr\/wp-json\/wp\/v2\/media\/9039"}],"wp:attachment":[{"href":"https:\/\/antcube.shop\/tr\/wp-json\/wp\/v2\/media?parent=9032"}],"wp:term":[{"taxonomy":"product_brand","embeddable":true,"href":"https:\/\/antcube.shop\/tr\/wp-json\/wp\/v2\/product_brand?post=9032"},{"taxonomy":"product_cat","embeddable":true,"href":"https:\/\/antcube.shop\/tr\/wp-json\/wp\/v2\/product_cat?post=9032"},{"taxonomy":"product_tag","embeddable":true,"href":"https:\/\/antcube.shop\/tr\/wp-json\/wp\/v2\/product_tag?post=9032"}],"curies":[{"name":"wp","href":"https:\/\/api.w.org\/{rel}","templated":true}]}}