{"id":8974,"date":"2024-08-19T20:51:45","date_gmt":"2024-08-19T18:51:45","guid":{"rendered":"https:\/\/antcube.shop\/product\/abstandshalter-fur-32mm-rohr\/"},"modified":"2026-01-12T12:38:28","modified_gmt":"2026-01-12T11:38:28","slug":"32mm-tup-icin-ara-parca","status":"publish","type":"product","link":"https:\/\/antcube.shop\/tr\/urun\/32mm-tup-icin-ara-parca\/","title":{"rendered":"32 mm t\u00fcp i\u00e7in ara par\u00e7a"},"content":{"rendered":"<p><strong>\u00dcr\u00fcn boyutlar\u0131:<\/strong> 49x14x8mm (ara par\u00e7a)<\/p>\n<p><strong>Malzeme:<\/strong> akrilik cam, yay \u00e7eli\u011fi<\/p>\n<p><strong>Renk:<\/strong> beyaz, \u00e7elik grisi<\/p>\n<p><strong>\u0130\u00e7erik:<\/strong><br \/>\n1x ara par\u00e7a<br \/>\n1x kelep\u00e7e tutucu - 32 mm i\u00e7in yay \u00e7eli\u011fi<br \/>\nDuvara montaj i\u00e7in 2x vida ve d\u00fcbel<br \/>\nKelep\u00e7e tutucuyu ara par\u00e7aya sabitlemek i\u00e7in 1x k\u00fc\u00e7\u00fck vida<\/p>\n<p><strong>A\u00e7\u0131klama:<\/strong><br \/>\nAkrilik t\u00fcpleri duvara sabitlemek i\u00e7in ara par\u00e7alar. Bunlar, duvar arenalar\u0131m\u0131z\u0131 ve duvar \u00e7iftliklerimizi akrilik t\u00fcpler arac\u0131l\u0131\u011f\u0131yla birbirlerine veya di\u011fer elemanlara ba\u011flamak i\u00e7in geli\u015ftirilmi\u015ftir. Bu, duvar ve akrilik t\u00fcpler aras\u0131ndaki bo\u015flu\u011fu kapat\u0131r ve akrilik t\u00fcplerin kelep\u00e7e tutucularla g\u00fcvenli, sa\u011flam ve g\u00f6rsel olarak \u00e7ekici bir \u015fekilde ba\u011flanmas\u0131n\u0131 sa\u011flar.<\/p>\n<p><strong>Not:<\/strong><br \/>\nAyr\u0131 par\u00e7alar halinde tedarik edilir ve y\u0131ld\u0131z tornavida kullan\u0131larak tak\u0131lmal\u0131d\u0131r<br \/>\nAra par\u00e7an\u0131n her iki taraf\u0131nda ince koruyucu filmler vard\u0131r. Bunlar\u0131 soyman\u0131z yeterlidir.<\/p>\n<p><strong>Sabitleme:<\/strong><br \/>\n2 adet \"S6\" d\u00fcbeli duvara sabitlemek i\u00e7in 6 mm matkap ucuna sahip bir matkaba ihtiyac\u0131n\u0131z vard\u0131r (malzemeye ba\u011fl\u0131 olarak ah\u015fap, ta\u015f veya metal).<br \/>\n6x30mm d\u00fcbelleri 4,5x40mm vidalarla hav\u015fa a\u00e7mak i\u00e7in duvarda 40mm derinli\u011finde delikler a\u00e7\u0131lmal\u0131d\u0131r.<br \/>\n<strong>Montaj i\u00e7in gereklidir:<\/strong><br \/>\n- Su terazisi<br \/>\n- A\u015fa\u011f\u0131daki duvar\u0131 i\u015faretlemenize gerek kalmamas\u0131 i\u00e7in yap\u0131\u015fkan bant.<br \/>\n- Y\u0131ld\u0131z tornavida<br \/>\n- Duvara ba\u011fl\u0131 olarak matkap\/s\u00fcr\u00fcc\u00fc<br \/>\n- 6mm matkap ucu (y\u00fczeye ba\u011fl\u0131 olarak ah\u015fap, ta\u015f veya metal)<\/p>","protected":false},"excerpt":{"rendered":"<p>\u00dcr\u00fcn boyutlar\u0131: 49x19x8mm (ara par\u00e7a) Malzeme: akrilik cam, yay \u00e7eli\u011fi Renk: beyaz, \u00e7elik grisi \u0130\u00e7erik: 1x ara par\u00e7a 1x kelep\u00e7e tutucu - 50mm i\u00e7in yay \u00e7eli\u011fi 2x duvara montaj i\u00e7in vida ve d\u00fcbel 2x kelep\u00e7e tutucuyu ara par\u00e7aya sabitlemek i\u00e7in k\u00fc\u00e7\u00fck vida A\u00e7\u0131klama: Akrilik t\u00fcpleri duvara sabitlemek i\u00e7in ara par\u00e7alar. Bunlar a\u015fa\u011f\u0131dakiler i\u00e7in geli\u015ftirilmi\u015ftir","protected":false},"featured_media":8991,"comment_status":"open","ping_status":"closed","template":"","meta":{"_acf_changed":false,"content-type":"","_monsterinsights_skip_tracking":false,"_monsterinsights_sitenote_active":false,"_monsterinsights_sitenote_note":"","_monsterinsights_sitenote_category":0},"product_brand":[],"product_cat":[345,119,120],"product_tag":[],"class_list":{"0":"post-8974","1":"product","2":"type-product","3":"status-publish","4":"has-post-thumbnail","6":"product_cat-pipe-connectors","7":"product_cat-formicarium-components","8":"product_cat-hoses","10":"first","11":"instock","12":"taxable","13":"shipping-taxable","14":"purchasable","15":"product-type-simple"},"acf":[],"aioseo_notices":[],"jetpack_sharing_enabled":true,"_links":{"self":[{"href":"https:\/\/antcube.shop\/tr\/wp-json\/wp\/v2\/product\/8974","targetHints":{"allow":["GET"]}}],"collection":[{"href":"https:\/\/antcube.shop\/tr\/wp-json\/wp\/v2\/product"}],"about":[{"href":"https:\/\/antcube.shop\/tr\/wp-json\/wp\/v2\/types\/product"}],"replies":[{"embeddable":true,"href":"https:\/\/antcube.shop\/tr\/wp-json\/wp\/v2\/comments?post=8974"}],"wp:featuredmedia":[{"embeddable":true,"href":"https:\/\/antcube.shop\/tr\/wp-json\/wp\/v2\/media\/8991"}],"wp:attachment":[{"href":"https:\/\/antcube.shop\/tr\/wp-json\/wp\/v2\/media?parent=8974"}],"wp:term":[{"taxonomy":"product_brand","embeddable":true,"href":"https:\/\/antcube.shop\/tr\/wp-json\/wp\/v2\/product_brand?post=8974"},{"taxonomy":"product_cat","embeddable":true,"href":"https:\/\/antcube.shop\/tr\/wp-json\/wp\/v2\/product_cat?post=8974"},{"taxonomy":"product_tag","embeddable":true,"href":"https:\/\/antcube.shop\/tr\/wp-json\/wp\/v2\/product_tag?post=8974"}],"curies":[{"name":"wp","href":"https:\/\/api.w.org\/{rel}","templated":true}]}}