{"id":8970,"date":"2024-08-19T20:48:32","date_gmt":"2024-08-19T18:48:32","guid":{"rendered":"https:\/\/antcube.shop\/product\/wand-formicarien-set\/"},"modified":"2026-03-04T17:24:31","modified_gmt":"2026-03-04T16:24:31","slug":"duvara-monte-formicarium-seti","status":"publish","type":"product","link":"https:\/\/antcube.shop\/tr\/urun\/duvara-monte-formicarium-seti\/","title":{"rendered":"Duvara monte formikaryum seti"},"content":{"rendered":"<p><strong>\u0130\u00e7erir:<\/strong><br \/>\n1x Duvara monte kar\u0131nca arenas\u0131 - 30x15x15<br \/>\n1x duvara monte kar\u0131nca \u00e7iftli\u011fi - L - 30\u00d730 - cam<br \/>\n1x kar\u0131nca arenas\u0131 \u00e7er\u00e7evesi 30\u00d715<br \/>\n1x kar\u0131nca arenas\u0131 \u00f6rt\u00fcs\u00fc 30\u00d715<\/p>\n<p>20 mm i\u00e7in 3x boru ba\u011flant\u0131 par\u00e7as\u0131 kristal berrakl\u0131\u011f\u0131nda - L<br \/>\n20mm i\u00e7in 1x boru ba\u011flant\u0131 par\u00e7as\u0131 kristal berrakl\u0131\u011f\u0131nda - I<br \/>\n1x lavabo konekt\u00f6r\u00fc 3\/4\u2033 ila 20mm - kristal berrakl\u0131\u011f\u0131nda<br \/>\n1x kar\u0131nca t\u00fcp\u00fc - kristal berrakl\u0131\u011f\u0131nda 20mm (3x3cm ve 1x30cm)<br \/>\n20 mm kelep\u00e7e tutuculu 1x ara par\u00e7a<br \/>\n1x Izgara kapa\u011f\u0131 - 16mm - paslanmaz \u00e7elik<br \/>\n2x Grid insert acrylic &#8211; 50 mm with sealing ring<br \/>\n1x Grid insert acrylic &#8211; 27 mm with sealing ring<br \/>\n1x formikaryum somunu 3\/4 in\u00e7 - kristal berrakl\u0131\u011f\u0131nda<br \/>\nKoruma olarak matkap delikleri i\u00e7in 8x kau\u00e7uk u\u00e7<br \/>\n8x pullar<br \/>\n8x vida ve d\u00fcbel dahil<\/p>\n<p><strong>A\u00e7\u0131klama:<\/strong><br \/>\nBu duvara monte formikaryum seti duvara montaj i\u00e7in geli\u015ftirilmi\u015ftir ve ah\u015fap ve ta\u015f duvarlara kolayca monte edilebilir. Hem arena hem de kar\u0131nca \u00e7iftli\u011fi tamamen \u015feffaft\u0131r ve yuvan\u0131n iyi bir \u015fekilde g\u00f6r\u00fclmesini sa\u011flar. Kar\u0131ncalar i\u00e7in yuva malzemesi olarak kum ve kil ya da uygun mantar veya Digfix yuva eklerimizden biri kullan\u0131labilir. Kar\u0131nca \u00e7iftli\u011fini ve arenay\u0131 birbirine ba\u011flamak i\u00e7in sete boyutlar\u0131na g\u00f6re kesilmi\u015f akrilik borular ekledik. Duvara tutturmak i\u00e7in gerekli vida ve tapalar da sete dahildir.<\/p>\n<p><strong>Kurulum talimatlar\u0131:<\/strong><\/p>\n<p><strong>Arka duvar olarak cam panel nedeniyle, alttaki duvar tamamen d\u00fcz olmal\u0131d\u0131r.<\/strong><br \/>\n8 adet \"S6\" d\u00fcbeli duvara sabitlemek i\u00e7in 6mm matkap ucuna sahip bir matkaba ihtiyac\u0131n\u0131z vard\u0131r (malzemeye ba\u011fl\u0131 olarak ah\u015fap, ta\u015f veya metal). 6x30mm d\u00fcbelleri 4,5x40mm vidalarla hav\u015fa a\u00e7mak i\u00e7in duvarda 45mm derinli\u011finde delikler a\u00e7\u0131lmal\u0131d\u0131r.<br \/>\n<strong>Montaj i\u00e7in gereklidir:<\/strong><br \/>\n- su terazisi<br \/>\n- Alttaki duvar\u0131 i\u015faretlemek zorunda kalmamak i\u00e7in yap\u0131\u015fkan bant.<br \/>\n- Y\u0131ld\u0131z tornavida<br \/>\n- Duvara ba\u011fl\u0131 olarak matkap\/s\u00fcr\u00fcc\u00fc<br \/>\n- 6mm matkap ucu (y\u00fczeye ba\u011fl\u0131 olarak ah\u015fap, ta\u015f veya metal)<br \/>\n- Matkap delikleri i\u00e7in bir ka\u011f\u0131ttan bir \u015fablon yapmak da yararl\u0131d\u0131r. Bunu arka duvar\u0131n alt\u0131na yerle\u015ftirin ve delikleri i\u015faretleyin.<\/p>\n<p><strong>Kar\u0131nca \u00e7iftli\u011finin detaylar\u0131:<\/strong><br \/>\nBoyutlar (LxH):<br \/>\nArka duvar (6mm kal\u0131nl\u0131\u011f\u0131nda): 400x293mm<\/p>\n<p>D\u0131\u015f (arka panel olmadan)<br \/>\n334x28x296mm<\/p>\n<p>\u0130\u00e7eride<br \/>\n284x20x290 mm<\/p>\n<p><strong>Malzeme:<\/strong><br \/>\nD\u00fcz cam<\/p>\n<p><strong>Renkli:<\/strong><br \/>\nkristal berrakl\u0131\u011f\u0131nda<\/p>\n<p><strong>Kar\u0131nca arenas\u0131n\u0131n detaylar\u0131:<\/strong><br \/>\nBoyutlar (LxWxH):<br \/>\nArka duvar (6mm): 400x150mm<\/p>\n<p>Arena (arka duvar olmadan): 300x146x150mm<\/p>\n<p><strong>malzeme:<\/strong><br \/>\nD\u00fcz cam<\/p>\n<p><strong>Renk:<\/strong><br \/>\nkristal berrakl\u0131\u011f\u0131nda<\/p>\n<p><strong>Boyutlar (LxWxH):<\/strong><br \/>\nArka duvar (6mm): 400x150mm<\/p>\n<p>Arena (arka panel olmadan): 300x146x150mm<\/p>\n<p><strong>malzeme:<\/strong><br \/>\nD\u00fcz cam<\/p>\n<p><strong>Renk:<\/strong><br \/>\nkristal berrakl\u0131\u011f\u0131nda<\/p>\n<p><strong>\u00dcretim hakk\u0131nda notlar<\/strong><br \/>\nCam, DIN 1249'a uygun olarak +\/- 1 mm toleransla kesilir. Son derece k\u00fc\u00e7\u00fck kar\u0131nca t\u00fcrleri i\u00e7in ek kopma korumas\u0131 gereklidir.<br \/>\n\u00dcr\u00fcnlerimiz elle \u00fcretildi\u011finden, azami \u00f6zene ra\u011fmen minimum sapmalar meydana gelebilir.<\/p>\n<p><strong>\u00c7iftlik hakk\u0131nda not<\/strong><br \/>\n<strong>Hortumlar\u0131 takarken veya \u00e7\u0131kar\u0131rken l\u00fctfen a\u015fa\u011f\u0131dakilere dikkat edin:<\/strong><br \/>\nHortumun ba\u011flant\u0131 soketine oturtulmas\u0131 \u00e7ok zorsa, soket bir damla patlak koruma ya\u011f\u0131 veya tozuyla hafif\u00e7e ovulmal\u0131d\u0131r. Daha sonra hortum, yukar\u0131 ve a\u015fa\u011f\u0131 hareketlerle soketi zorlamadan b\u00fckme veya vidalama hareketleri kullan\u0131larak sokete itilmelidir. Ayn\u0131 durum hortumlar\u0131 \u00e7iftlik ba\u011flant\u0131 soketinden \u00e7\u0131kar\u0131rken de ge\u00e7erlidir. L\u00fctfen basit\u00e7e \u00e7ekip \u00e7\u0131karmay\u0131n!<\/p>","protected":false},"excerpt":{"rendered":"<p>Bu set 21 par\u00e7adan olu\u015fmaktad\u0131r<\/p>\n<p>Boyut: <span style=\"color: #0000ff;\"><strong>L<\/strong> <\/span><\/p>","protected":false},"featured_media":8995,"comment_status":"open","ping_status":"closed","template":"","meta":{"_acf_changed":false,"content-type":"","_monsterinsights_skip_tracking":false,"_monsterinsights_sitenote_active":false,"_monsterinsights_sitenote_note":"","_monsterinsights_sitenote_category":0},"product_brand":[],"product_cat":[257,73,86],"product_tag":[],"class_list":{"0":"post-8970","1":"product","2":"type-product","3":"status-publish","4":"has-post-thumbnail","6":"product_cat-new-innovatve-products","7":"product_cat-starter-sets","8":"product_cat-formicariums","10":"first","11":"instock","12":"taxable","13":"shipping-taxable","14":"purchasable","15":"product-type-simple"},"acf":[],"aioseo_notices":[],"jetpack_sharing_enabled":true,"_links":{"self":[{"href":"https:\/\/antcube.shop\/tr\/wp-json\/wp\/v2\/product\/8970","targetHints":{"allow":["GET"]}}],"collection":[{"href":"https:\/\/antcube.shop\/tr\/wp-json\/wp\/v2\/product"}],"about":[{"href":"https:\/\/antcube.shop\/tr\/wp-json\/wp\/v2\/types\/product"}],"replies":[{"embeddable":true,"href":"https:\/\/antcube.shop\/tr\/wp-json\/wp\/v2\/comments?post=8970"}],"wp:featuredmedia":[{"embeddable":true,"href":"https:\/\/antcube.shop\/tr\/wp-json\/wp\/v2\/media\/8995"}],"wp:attachment":[{"href":"https:\/\/antcube.shop\/tr\/wp-json\/wp\/v2\/media?parent=8970"}],"wp:term":[{"taxonomy":"product_brand","embeddable":true,"href":"https:\/\/antcube.shop\/tr\/wp-json\/wp\/v2\/product_brand?post=8970"},{"taxonomy":"product_cat","embeddable":true,"href":"https:\/\/antcube.shop\/tr\/wp-json\/wp\/v2\/product_cat?post=8970"},{"taxonomy":"product_tag","embeddable":true,"href":"https:\/\/antcube.shop\/tr\/wp-json\/wp\/v2\/product_tag?post=8970"}],"curies":[{"name":"wp","href":"https:\/\/api.w.org\/{rel}","templated":true}]}}